{"id":14326,"date":"2025-09-15T16:58:21","date_gmt":"2025-09-15T14:58:21","guid":{"rendered":"https:\/\/boreait.com\/fr\/?post_type=product&#038;p=14326"},"modified":"2025-09-15T16:59:50","modified_gmt":"2025-09-15T14:59:50","slug":"ecran-lcd-mat-de-remplacement-pour-ordinateur-portable-fujitsu-lifebook-s936-b156xtn032","status":"publish","type":"product","link":"https:\/\/boreait.com\/fr\/produit\/ecran-lcd-mat-de-remplacement-pour-ordinateur-portable-fujitsu-lifebook-s936-b156xtn032\/","title":{"rendered":"\u00c9cran LCD mat de remplacement pour ordinateur portable Fujitsu LifeBook S936 (B156XTN032)"},"content":{"rendered":"<p>POINT NOIR<\/p>\n<p>Am\u00e9liorez les performances visuelles de votre ordinateur portable Fujitsu LifeBook S936 gr\u00e2ce \u00e0 l&rsquo;\u00e9cran LCD mat de remplacement d&rsquo;origine Fujitsu LifeBook S936. Fabriqu\u00e9 selon les normes de qualit\u00e9 et de pr\u00e9cision les plus strictes, cet \u00e9cran de remplacement d&rsquo;origine s&rsquo;int\u00e8gre parfaitement \u00e0 votre appareil, offrant un ajustement parfait et des fonctionnalit\u00e9s optimales.<\/p>\n<p>&#8211; **R\u00e9solution HD**\u00a0: Profitez d&rsquo;une clart\u00e9 exceptionnelle avec une r\u00e9solution de 1366 x 768, garantissant une nettet\u00e9 optimale des d\u00e9tails.<\/p>\n<p>&#8211; **Connecteur EDP 40 broches**\u00a0: Compatibilit\u00e9 parfaite avec votre ordinateur portable HP 11 G8 EE Chromebook.<\/p>\n<p>Avec sa finition mate, cet \u00e9cran LCD de remplacement offre des couleurs \u00e9clatantes et des d\u00e9tails nets, pour une exp\u00e9rience visuelle immersive, que ce soit pour le travail ou les loisirs. Que vous remplaciez un \u00e9cran endommag\u00e9 ou que vous optiez pour une r\u00e9solution sup\u00e9rieure, cet \u00e9cran d&rsquo;origine r\u00e9pondra \u00e0 tous vos besoins. <\/p>\n<p>Facile \u00e0 installer et con\u00e7u pour durer, cet \u00e9cran de remplacement Fujitsu d&rsquo;origine offre une solution simple pour la r\u00e9paration de votre ordinateur portable. Retrouvez la clart\u00e9 visuelle de votre Fujitsu LifeBook S936 et profitez \u00e0 nouveau d&rsquo;images nettes et pr\u00e9cises.<\/p>\n<p>D\u00e9couvrez la diff\u00e9rence des pi\u00e8ces d\u00e9tach\u00e9es Fujitsu d&rsquo;origine et assurez-vous que votre ordinateur portable continue de fonctionner au mieux gr\u00e2ce \u00e0 l&rsquo;\u00e9cran LCD mat de remplacement pour ordinateur portable Fujitsu LifeBook S936. Commandez le v\u00f4tre d\u00e8s aujourd&rsquo;hui et redonnez un coup de jeune \u00e0 l&rsquo;\u00e9cran de votre ordinateur portable en toute confiance.<\/p>\n","protected":false},"excerpt":{"rendered":"<p>Retrouvez la clart\u00e9 visuelle de votre ordinateur portable Fujitsu LifeBook S936 gr\u00e2ce \u00e0 cet \u00e9cran de remplacement d&rsquo;origine. Dot\u00e9 d&rsquo;une finition mate, cet \u00e9cran LCD de haute qualit\u00e9 garantit des couleurs \u00e9clatantes et des d\u00e9tails nets pour une exp\u00e9rience visuelle optimale.<\/p>\n","protected":false},"featured_media":14392,"template":"","meta":[],"product_brand":[],"product_cat":[58,57],"product_tag":[64],"class_list":{"0":"post-14326","1":"product","2":"type-product","3":"status-publish","4":"has-post-thumbnail","6":"product_cat-15-6","7":"product_cat-laptop-screens-lcd-panels","8":"product_tag-fujitsu","10":"first","11":"instock","12":"taxable","13":"shipping-taxable","14":"purchasable","15":"product-type-simple"},"_links":{"self":[{"href":"https:\/\/boreait.com\/fr\/wp-json\/wp\/v2\/product\/14326","targetHints":{"allow":["GET"]}}],"collection":[{"href":"https:\/\/boreait.com\/fr\/wp-json\/wp\/v2\/product"}],"about":[{"href":"https:\/\/boreait.com\/fr\/wp-json\/wp\/v2\/types\/product"}],"wp:featuredmedia":[{"embeddable":true,"href":"https:\/\/boreait.com\/fr\/wp-json\/wp\/v2\/media\/14392"}],"wp:attachment":[{"href":"https:\/\/boreait.com\/fr\/wp-json\/wp\/v2\/media?parent=14326"}],"wp:term":[{"taxonomy":"product_brand","embeddable":true,"href":"https:\/\/boreait.com\/fr\/wp-json\/wp\/v2\/product_brand?post=14326"},{"taxonomy":"product_cat","embeddable":true,"href":"https:\/\/boreait.com\/fr\/wp-json\/wp\/v2\/product_cat?post=14326"},{"taxonomy":"product_tag","embeddable":true,"href":"https:\/\/boreait.com\/fr\/wp-json\/wp\/v2\/product_tag?post=14326"}],"curies":[{"name":"wp","href":"https:\/\/api.w.org\/{rel}","templated":true}]}}