{"id":14325,"date":"2025-09-15T16:58:21","date_gmt":"2025-09-15T14:58:21","guid":{"rendered":"https:\/\/boreait.com\/fr\/?post_type=product&#038;p=14325"},"modified":"2025-09-15T16:59:45","modified_gmt":"2025-09-15T14:59:45","slug":"carte-module-tpm-dorigine-pour-ordinateur-portable-fujitsu-lifebook-s936-cp693570-z5","status":"publish","type":"product","link":"https:\/\/boreait.com\/fr\/produit\/carte-module-tpm-dorigine-pour-ordinateur-portable-fujitsu-lifebook-s936-cp693570-z5\/","title":{"rendered":"Carte module TPM d&rsquo;origine pour ordinateur portable Fujitsu LifeBook S936 CP693570-Z5"},"content":{"rendered":"<p>Am\u00e9liorez les fonctionnalit\u00e9s de s\u00e9curit\u00e9 de votre ordinateur portable Fujitsu LifeBook S936 avec la carte module TPM CP693570-Z5 d&rsquo;origine Fujitsu LifeBook S936. Con\u00e7ue pour offrir une protection avanc\u00e9e \u00e0 vos donn\u00e9es sensibles, cette carte module TPM authentique est la solution id\u00e9ale pour prot\u00e9ger vos informations contre les acc\u00e8s non autoris\u00e9s et les menaces de s\u00e9curit\u00e9.<\/p>\n<p>Con\u00e7ue avec pr\u00e9cision et compatibilit\u00e9, cette carte module TPM s&rsquo;int\u00e8gre parfaitement \u00e0 votre Fujitsu LifeBook S936, garantissant des performances et une fiabilit\u00e9 optimales. Gr\u00e2ce \u00e0 la qualit\u00e9 Fujitsu authentique, vous pouvez \u00eatre s\u00fbr que cette pi\u00e8ce de rechange r\u00e9pond aux normes de qualit\u00e9 et de compatibilit\u00e9 les plus strictes.<\/p>\n<p>Facile \u00e0 installer et con\u00e7ue pour durer, cette carte module TPM offre une solution simple pour am\u00e9liorer les fonctionnalit\u00e9s de s\u00e9curit\u00e9 de votre ordinateur portable. Que vous souhaitiez mettre \u00e0 niveau votre module TPM existant ou le remplacer, cette pi\u00e8ce Fujitsu d&rsquo;origine est le choix id\u00e9al.<br \/>\nProt\u00e9gez vos pr\u00e9cieuses donn\u00e9es et assurez votre tranquillit\u00e9 d&rsquo;esprit avec la carte module TPM CP693570-Z5 d&rsquo;origine pour ordinateur portable Fujitsu LifeBook S936. Commandez la v\u00f4tre d\u00e8s aujourd&rsquo;hui et am\u00e9liorez la s\u00e9curit\u00e9 de votre ordinateur portable.<\/p>\n","protected":false},"excerpt":{"rendered":"<p>Am\u00e9liorez la s\u00e9curit\u00e9 de votre ordinateur portable Fujitsu LifeBook S936 avec cette carte module TPM d&rsquo;origine. Con\u00e7ue pour une int\u00e9gration parfaite et une protection maximale, cette carte de remplacement d&rsquo;origine assure la s\u00e9curit\u00e9 de vos donn\u00e9es sensibles.<\/p>\n","protected":false},"featured_media":14390,"template":"","meta":[],"product_brand":[],"product_cat":[63],"product_tag":[64],"class_list":{"0":"post-14325","1":"product","2":"type-product","3":"status-publish","4":"has-post-thumbnail","6":"product_cat-motherboards-board-parts","7":"product_tag-fujitsu","9":"first","10":"instock","11":"taxable","12":"shipping-taxable","13":"purchasable","14":"product-type-simple"},"_links":{"self":[{"href":"https:\/\/boreait.com\/fr\/wp-json\/wp\/v2\/product\/14325","targetHints":{"allow":["GET"]}}],"collection":[{"href":"https:\/\/boreait.com\/fr\/wp-json\/wp\/v2\/product"}],"about":[{"href":"https:\/\/boreait.com\/fr\/wp-json\/wp\/v2\/types\/product"}],"wp:featuredmedia":[{"embeddable":true,"href":"https:\/\/boreait.com\/fr\/wp-json\/wp\/v2\/media\/14390"}],"wp:attachment":[{"href":"https:\/\/boreait.com\/fr\/wp-json\/wp\/v2\/media?parent=14325"}],"wp:term":[{"taxonomy":"product_brand","embeddable":true,"href":"https:\/\/boreait.com\/fr\/wp-json\/wp\/v2\/product_brand?post=14325"},{"taxonomy":"product_cat","embeddable":true,"href":"https:\/\/boreait.com\/fr\/wp-json\/wp\/v2\/product_cat?post=14325"},{"taxonomy":"product_tag","embeddable":true,"href":"https:\/\/boreait.com\/fr\/wp-json\/wp\/v2\/product_tag?post=14325"}],"curies":[{"name":"wp","href":"https:\/\/api.w.org\/{rel}","templated":true}]}}