{"id":14324,"date":"2025-09-15T16:58:21","date_gmt":"2025-09-15T14:58:21","guid":{"rendered":"https:\/\/boreait.com\/fr\/?post_type=product&#038;p=14324"},"modified":"2025-09-15T16:59:43","modified_gmt":"2025-09-15T14:59:43","slug":"carte-webcam-dorigine-fujitsu-lifebook-s936-cp699910-01-pour-ordinateur-portable","status":"publish","type":"product","link":"https:\/\/boreait.com\/fr\/produit\/carte-webcam-dorigine-fujitsu-lifebook-s936-cp699910-01-pour-ordinateur-portable\/","title":{"rendered":"Carte webcam d&rsquo;origine Fujitsu LIFEBOOK S936 CP699910-01 pour ordinateur portable"},"content":{"rendered":"<p>Am\u00e9liorez les fonctionnalit\u00e9s de votre ordinateur portable Fujitsu LIFEBOOK S936 avec la carte cam\u00e9ra webcam Fujitsu LIFEBOOK S936 CP699910-01 d&rsquo;origine. Con\u00e7ue avec pr\u00e9cision et fiabilit\u00e9, cette carte cam\u00e9ra de remplacement s&rsquo;int\u00e8gre parfaitement \u00e0 votre appareil et restaure les fonctionnalit\u00e9s d&rsquo;origine de la webcam.<\/p>\n<p>Offrant la qualit\u00e9 Fujitsu authentique, cette carte cam\u00e9ra est la solution id\u00e9ale pour r\u00e9soudre les probl\u00e8mes de webcam de votre ordinateur portable ou pour une mise \u00e0 niveau vers un composant de meilleure qualit\u00e9. Gr\u00e2ce \u00e0 son installation facile et \u00e0 sa construction robuste, cette pi\u00e8ce de rechange d&rsquo;origine offre une solution simple pour la r\u00e9paration de votre ordinateur portable.<\/p>\n<p>Redonnez \u00e0 votre Fujitsu LIFEBOOK S936 des performances et une fiabilit\u00e9 optimales avec la carte cam\u00e9ra webcam Fujitsu LIFEBOOK S936 CP699910-01 d&rsquo;origine. Faites confiance \u00e0 la qualit\u00e9 et \u00e0 la compatibilit\u00e9 des pi\u00e8ces Fujitsu d&rsquo;origine pour garantir que votre ordinateur portable continue de r\u00e9pondre \u00e0 vos besoins. Commandez la v\u00f4tre d\u00e8s aujourd&rsquo;hui et constatez la diff\u00e9rence\u00a0!<\/p>\n","protected":false},"excerpt":{"rendered":"<p>Restaurez la fonctionnalit\u00e9 webcam de votre Fujitsu LIFEBOOK S936 gr\u00e2ce \u00e0 cette carte cam\u00e9ra d&rsquo;origine. Con\u00e7ue pour une compatibilit\u00e9 optimale et une installation facile, cette pi\u00e8ce de rechange de haute qualit\u00e9 garantit des performances optimales, ce qui en fait la solution id\u00e9ale pour la r\u00e9paration de votre ordinateur portable.<\/p>\n","protected":false},"featured_media":14389,"template":"","meta":[],"product_brand":[],"product_cat":[59],"product_tag":[64],"class_list":{"0":"post-14324","1":"product","2":"type-product","3":"status-publish","4":"has-post-thumbnail","6":"product_cat-laptop-camera","7":"product_tag-fujitsu","9":"first","10":"instock","11":"taxable","12":"shipping-taxable","13":"purchasable","14":"product-type-simple"},"_links":{"self":[{"href":"https:\/\/boreait.com\/fr\/wp-json\/wp\/v2\/product\/14324","targetHints":{"allow":["GET"]}}],"collection":[{"href":"https:\/\/boreait.com\/fr\/wp-json\/wp\/v2\/product"}],"about":[{"href":"https:\/\/boreait.com\/fr\/wp-json\/wp\/v2\/types\/product"}],"wp:featuredmedia":[{"embeddable":true,"href":"https:\/\/boreait.com\/fr\/wp-json\/wp\/v2\/media\/14389"}],"wp:attachment":[{"href":"https:\/\/boreait.com\/fr\/wp-json\/wp\/v2\/media?parent=14324"}],"wp:term":[{"taxonomy":"product_brand","embeddable":true,"href":"https:\/\/boreait.com\/fr\/wp-json\/wp\/v2\/product_brand?post=14324"},{"taxonomy":"product_cat","embeddable":true,"href":"https:\/\/boreait.com\/fr\/wp-json\/wp\/v2\/product_cat?post=14324"},{"taxonomy":"product_tag","embeddable":true,"href":"https:\/\/boreait.com\/fr\/wp-json\/wp\/v2\/product_tag?post=14324"}],"curies":[{"name":"wp","href":"https:\/\/api.w.org\/{rel}","templated":true}]}}