{"id":14322,"date":"2025-09-15T16:58:21","date_gmt":"2025-09-15T14:58:21","guid":{"rendered":"https:\/\/boreait.com\/fr\/?post_type=product&#038;p=14322"},"modified":"2026-01-30T08:17:20","modified_gmt":"2026-01-30T07:17:20","slug":"prise-et-cable-dalimentation-cc-pour-ordinateur-portable-fujitsu-lifebook-s936-dorigine-occasion","status":"publish","type":"product","link":"https:\/\/boreait.com\/fr\/produit\/prise-et-cable-dalimentation-cc-pour-ordinateur-portable-fujitsu-lifebook-s936-dorigine-occasion\/","title":{"rendered":"Prise et c\u00e2ble d&rsquo;alimentation CC pour ordinateur portable Fujitsu LifeBook S936 d&rsquo;origine &#8211; Occasion"},"content":{"rendered":"<p>Revitalisez l&rsquo;alimentation de votre ordinateur portable Fujitsu LifeBook S936 avec la prise jack et le c\u00e2ble d&rsquo;alimentation CC d&rsquo;origine Fujitsu LifeBook S936. Cette pi\u00e8ce de rechange essentielle est con\u00e7ue pour r\u00e9tablir une connexion \u00e9lectrique fiable et garantir un fonctionnement optimal de votre appareil.<\/p>\n<p>Fabriqu\u00e9s avec la qualit\u00e9 Fujitsu authentique, cette prise jack et son c\u00e2ble d&rsquo;alimentation CC d&rsquo;occasion, mais enti\u00e8rement fonctionnels, constituent une solution \u00e9conomique pour la r\u00e9paration de votre ordinateur portable. Que vous rencontriez des probl\u00e8mes avec votre prise d&rsquo;alimentation actuelle ou que vous souhaitiez simplement la mettre \u00e0 niveau, cette pi\u00e8ce de rechange d&rsquo;origine offre une compatibilit\u00e9 et des performances fiables.<\/p>\n<p>Faciles \u00e0 installer et con\u00e7us pour durer, ces prises jack et c\u00e2bles d&rsquo;alimentation CC de remplacement assurent une alimentation constante \u00e0 votre ordinateur portable Fujitsu LifeBook S936. Gr\u00e2ce \u00e0 leurs performances fiables, votre ordinateur portable sera de nouveau op\u00e9rationnel en un rien de temps.<\/p>\n<p>D\u00e9couvrez la diff\u00e9rence que font les pi\u00e8ces Fujitsu d&rsquo;origine et assurez-vous que votre ordinateur portable continue de fonctionner au mieux gr\u00e2ce \u00e0 la prise jack et au c\u00e2ble d&rsquo;alimentation CC d&rsquo;origine Fujitsu LifeBook S936. Commandez le v\u00f4tre d\u00e8s aujourd&rsquo;hui et restaurez une alimentation fiable \u00e0 votre appareil en toute confiance.<\/p>\n","protected":false},"excerpt":{"rendered":"<p>Restaurez l&rsquo;alimentation de votre ordinateur portable Fujitsu LifeBook S936 gr\u00e2ce \u00e0 cette prise jack et son c\u00e2ble d&rsquo;alimentation CC d&rsquo;origine. Cette pi\u00e8ce d&rsquo;occasion, mais parfaitement fonctionnelle, garantit une connectivit\u00e9 et une alimentation fiables, offrant une solution \u00e9conomique pour la r\u00e9paration de votre ordinateur portable.<\/p>\n","protected":false},"featured_media":14387,"template":"","meta":[],"product_brand":[],"product_cat":[63],"product_tag":[64],"class_list":{"0":"post-14322","1":"product","2":"type-product","3":"status-publish","4":"has-post-thumbnail","6":"product_cat-motherboards-board-parts","7":"product_tag-fujitsu","9":"first","10":"instock","11":"taxable","12":"shipping-taxable","13":"purchasable","14":"product-type-simple"},"_links":{"self":[{"href":"https:\/\/boreait.com\/fr\/wp-json\/wp\/v2\/product\/14322","targetHints":{"allow":["GET"]}}],"collection":[{"href":"https:\/\/boreait.com\/fr\/wp-json\/wp\/v2\/product"}],"about":[{"href":"https:\/\/boreait.com\/fr\/wp-json\/wp\/v2\/types\/product"}],"wp:featuredmedia":[{"embeddable":true,"href":"https:\/\/boreait.com\/fr\/wp-json\/wp\/v2\/media\/14387"}],"wp:attachment":[{"href":"https:\/\/boreait.com\/fr\/wp-json\/wp\/v2\/media?parent=14322"}],"wp:term":[{"taxonomy":"product_brand","embeddable":true,"href":"https:\/\/boreait.com\/fr\/wp-json\/wp\/v2\/product_brand?post=14322"},{"taxonomy":"product_cat","embeddable":true,"href":"https:\/\/boreait.com\/fr\/wp-json\/wp\/v2\/product_cat?post=14322"},{"taxonomy":"product_tag","embeddable":true,"href":"https:\/\/boreait.com\/fr\/wp-json\/wp\/v2\/product_tag?post=14322"}],"curies":[{"name":"wp","href":"https:\/\/api.w.org\/{rel}","templated":true}]}}