{"id":14321,"date":"2025-09-15T16:58:21","date_gmt":"2025-09-15T14:58:21","guid":{"rendered":"https:\/\/boreait.com\/fr\/?post_type=product&#038;p=14321"},"modified":"2025-09-15T16:59:40","modified_gmt":"2025-09-15T14:59:40","slug":"cable-ruban-pour-camera-dordinateur-portable-fujitsu-lifebook-s936-cp69530-z1-dorigine-doccasion","status":"publish","type":"product","link":"https:\/\/boreait.com\/fr\/produit\/cable-ruban-pour-camera-dordinateur-portable-fujitsu-lifebook-s936-cp69530-z1-dorigine-doccasion\/","title":{"rendered":"C\u00e2ble ruban pour cam\u00e9ra d&rsquo;ordinateur portable Fujitsu LifeBook S936 CP69530-Z1 d&rsquo;origine d&rsquo;occasion"},"content":{"rendered":"<p>Redonnez vie \u00e0 votre ordinateur portable Fujitsu LifeBook S936 avec la nappe de c\u00e2ble de carte cam\u00e9ra CP69530-Z1 d&rsquo;origine Fujitsu LifeBook S936. Cette pi\u00e8ce d&rsquo;origine Fujitsu est la solution id\u00e9ale pour restaurer les fonctionnalit\u00e9s de la cam\u00e9ra de votre ordinateur portable \u00e0 leur \u00e9tat d&rsquo;origine.<\/p>\n<p>Malgr\u00e9 son utilisation, cette nappe de c\u00e2ble de carte cam\u00e9ra est en bon \u00e9tat et a \u00e9t\u00e9 minutieusement inspect\u00e9e pour garantir sa qualit\u00e9 et sa fiabilit\u00e9. Con\u00e7ue pour s&rsquo;int\u00e9grer parfaitement \u00e0 votre Fujitsu LifeBook S936, elle garantit une connectivit\u00e9 fluide et des performances constantes.<\/p>\n<p>Que vous remplaciez un c\u00e2ble d\u00e9fectueux ou que vous mettiez \u00e0 niveau votre ordinateur portable, cette pi\u00e8ce d&rsquo;origine Fujitsu offre la compatibilit\u00e9 et les fonctionnalit\u00e9s dont vous avez besoin. Facile \u00e0 installer et con\u00e7ue pour durer, elle offre une solution simple pour la r\u00e9paration de votre ordinateur portable.<\/p>\n<p>Ne faites aucun compromis sur la qualit\u00e9 pour la r\u00e9paration de votre Fujitsu LifeBook S936. Faites confiance au c\u00e2ble ruban CP69530-Z1 d&rsquo;origine pour carte cam\u00e9ra Fujitsu LifeBook S936 pour ordinateur portable et b\u00e9n\u00e9ficiez des performances et de la fiabilit\u00e9 que vous attendez. Commandez-le d\u00e8s aujourd&rsquo;hui et donnez un nouveau souffle \u00e0 votre ordinateur portable.<\/p>\n","protected":false},"excerpt":{"rendered":"<p>Restaurez les fonctionnalit\u00e9s de l&rsquo;appareil photo de votre ordinateur portable Fujitsu LifeBook S936 gr\u00e2ce \u00e0 cette nappe de c\u00e2ble de carte photo d&rsquo;origine. D&rsquo;occasion mais en bon \u00e9tat, cette pi\u00e8ce d&rsquo;origine Fujitsu garantit une connectivit\u00e9 optimale et des performances fiables.<\/p>\n","protected":false},"featured_media":14386,"template":"","meta":[],"product_brand":[],"product_cat":[56],"product_tag":[64],"class_list":{"0":"post-14321","1":"product","2":"type-product","3":"status-publish","4":"has-post-thumbnail","6":"product_cat-cables","7":"product_tag-fujitsu","9":"first","10":"instock","11":"taxable","12":"shipping-taxable","13":"purchasable","14":"product-type-simple"},"_links":{"self":[{"href":"https:\/\/boreait.com\/fr\/wp-json\/wp\/v2\/product\/14321","targetHints":{"allow":["GET"]}}],"collection":[{"href":"https:\/\/boreait.com\/fr\/wp-json\/wp\/v2\/product"}],"about":[{"href":"https:\/\/boreait.com\/fr\/wp-json\/wp\/v2\/types\/product"}],"wp:featuredmedia":[{"embeddable":true,"href":"https:\/\/boreait.com\/fr\/wp-json\/wp\/v2\/media\/14386"}],"wp:attachment":[{"href":"https:\/\/boreait.com\/fr\/wp-json\/wp\/v2\/media?parent=14321"}],"wp:term":[{"taxonomy":"product_brand","embeddable":true,"href":"https:\/\/boreait.com\/fr\/wp-json\/wp\/v2\/product_brand?post=14321"},{"taxonomy":"product_cat","embeddable":true,"href":"https:\/\/boreait.com\/fr\/wp-json\/wp\/v2\/product_cat?post=14321"},{"taxonomy":"product_tag","embeddable":true,"href":"https:\/\/boreait.com\/fr\/wp-json\/wp\/v2\/product_tag?post=14321"}],"curies":[{"name":"wp","href":"https:\/\/api.w.org\/{rel}","templated":true}]}}