{"id":14320,"date":"2025-09-15T16:58:20","date_gmt":"2025-09-15T14:58:20","guid":{"rendered":"https:\/\/boreait.com\/fr\/?post_type=product&#038;p=14320"},"modified":"2025-09-15T16:59:33","modified_gmt":"2025-09-15T14:59:33","slug":"carte-usb-dorigine-fujitsu-lifebook-s936-avec-cable-cp693550-z5-pour-ordinateur-portable","status":"publish","type":"product","link":"https:\/\/boreait.com\/fr\/produit\/carte-usb-dorigine-fujitsu-lifebook-s936-avec-cable-cp693550-z5-pour-ordinateur-portable\/","title":{"rendered":"Carte USB d&rsquo;origine Fujitsu LIFEBOOK S936 avec c\u00e2ble CP693550-Z5 pour ordinateur portable"},"content":{"rendered":"<p>Am\u00e9liorez les performances et la convivialit\u00e9 de votre Fujitsu LIFEBOOK S936 gr\u00e2ce \u00e0 la carte USB d&rsquo;origine Fujitsu LIFEBOOK S936 avec c\u00e2ble CP693550-Z5. Fabriqu\u00e9e avec pr\u00e9cision et con\u00e7ue pour une compatibilit\u00e9 optimale, cette carte USB de remplacement assure une connectivit\u00e9 fluide et des fonctionnalit\u00e9s optimales pour votre ordinateur portable.<\/p>\n<p>Offrant la qualit\u00e9 Fujitsu authentique, cette carte USB avec c\u00e2ble est la solution id\u00e9ale pour restaurer ou mettre \u00e0 niveau la connectivit\u00e9 USB de votre ordinateur portable. Que vous rencontriez des probl\u00e8mes avec votre carte actuelle ou que vous recherchiez simplement une am\u00e9lioration, cette pi\u00e8ce de rechange d&rsquo;origine est con\u00e7ue pour r\u00e9pondre aux normes de qualit\u00e9 et de compatibilit\u00e9 les plus strictes.<\/p>\n<p>Gr\u00e2ce \u00e0 sa conception facile \u00e0 installer et \u00e0 sa construction robuste, cette carte USB de remplacement offre une solution simple pour la r\u00e9paration de votre ordinateur portable. Restaurez le plein potentiel de votre Fujitsu LIFEBOOK S936 gr\u00e2ce \u00e0 cette pi\u00e8ce de rechange fiable et efficace. D\u00e9couvrez la diff\u00e9rence que peuvent faire les pi\u00e8ces d\u00e9tach\u00e9es Fujitsu d&rsquo;origine et assurez-vous que votre ordinateur portable continue de fonctionner au mieux de ses performances gr\u00e2ce \u00e0 la carte USB Fujitsu LIFEBOOK S936 d&rsquo;origine avec c\u00e2ble CP693550-Z5. Commandez la v\u00f4tre d\u00e8s aujourd&rsquo;hui et profitez d&rsquo;une connectivit\u00e9 USB fluide en toute confiance.<\/p>\n","protected":false},"excerpt":{"rendered":"<p>Redonnez vie \u00e0 votre Fujitsu LIFEBOOK S936 avec cette carte USB d&rsquo;origine avec c\u00e2ble. Restaurez la connectivit\u00e9 et les fonctionnalit\u00e9s de votre ordinateur portable gr\u00e2ce \u00e0 cette pi\u00e8ce de rechange de haute qualit\u00e9, con\u00e7ue pour une installation facile et des performances fiables.<\/p>\n","protected":false},"featured_media":14377,"template":"","meta":[],"product_brand":[],"product_cat":[63],"product_tag":[64],"class_list":{"0":"post-14320","1":"product","2":"type-product","3":"status-publish","4":"has-post-thumbnail","6":"product_cat-motherboards-board-parts","7":"product_tag-fujitsu","9":"first","10":"instock","11":"taxable","12":"shipping-taxable","13":"purchasable","14":"product-type-simple"},"_links":{"self":[{"href":"https:\/\/boreait.com\/fr\/wp-json\/wp\/v2\/product\/14320","targetHints":{"allow":["GET"]}}],"collection":[{"href":"https:\/\/boreait.com\/fr\/wp-json\/wp\/v2\/product"}],"about":[{"href":"https:\/\/boreait.com\/fr\/wp-json\/wp\/v2\/types\/product"}],"wp:featuredmedia":[{"embeddable":true,"href":"https:\/\/boreait.com\/fr\/wp-json\/wp\/v2\/media\/14377"}],"wp:attachment":[{"href":"https:\/\/boreait.com\/fr\/wp-json\/wp\/v2\/media?parent=14320"}],"wp:term":[{"taxonomy":"product_brand","embeddable":true,"href":"https:\/\/boreait.com\/fr\/wp-json\/wp\/v2\/product_brand?post=14320"},{"taxonomy":"product_cat","embeddable":true,"href":"https:\/\/boreait.com\/fr\/wp-json\/wp\/v2\/product_cat?post=14320"},{"taxonomy":"product_tag","embeddable":true,"href":"https:\/\/boreait.com\/fr\/wp-json\/wp\/v2\/product_tag?post=14320"}],"curies":[{"name":"wp","href":"https:\/\/api.w.org\/{rel}","templated":true}]}}