{"id":14319,"date":"2025-09-15T16:58:20","date_gmt":"2025-09-15T14:58:20","guid":{"rendered":"https:\/\/boreait.com\/fr\/?post_type=product&#038;p=14319"},"modified":"2026-01-30T08:17:04","modified_gmt":"2026-01-30T07:17:04","slug":"adaptateur-de-station-daccueil-dorigine-fujitsu-lifebook-s936-cp693580-z5-pour-ordinateur-portable","status":"publish","type":"product","link":"https:\/\/boreait.com\/fr\/produit\/adaptateur-de-station-daccueil-dorigine-fujitsu-lifebook-s936-cp693580-z5-pour-ordinateur-portable\/","title":{"rendered":"Adaptateur de station d&rsquo;accueil d&rsquo;origine Fujitsu Lifebook S936 CP693580-z5 pour ordinateur portable"},"content":{"rendered":"<p>Optimisez la polyvalence et la productivit\u00e9 de votre Fujitsu Lifebook S936 gr\u00e2ce \u00e0 l&rsquo;adaptateur de station d&rsquo;accueil Fujitsu Lifebook S936 CP693580-z5. Con\u00e7u pour s&rsquo;int\u00e9grer parfaitement \u00e0 votre appareil, cet adaptateur offre une solution pratique pour \u00e9tendre les capacit\u00e9s de votre ordinateur portable.<\/p>\n<p>Fabriqu\u00e9 avec pr\u00e9cision et con\u00e7u pour une fiabilit\u00e9 optimale, cet adaptateur Fujitsu garantit une connexion s\u00e9curis\u00e9e \u00e0 votre station d&rsquo;accueil, vous permettant de connecter facilement des p\u00e9riph\u00e9riques tels que des \u00e9crans, des claviers et des souris. Au bureau ou en d\u00e9placement, cet adaptateur vous offre la flexibilit\u00e9 n\u00e9cessaire pour rester productif.<\/p>\n<p>D\u00e9couvrez la commodit\u00e9 des pi\u00e8ces Fujitsu d&rsquo;origine et exploitez tout le potentiel de votre Lifebook S936 gr\u00e2ce \u00e0 l&rsquo;adaptateur de station d&rsquo;accueil Fujitsu Lifebook S936 CP693580-z5. Mettez \u00e0 niveau votre ordinateur portable d\u00e8s aujourd&rsquo;hui et profitez d&rsquo;une connectivit\u00e9 et de fonctionnalit\u00e9s am\u00e9lior\u00e9es o\u00f9 que vous alliez.<\/p>\n","protected":false},"excerpt":{"rendered":"<p>Am\u00e9liorez votre Fujitsu Lifebook S936 avec cet adaptateur de station d&rsquo;accueil d&rsquo;origine. Con\u00e7u pour une compatibilit\u00e9 optimale et une installation facile, cet adaptateur de haute qualit\u00e9 assure une connexion fiable \u00e0 votre station d&rsquo;accueil, am\u00e9liorant ainsi les fonctionnalit\u00e9s de votre ordinateur portable.<\/p>\n","protected":false},"featured_media":14376,"template":"","meta":[],"product_brand":[],"product_cat":[63],"product_tag":[64],"class_list":{"0":"post-14319","1":"product","2":"type-product","3":"status-publish","4":"has-post-thumbnail","6":"product_cat-motherboards-board-parts","7":"product_tag-fujitsu","9":"first","10":"instock","11":"taxable","12":"shipping-taxable","13":"purchasable","14":"product-type-simple"},"_links":{"self":[{"href":"https:\/\/boreait.com\/fr\/wp-json\/wp\/v2\/product\/14319","targetHints":{"allow":["GET"]}}],"collection":[{"href":"https:\/\/boreait.com\/fr\/wp-json\/wp\/v2\/product"}],"about":[{"href":"https:\/\/boreait.com\/fr\/wp-json\/wp\/v2\/types\/product"}],"wp:featuredmedia":[{"embeddable":true,"href":"https:\/\/boreait.com\/fr\/wp-json\/wp\/v2\/media\/14376"}],"wp:attachment":[{"href":"https:\/\/boreait.com\/fr\/wp-json\/wp\/v2\/media?parent=14319"}],"wp:term":[{"taxonomy":"product_brand","embeddable":true,"href":"https:\/\/boreait.com\/fr\/wp-json\/wp\/v2\/product_brand?post=14319"},{"taxonomy":"product_cat","embeddable":true,"href":"https:\/\/boreait.com\/fr\/wp-json\/wp\/v2\/product_cat?post=14319"},{"taxonomy":"product_tag","embeddable":true,"href":"https:\/\/boreait.com\/fr\/wp-json\/wp\/v2\/product_tag?post=14319"}],"curies":[{"name":"wp","href":"https:\/\/api.w.org\/{rel}","templated":true}]}}