{"id":14307,"date":"2025-09-15T16:57:54","date_gmt":"2025-09-15T14:57:54","guid":{"rendered":"https:\/\/boreait.com\/fr\/?post_type=product&#038;p=14307"},"modified":"2025-09-15T16:59:24","modified_gmt":"2025-09-15T14:59:24","slug":"module-de-lecteur-de-carte-sd-pour-ordinateur-portable-fujitsu-lifebook-s936-cp693532-x5-piece-dorigine","status":"publish","type":"product","link":"https:\/\/boreait.com\/fr\/produit\/module-de-lecteur-de-carte-sd-pour-ordinateur-portable-fujitsu-lifebook-s936-cp693532-x5-piece-dorigine\/","title":{"rendered":"Module de lecteur de carte SD pour ordinateur portable Fujitsu LifeBook S936 CP693532-X5, pi\u00e8ce d&rsquo;origine"},"content":{"rendered":"<p>Redonnez vie aux fonctionnalit\u00e9s du lecteur de carte SD de votre ordinateur portable Fujitsu LifeBook S936 gr\u00e2ce au module lecteur de carte SD CP693532-X5 d&rsquo;origine pour ordinateur portable Fujitsu LifeBook S936. Con\u00e7ue avec pr\u00e9cision et compatibilit\u00e9, cette pi\u00e8ce d&rsquo;origine s&rsquo;int\u00e8gre parfaitement \u00e0 votre appareil, garantissant des performances et une fiabilit\u00e9 optimales.<\/p>\n<p>B\u00e9n\u00e9ficiant de la qualit\u00e9 Fujitsu d&rsquo;origine, ce module lecteur de carte SD est la solution id\u00e9ale pour restaurer le lecteur de carte SD de votre ordinateur portable \u00e0 son \u00e9tat d&rsquo;origine. Que vous rencontriez des probl\u00e8mes avec votre module actuel ou que vous souhaitiez simplement le mettre \u00e0 niveau, cette pi\u00e8ce de rechange d&rsquo;origine est con\u00e7ue pour r\u00e9pondre aux normes de qualit\u00e9 et de compatibilit\u00e9 les plus strictes.<\/p>\n<p>Facile \u00e0 installer et con\u00e7u pour durer, ce module lecteur de carte SD de remplacement offre une solution simple pour la r\u00e9paration de votre ordinateur portable. Gr\u00e2ce \u00e0 sa construction robuste et \u00e0 ses performances fiables, vous pouvez \u00eatre s\u00fbr que votre Fujitsu LifeBook S936 sera de nouveau op\u00e9rationnel en un rien de temps. <\/p>\n<p>D\u00e9couvrez la diff\u00e9rence des pi\u00e8ces d&rsquo;origine Fujitsu et assurez-vous que votre ordinateur portable continue de fonctionner au mieux gr\u00e2ce au module lecteur de carte SD CP693532-X5 pour ordinateur portable Fujitsu LifeBook S936. Commandez le v\u00f4tre d\u00e8s aujourd&rsquo;hui et restaurez les fonctionnalit\u00e9s de votre ordinateur portable en toute confiance.<\/p>\n","protected":false},"excerpt":{"rendered":"<p>Restaurez la fonctionnalit\u00e9 du lecteur de carte SD de votre ordinateur portable Fujitsu LifeBook S936 gr\u00e2ce \u00e0 ce module de lecteur de carte SD d&rsquo;origine. Con\u00e7u pour s&rsquo;int\u00e9grer parfaitement \u00e0 votre appareil, ce module d&rsquo;origine garantit des performances fiables et une installation facile.<\/p>\n","protected":false},"featured_media":14373,"template":"","meta":[],"product_brand":[],"product_cat":[63],"product_tag":[64],"class_list":{"0":"post-14307","1":"product","2":"type-product","3":"status-publish","4":"has-post-thumbnail","6":"product_cat-motherboards-board-parts","7":"product_tag-fujitsu","9":"first","10":"instock","11":"taxable","12":"shipping-taxable","13":"purchasable","14":"product-type-simple"},"_links":{"self":[{"href":"https:\/\/boreait.com\/fr\/wp-json\/wp\/v2\/product\/14307","targetHints":{"allow":["GET"]}}],"collection":[{"href":"https:\/\/boreait.com\/fr\/wp-json\/wp\/v2\/product"}],"about":[{"href":"https:\/\/boreait.com\/fr\/wp-json\/wp\/v2\/types\/product"}],"wp:featuredmedia":[{"embeddable":true,"href":"https:\/\/boreait.com\/fr\/wp-json\/wp\/v2\/media\/14373"}],"wp:attachment":[{"href":"https:\/\/boreait.com\/fr\/wp-json\/wp\/v2\/media?parent=14307"}],"wp:term":[{"taxonomy":"product_brand","embeddable":true,"href":"https:\/\/boreait.com\/fr\/wp-json\/wp\/v2\/product_brand?post=14307"},{"taxonomy":"product_cat","embeddable":true,"href":"https:\/\/boreait.com\/fr\/wp-json\/wp\/v2\/product_cat?post=14307"},{"taxonomy":"product_tag","embeddable":true,"href":"https:\/\/boreait.com\/fr\/wp-json\/wp\/v2\/product_tag?post=14307"}],"curies":[{"name":"wp","href":"https:\/\/api.w.org\/{rel}","templated":true}]}}