{"id":14304,"date":"2025-09-15T16:57:54","date_gmt":"2025-09-15T14:57:54","guid":{"rendered":"https:\/\/boreait.com\/fr\/?post_type=product&#038;p=14304"},"modified":"2025-09-15T16:59:15","modified_gmt":"2025-09-15T14:59:15","slug":"pieces-de-rechange-dorigine-pour-carte-et-cable-usb-pour-ordinateur-portable-fujitsu-lifebook-s936","status":"publish","type":"product","link":"https:\/\/boreait.com\/fr\/produit\/pieces-de-rechange-dorigine-pour-carte-et-cable-usb-pour-ordinateur-portable-fujitsu-lifebook-s936\/","title":{"rendered":"Pi\u00e8ces de rechange d&rsquo;origine pour carte et c\u00e2ble USB pour ordinateur portable Fujitsu LifeBook S936"},"content":{"rendered":"<p>Redonnez vie aux fonctionnalit\u00e9s USB de votre ordinateur portable Fujitsu LifeBook S936 gr\u00e2ce aux pi\u00e8ces de rechange originales pour carte et c\u00e2ble USB. Con\u00e7ues avec pr\u00e9cision et compatibilit\u00e9, ces pi\u00e8ces de rechange s&rsquo;int\u00e8grent parfaitement \u00e0 votre appareil, garantissant des performances et une fiabilit\u00e9 optimales.<\/p>\n<p>Offrant la qualit\u00e9 Fujitsu authentique, ces pi\u00e8ces de rechange sont la solution id\u00e9ale pour restaurer la connectivit\u00e9 USB de votre ordinateur portable \u00e0 son \u00e9tat d&rsquo;origine. Que vous rencontriez des probl\u00e8mes avec votre carte ou votre c\u00e2ble actuel, ou que vous souhaitiez simplement effectuer une mise \u00e0 niveau, cette pi\u00e8ce de rechange d&rsquo;origine est con\u00e7ue pour r\u00e9pondre aux normes de qualit\u00e9 et de compatibilit\u00e9 les plus strictes.<\/p>\n<p>Facile \u00e0 installer et con\u00e7ue pour durer, cette pi\u00e8ce de rechange offre une solution simple pour la r\u00e9paration de votre ordinateur portable. Gr\u00e2ce \u00e0 sa construction robuste et \u00e0 ses performances fiables, vous pouvez \u00eatre s\u00fbr que votre Fujitsu LifeBook S936 sera de nouveau op\u00e9rationnel en un rien de temps. <\/p>\n<p>D\u00e9couvrez la diff\u00e9rence des pi\u00e8ces d&rsquo;origine Fujitsu et assurez-vous que votre ordinateur portable continue de fonctionner au mieux gr\u00e2ce aux pi\u00e8ces de rechange d&rsquo;origine pour carte et c\u00e2ble USB pour ordinateur portable Fujitsu LifeBook S936. Commandez le v\u00f4tre d\u00e8s aujourd&rsquo;hui et restaurez les fonctionnalit\u00e9s USB de votre ordinateur portable en toute confiance.<\/p>\n","protected":false},"excerpt":{"rendered":"<p>Restaurez les fonctionnalit\u00e9s USB de votre ordinateur portable Fujitsu LifeBook S936 gr\u00e2ce \u00e0 cette carte et ce c\u00e2ble USB d&rsquo;origine. Con\u00e7ue pour une installation facile et des performances fiables, cette pi\u00e8ce de rechange de haute qualit\u00e9 assure une connectivit\u00e9 optimale \u00e0 votre ordinateur portable.<\/p>\n","protected":false},"featured_media":14367,"template":"","meta":[],"product_brand":[],"product_cat":[63],"product_tag":[64],"class_list":{"0":"post-14304","1":"product","2":"type-product","3":"status-publish","4":"has-post-thumbnail","6":"product_cat-motherboards-board-parts","7":"product_tag-fujitsu","9":"first","10":"instock","11":"taxable","12":"shipping-taxable","13":"purchasable","14":"product-type-simple"},"_links":{"self":[{"href":"https:\/\/boreait.com\/fr\/wp-json\/wp\/v2\/product\/14304","targetHints":{"allow":["GET"]}}],"collection":[{"href":"https:\/\/boreait.com\/fr\/wp-json\/wp\/v2\/product"}],"about":[{"href":"https:\/\/boreait.com\/fr\/wp-json\/wp\/v2\/types\/product"}],"wp:featuredmedia":[{"embeddable":true,"href":"https:\/\/boreait.com\/fr\/wp-json\/wp\/v2\/media\/14367"}],"wp:attachment":[{"href":"https:\/\/boreait.com\/fr\/wp-json\/wp\/v2\/media?parent=14304"}],"wp:term":[{"taxonomy":"product_brand","embeddable":true,"href":"https:\/\/boreait.com\/fr\/wp-json\/wp\/v2\/product_brand?post=14304"},{"taxonomy":"product_cat","embeddable":true,"href":"https:\/\/boreait.com\/fr\/wp-json\/wp\/v2\/product_cat?post=14304"},{"taxonomy":"product_tag","embeddable":true,"href":"https:\/\/boreait.com\/fr\/wp-json\/wp\/v2\/product_tag?post=14304"}],"curies":[{"name":"wp","href":"https:\/\/api.w.org\/{rel}","templated":true}]}}