{"id":14303,"date":"2025-09-15T16:57:53","date_gmt":"2025-09-15T14:57:53","guid":{"rendered":"https:\/\/boreait.com\/fr\/?post_type=product&#038;p=14303"},"modified":"2026-01-30T08:16:31","modified_gmt":"2026-01-30T07:16:31","slug":"charnieres-gauche-et-droite-pour-ecran-lcd-dordinateur-portable-fujitsu-lifebook-s936-dorigine","status":"publish","type":"product","link":"https:\/\/boreait.com\/fr\/produit\/charnieres-gauche-et-droite-pour-ecran-lcd-dordinateur-portable-fujitsu-lifebook-s936-dorigine\/","title":{"rendered":"Charni\u00e8res gauche et droite pour \u00e9cran LCD d&rsquo;ordinateur portable Fujitsu LifeBook S936 d&rsquo;origine"},"content":{"rendered":"<p>Assurez la durabilit\u00e9 et la long\u00e9vit\u00e9 de votre ordinateur portable Fujitsu LifeBook S936 gr\u00e2ce aux caches de charni\u00e8res gauche et droite d&rsquo;origine pour \u00e9cran LCD. Con\u00e7us avec pr\u00e9cision et compatibilit\u00e9, ces caches de charni\u00e8res d&rsquo;origine s&rsquo;int\u00e8grent parfaitement \u00e0 votre appareil et assurent une connexion stable et s\u00e9curis\u00e9e \u00e0 votre \u00e9cran LCD.<\/p>\n<p>Offrant la qualit\u00e9 Fujitsu d&rsquo;origine, ces caches de charni\u00e8res sont la solution id\u00e9ale pour remplacer les composants endommag\u00e9s ou us\u00e9s. Que vous rencontriez des probl\u00e8mes de charni\u00e8res desserr\u00e9es ou cass\u00e9es, ou que vous souhaitiez simplement am\u00e9liorer l&rsquo;apparence de votre ordinateur portable, ces pi\u00e8ces de rechange d&rsquo;origine offrent un ajustement et une fonctionnalit\u00e9 parfaits.<\/p>\n<p>Faciles \u00e0 installer et con\u00e7us pour durer, ces caches de charni\u00e8res garantissent le maintien de l&rsquo;\u00e9cran LCD de votre ordinateur portable Fujitsu LifeBook S936 en place, \u00e9vitant ainsi tout vacillement ou d\u00e9salignement. Gr\u00e2ce \u00e0 leur construction durable et \u00e0 leurs performances fiables, vous pouvez \u00eatre s\u00fbr que votre ordinateur portable continuera \u00e0 fonctionner au mieux de ses performances.<\/p>\n<p>D\u00e9couvrez la diff\u00e9rence des pi\u00e8ces d&rsquo;origine Fujitsu et assurez la stabilit\u00e9 et la fonctionnalit\u00e9 de votre ordinateur portable gr\u00e2ce \u00e0 la paire de caches d&rsquo;\u00e9cran LCD gauche et droite d&rsquo;origine pour ordinateur portable Fujitsu LifeBook S936. Commandez le v\u00f4tre d\u00e8s aujourd&rsquo;hui et ayez l&rsquo;esprit tranquille\u00a0: votre ordinateur portable est prot\u00e9g\u00e9 par des composants d&rsquo;origine de qualit\u00e9.<\/p>\n","protected":false},"excerpt":{"rendered":"<p>Restaurez la stabilit\u00e9 et la fonctionnalit\u00e9 de l&rsquo;\u00e9cran LCD de votre ordinateur portable Fujitsu LifeBook S936 gr\u00e2ce \u00e0 cette paire de caches de charni\u00e8res gauche et droite d&rsquo;origine. Con\u00e7us pour une fixation s\u00fbre et un fonctionnement fluide, ces caches de charni\u00e8res d&rsquo;origine sont indispensables pour toute r\u00e9paration ou mise \u00e0 niveau d&rsquo;ordinateur portable.<\/p>\n","protected":false},"featured_media":14360,"template":"","meta":[],"product_brand":[],"product_cat":[52],"product_tag":[64],"class_list":{"0":"post-14303","1":"product","2":"type-product","3":"status-publish","4":"has-post-thumbnail","6":"product_cat-laptop-housing","7":"product_tag-fujitsu","9":"first","10":"instock","11":"taxable","12":"shipping-taxable","13":"purchasable","14":"product-type-simple"},"_links":{"self":[{"href":"https:\/\/boreait.com\/fr\/wp-json\/wp\/v2\/product\/14303","targetHints":{"allow":["GET"]}}],"collection":[{"href":"https:\/\/boreait.com\/fr\/wp-json\/wp\/v2\/product"}],"about":[{"href":"https:\/\/boreait.com\/fr\/wp-json\/wp\/v2\/types\/product"}],"wp:featuredmedia":[{"embeddable":true,"href":"https:\/\/boreait.com\/fr\/wp-json\/wp\/v2\/media\/14360"}],"wp:attachment":[{"href":"https:\/\/boreait.com\/fr\/wp-json\/wp\/v2\/media?parent=14303"}],"wp:term":[{"taxonomy":"product_brand","embeddable":true,"href":"https:\/\/boreait.com\/fr\/wp-json\/wp\/v2\/product_brand?post=14303"},{"taxonomy":"product_cat","embeddable":true,"href":"https:\/\/boreait.com\/fr\/wp-json\/wp\/v2\/product_cat?post=14303"},{"taxonomy":"product_tag","embeddable":true,"href":"https:\/\/boreait.com\/fr\/wp-json\/wp\/v2\/product_tag?post=14303"}],"curies":[{"name":"wp","href":"https:\/\/api.w.org\/{rel}","templated":true}]}}