{"id":14291,"date":"2025-09-15T16:57:27","date_gmt":"2025-09-15T14:57:27","guid":{"rendered":"https:\/\/boreait.com\/fr\/?post_type=product&#038;p=14291"},"modified":"2026-01-30T08:16:16","modified_gmt":"2026-01-30T07:16:16","slug":"module-modem-m-2-integre-dorigine-fujitsu-lifebook-s936-sierra-wireless-em7305-pour-ordinateur-portable","status":"publish","type":"product","link":"https:\/\/boreait.com\/fr\/produit\/module-modem-m-2-integre-dorigine-fujitsu-lifebook-s936-sierra-wireless-em7305-pour-ordinateur-portable\/","title":{"rendered":"Module modem M.2 int\u00e9gr\u00e9 d&rsquo;origine Fujitsu LifeBook S936 Sierra Wireless EM7305 pour ordinateur portable"},"content":{"rendered":"<p>Am\u00e9liorez la connectivit\u00e9 de votre ordinateur portable Fujitsu LifeBook S936 avec le module int\u00e9gr\u00e9 Sierra Wireless EM7305 d&rsquo;origine Fujitsu LifeBook S936. Con\u00e7u pour une int\u00e9gration fluide et des performances exceptionnelles, ce module modem M.2 optimise les capacit\u00e9s r\u00e9seau de votre ordinateur portable.<\/p>\n<p>Gr\u00e2ce \u00e0 sa qualit\u00e9 Fujitsu d&rsquo;origine, ce module int\u00e9gr\u00e9 Sierra Wireless EM7305 garantit un acc\u00e8s Internet fiable et haut d\u00e9bit, que vous naviguiez sur le Web, regardiez du contenu en streaming ou participiez \u00e0 des r\u00e9unions en ligne. Profitez de t\u00e9l\u00e9chargements plus rapides, d&rsquo;appels vid\u00e9o plus fluides et d&rsquo;une connectivit\u00e9 globale am\u00e9lior\u00e9e gr\u00e2ce \u00e0 cet accessoire essentiel pour ordinateur portable.<\/p>\n<p>Facile \u00e0 installer et con\u00e7u pour durer, ce module modem M.2 offre une solution simple pour am\u00e9liorer les capacit\u00e9s r\u00e9seau de votre ordinateur portable. Ins\u00e9rez simplement le module dans l&#8217;emplacement M.2 de votre ordinateur portable et profitez d&rsquo;une connectivit\u00e9 am\u00e9lior\u00e9e en quelques minutes.<\/p>\n<p>Faites passer votre Fujitsu LifeBook S936 au niveau sup\u00e9rieur avec le module int\u00e9gr\u00e9 Sierra Wireless EM7305 d&rsquo;origine Fujitsu LifeBook S936. Commandez le v\u00f4tre d\u00e8s aujourd&rsquo;hui et profitez d&rsquo;un acc\u00e8s Internet fiable et haut d\u00e9bit o\u00f9 que vous alliez.<\/p>\n","protected":false},"excerpt":{"rendered":"<p>Am\u00e9liorez la connectivit\u00e9 de votre Fujitsu LifeBook S936 avec ce module int\u00e9gr\u00e9 Sierra Wireless EM7305 d&rsquo;origine. Con\u00e7u pour offrir un acc\u00e8s Internet fiable et haut d\u00e9bit, ce modem M.2 est la solution id\u00e9ale pour les besoins r\u00e9seau de votre ordinateur portable.<\/p>\n","protected":false},"featured_media":14358,"template":"","meta":[],"product_brand":[],"product_cat":[63],"product_tag":[64],"class_list":{"0":"post-14291","1":"product","2":"type-product","3":"status-publish","4":"has-post-thumbnail","6":"product_cat-motherboards-board-parts","7":"product_tag-fujitsu","9":"first","10":"instock","11":"taxable","12":"shipping-taxable","13":"purchasable","14":"product-type-simple"},"_links":{"self":[{"href":"https:\/\/boreait.com\/fr\/wp-json\/wp\/v2\/product\/14291","targetHints":{"allow":["GET"]}}],"collection":[{"href":"https:\/\/boreait.com\/fr\/wp-json\/wp\/v2\/product"}],"about":[{"href":"https:\/\/boreait.com\/fr\/wp-json\/wp\/v2\/types\/product"}],"wp:featuredmedia":[{"embeddable":true,"href":"https:\/\/boreait.com\/fr\/wp-json\/wp\/v2\/media\/14358"}],"wp:attachment":[{"href":"https:\/\/boreait.com\/fr\/wp-json\/wp\/v2\/media?parent=14291"}],"wp:term":[{"taxonomy":"product_brand","embeddable":true,"href":"https:\/\/boreait.com\/fr\/wp-json\/wp\/v2\/product_brand?post=14291"},{"taxonomy":"product_cat","embeddable":true,"href":"https:\/\/boreait.com\/fr\/wp-json\/wp\/v2\/product_cat?post=14291"},{"taxonomy":"product_tag","embeddable":true,"href":"https:\/\/boreait.com\/fr\/wp-json\/wp\/v2\/product_tag?post=14291"}],"curies":[{"name":"wp","href":"https:\/\/api.w.org\/{rel}","templated":true}]}}