{"id":14290,"date":"2025-09-15T16:57:26","date_gmt":"2025-09-15T14:57:26","guid":{"rendered":"https:\/\/boreait.com\/fr\/?post_type=product&#038;p=14290"},"modified":"2025-09-15T16:59:03","modified_gmt":"2025-09-15T14:59:03","slug":"dissipateur-thermique-pour-ventilateur-de-processeur-dorigine-pour-ordinateur-portable-fujitsu-lifebook-s936-pieces-dorigine-pour-ordinateur-portable","status":"publish","type":"product","link":"https:\/\/boreait.com\/fr\/produit\/dissipateur-thermique-pour-ventilateur-de-processeur-dorigine-pour-ordinateur-portable-fujitsu-lifebook-s936-pieces-dorigine-pour-ordinateur-portable\/","title":{"rendered":"Dissipateur thermique pour ventilateur de processeur d&rsquo;origine pour ordinateur portable Fujitsu LifeBook S936 &#8211; Pi\u00e8ces d&rsquo;origine pour ordinateur portable"},"content":{"rendered":"<p>Am\u00e9liorez les performances et la long\u00e9vit\u00e9 de votre Fujitsu LifeBook S936 gr\u00e2ce au dissipateur thermique pour ventilateur de processeur Fujitsu LifeBook S936 d&rsquo;origine. Cette pi\u00e8ce de rechange d&rsquo;origine est sp\u00e9cialement con\u00e7ue pour un refroidissement optimal, garantissant ainsi une temp\u00e9rature optimale et un fonctionnement optimal de votre ordinateur portable.<\/p>\n<p>Fabriqu\u00e9 \u00e0 partir de mat\u00e9riaux de haute qualit\u00e9, ce dissipateur thermique pour ventilateur de processeur est con\u00e7u pour durer et garantit une gestion thermique optimale de votre appareil. Que vous soyez confront\u00e9 \u00e0 des probl\u00e8mes de surchauffe ou que vous souhaitiez simplement mettre \u00e0 niveau votre ordinateur portable, cette pi\u00e8ce d&rsquo;origine Fujitsu est la solution id\u00e9ale pour pr\u00e9server la sant\u00e9 et les performances de votre ordinateur portable.<\/p>\n<p>Facile \u00e0 installer, ce dissipateur thermique de remplacement pour ventilateur de processeur offre une solution simple pour la r\u00e9paration de votre ordinateur portable. Gr\u00e2ce \u00e0 sa construction robuste et \u00e0 ses performances fiables, vous pouvez \u00eatre s\u00fbr que votre Fujitsu LifeBook S936 restera froid et performant, m\u00eame lors de t\u00e2ches intensives.<\/p>\n<p>Profitez des avantages des pi\u00e8ces d&rsquo;origine Fujitsu et maintenez votre ordinateur portable en parfait \u00e9tat gr\u00e2ce au dissipateur thermique pour ventilateur de processeur Fujitsu LifeBook S936 d&rsquo;origine. Commandez le v\u00f4tre d\u00e8s aujourd&rsquo;hui et assurez-vous que votre ordinateur portable continue d&rsquo;offrir des performances et une fiabilit\u00e9 exceptionnelles.<\/p>\n","protected":false},"excerpt":{"rendered":"<p>Assurez le bon fonctionnement de votre Fujitsu LifeBook S936 gr\u00e2ce \u00e0 ce dissipateur thermique pour ventilateur de processeur d&rsquo;origine. Con\u00e7u pour un refroidissement optimal, il garantit un refroidissement optimal et un fonctionnement optimal de votre ordinateur portable. Facile \u00e0 installer et fabriqu\u00e9e avec des mat\u00e9riaux de haute qualit\u00e9, cette pi\u00e8ce de rechange est essentielle au bon fonctionnement de votre ordinateur portable.<\/p>\n","protected":false},"featured_media":14357,"template":"","meta":[],"product_brand":[],"product_cat":[69],"product_tag":[64],"class_list":{"0":"post-14290","1":"product","2":"type-product","3":"status-publish","4":"has-post-thumbnail","6":"product_cat-cpu-fans-heatsinks","7":"product_tag-fujitsu","9":"first","10":"instock","11":"taxable","12":"shipping-taxable","13":"purchasable","14":"product-type-simple"},"_links":{"self":[{"href":"https:\/\/boreait.com\/fr\/wp-json\/wp\/v2\/product\/14290","targetHints":{"allow":["GET"]}}],"collection":[{"href":"https:\/\/boreait.com\/fr\/wp-json\/wp\/v2\/product"}],"about":[{"href":"https:\/\/boreait.com\/fr\/wp-json\/wp\/v2\/types\/product"}],"wp:featuredmedia":[{"embeddable":true,"href":"https:\/\/boreait.com\/fr\/wp-json\/wp\/v2\/media\/14357"}],"wp:attachment":[{"href":"https:\/\/boreait.com\/fr\/wp-json\/wp\/v2\/media?parent=14290"}],"wp:term":[{"taxonomy":"product_brand","embeddable":true,"href":"https:\/\/boreait.com\/fr\/wp-json\/wp\/v2\/product_brand?post=14290"},{"taxonomy":"product_cat","embeddable":true,"href":"https:\/\/boreait.com\/fr\/wp-json\/wp\/v2\/product_cat?post=14290"},{"taxonomy":"product_tag","embeddable":true,"href":"https:\/\/boreait.com\/fr\/wp-json\/wp\/v2\/product_tag?post=14290"}],"curies":[{"name":"wp","href":"https:\/\/api.w.org\/{rel}","templated":true}]}}