{"id":14289,"date":"2025-09-15T16:57:26","date_gmt":"2025-09-15T14:57:26","guid":{"rendered":"https:\/\/boreait.com\/fr\/?post_type=product&#038;p=14289"},"modified":"2025-09-15T16:58:59","modified_gmt":"2025-09-15T14:58:59","slug":"ecran-lcd-dorigine-pour-ordinateur-portable-fujitsu-lifebook-s936-couvercle-arriere-pieces-doccasion","status":"publish","type":"product","link":"https:\/\/boreait.com\/fr\/produit\/ecran-lcd-dorigine-pour-ordinateur-portable-fujitsu-lifebook-s936-couvercle-arriere-pieces-doccasion\/","title":{"rendered":"\u00c9cran LCD d&rsquo;origine pour ordinateur portable Fujitsu LifeBook S936, couvercle arri\u00e8re, pi\u00e8ces d&rsquo;occasion"},"content":{"rendered":"<p>Revitalisez votre ordinateur portable Fujitsu LifeBook S936 avec le cache arri\u00e8re d&rsquo;\u00e9cran LCD d&rsquo;origine Fujitsu LifeBook S936. Cette pi\u00e8ce d&rsquo;occasion d&rsquo;origine est con\u00e7ue pour s&rsquo;adapter parfaitement \u00e0 votre ordinateur portable, lui garantissant une apparence impeccable et professionnelle.<\/p>\n<p>Fabriqu\u00e9 selon les m\u00eames normes \u00e9lev\u00e9es que les composants d&rsquo;origine, ce cache arri\u00e8re offre la durabilit\u00e9 et la qualit\u00e9 que vous attendez de Fujitsu. Que votre cache actuel soit endommag\u00e9, ray\u00e9 ou simplement us\u00e9, cette pi\u00e8ce de rechange constitue une excellente solution pour restaurer l&rsquo;apparence de votre ordinateur portable et prot\u00e9ger ses composants internes.<\/p>\n<p>Le cache arri\u00e8re d&rsquo;\u00e9cran LCD d&rsquo;origine Fujitsu LifeBook S936 est facile \u00e0 installer, ce qui en fait un choix pratique pour les techniciens professionnels comme pour les bricoleurs. Chaque cache a \u00e9t\u00e9 soigneusement inspect\u00e9 pour garantir sa conformit\u00e9 aux normes de qualit\u00e9 rigoureuses de Fujitsu, vous offrant ainsi une solution fiable et \u00e9conomique pour pr\u00e9server l&rsquo;esth\u00e9tique et l&rsquo;int\u00e9grit\u00e9 structurelle de votre ordinateur portable.<\/p>\n<p>Appr\u00e9ciez la satisfaction d&rsquo;utiliser des pi\u00e8ces Fujitsu d&rsquo;origine et offrez une nouvelle jeunesse \u00e0 votre ordinateur portable. Commandez d\u00e8s aujourd&rsquo;hui le couvercle arri\u00e8re de l&rsquo;\u00e9cran LCD de l&rsquo;ordinateur portable Fujitsu LifeBook S936 d&rsquo;origine et profitez de la confiance d&rsquo;un ajustement et d&rsquo;une finition parfaits.<\/p>\n","protected":false},"excerpt":{"rendered":"<p>Redonnez \u00e0 votre Fujitsu LifeBook S936 son aspect d&rsquo;origine gr\u00e2ce \u00e0 ce cache arri\u00e8re d&rsquo;\u00e9cran LCD d&rsquo;origine. Cette pi\u00e8ce d&rsquo;occasion d&rsquo;origine garantit un ajustement et une finition parfaits, redonnant \u00e0 votre ordinateur portable un aspect neuf.<\/p>\n","protected":false},"featured_media":14355,"template":"","meta":[],"product_brand":[],"product_cat":[52],"product_tag":[64],"class_list":{"0":"post-14289","1":"product","2":"type-product","3":"status-publish","4":"has-post-thumbnail","6":"product_cat-laptop-housing","7":"product_tag-fujitsu","9":"first","10":"instock","11":"taxable","12":"shipping-taxable","13":"purchasable","14":"product-type-simple"},"_links":{"self":[{"href":"https:\/\/boreait.com\/fr\/wp-json\/wp\/v2\/product\/14289","targetHints":{"allow":["GET"]}}],"collection":[{"href":"https:\/\/boreait.com\/fr\/wp-json\/wp\/v2\/product"}],"about":[{"href":"https:\/\/boreait.com\/fr\/wp-json\/wp\/v2\/types\/product"}],"wp:featuredmedia":[{"embeddable":true,"href":"https:\/\/boreait.com\/fr\/wp-json\/wp\/v2\/media\/14355"}],"wp:attachment":[{"href":"https:\/\/boreait.com\/fr\/wp-json\/wp\/v2\/media?parent=14289"}],"wp:term":[{"taxonomy":"product_brand","embeddable":true,"href":"https:\/\/boreait.com\/fr\/wp-json\/wp\/v2\/product_brand?post=14289"},{"taxonomy":"product_cat","embeddable":true,"href":"https:\/\/boreait.com\/fr\/wp-json\/wp\/v2\/product_cat?post=14289"},{"taxonomy":"product_tag","embeddable":true,"href":"https:\/\/boreait.com\/fr\/wp-json\/wp\/v2\/product_tag?post=14289"}],"curies":[{"name":"wp","href":"https:\/\/api.w.org\/{rel}","templated":true}]}}