{"id":14278,"date":"2025-09-15T16:57:01","date_gmt":"2025-09-15T14:57:01","guid":{"rendered":"https:\/\/boreait.com\/fr\/?post_type=product&#038;p=14278"},"modified":"2025-09-15T16:58:36","modified_gmt":"2025-09-15T14:58:36","slug":"cable-dalimentation-cc-dorigine-pour-ordinateur-portable-lenovo-thinkpad-x220-x220i-x230-x230i-04w1680-9htyqt","status":"publish","type":"product","link":"https:\/\/boreait.com\/fr\/produit\/cable-dalimentation-cc-dorigine-pour-ordinateur-portable-lenovo-thinkpad-x220-x220i-x230-x230i-04w1680-9htyqt\/","title":{"rendered":"C\u00e2ble d&rsquo;alimentation CC d&rsquo;origine pour ordinateur portable Lenovo ThinkPad X220, X220I, X230, X230I (04W1680 9HTYQT)"},"content":{"rendered":"<p>Assurez l&rsquo;alimentation et le fonctionnement de votre ordinateur portable Lenovo ThinkPad X220, X220I, X230 ou X230I gr\u00e2ce au c\u00e2ble d&rsquo;alimentation CC authentique Lenovo ThinkPad 04W1680 9HTYQT. Cette pi\u00e8ce de rechange de haute qualit\u00e9 est con\u00e7ue pour fournir une alimentation fiable et constante, ce qui en fait un composant essentiel du syst\u00e8me d&rsquo;alimentation de votre ordinateur portable.<\/p>\n<p>Con\u00e7u avec pr\u00e9cision et compatibilit\u00e9, ce c\u00e2ble d&rsquo;alimentation CC s&rsquo;int\u00e8gre parfaitement \u00e0 votre mod\u00e8le Lenovo ThinkPad, garantissant des performances et une long\u00e9vit\u00e9 optimales. Que vous rencontriez des probl\u00e8mes d&rsquo;alimentation ou que vous ayez besoin de remplacer une pi\u00e8ce endommag\u00e9e, ce c\u00e2ble Lenovo authentique offre un ajustement parfait et une installation simple.<\/p>\n<p>Avec sa construction durable et sa qualit\u00e9 sup\u00e9rieure, le c\u00e2ble d&rsquo;alimentation CC authentique Lenovo ThinkPad 04W1680 9HTYQT est con\u00e7u pour r\u00e9sister \u00e0 une utilisation quotidienne et garantir l&rsquo;alimentation continue de votre ordinateur portable. Faites confiance \u00e0 l&rsquo;engagement de Lenovo en mati\u00e8re de qualit\u00e9 et de fiabilit\u00e9 pour assurer le bon fonctionnement de votre ordinateur portable. Ne laissez pas les probl\u00e8mes d&rsquo;alimentation perturber votre productivit\u00e9. Commandez d\u00e8s aujourd&rsquo;hui le c\u00e2ble d&rsquo;alimentation CC Lenovo ThinkPad 04W1680 9HTYQT d&rsquo;origine et profitez de la tranquillit\u00e9 d&rsquo;esprit que procurent les pi\u00e8ces Lenovo authentiques. Gardez votre ordinateur portable aliment\u00e9 et pr\u00eat \u00e0 l&#8217;emploi gr\u00e2ce \u00e0 ce c\u00e2ble de remplacement indispensable.<\/p>\n","protected":false},"excerpt":{"rendered":"<p>Restaurez l&rsquo;alimentation de votre Lenovo ThinkPad X220, X220I, X230 ou X230I gr\u00e2ce \u00e0 ce c\u00e2ble d&rsquo;alimentation CC d&rsquo;origine. Con\u00e7u pour des performances fiables, ce c\u00e2ble de rechange de haute qualit\u00e9 est facile \u00e0 installer, garantissant ainsi le bon fonctionnement de votre ordinateur portable.<\/p>\n","protected":false},"featured_media":14337,"template":"","meta":[],"product_brand":[],"product_cat":[56],"product_tag":[62],"class_list":{"0":"post-14278","1":"product","2":"type-product","3":"status-publish","4":"has-post-thumbnail","6":"product_cat-cables","7":"product_tag-lenovo","9":"first","10":"instock","11":"taxable","12":"shipping-taxable","13":"purchasable","14":"product-type-simple"},"_links":{"self":[{"href":"https:\/\/boreait.com\/fr\/wp-json\/wp\/v2\/product\/14278","targetHints":{"allow":["GET"]}}],"collection":[{"href":"https:\/\/boreait.com\/fr\/wp-json\/wp\/v2\/product"}],"about":[{"href":"https:\/\/boreait.com\/fr\/wp-json\/wp\/v2\/types\/product"}],"wp:featuredmedia":[{"embeddable":true,"href":"https:\/\/boreait.com\/fr\/wp-json\/wp\/v2\/media\/14337"}],"wp:attachment":[{"href":"https:\/\/boreait.com\/fr\/wp-json\/wp\/v2\/media?parent=14278"}],"wp:term":[{"taxonomy":"product_brand","embeddable":true,"href":"https:\/\/boreait.com\/fr\/wp-json\/wp\/v2\/product_brand?post=14278"},{"taxonomy":"product_cat","embeddable":true,"href":"https:\/\/boreait.com\/fr\/wp-json\/wp\/v2\/product_cat?post=14278"},{"taxonomy":"product_tag","embeddable":true,"href":"https:\/\/boreait.com\/fr\/wp-json\/wp\/v2\/product_tag?post=14278"}],"curies":[{"name":"wp","href":"https:\/\/api.w.org\/{rel}","templated":true}]}}