{"id":14274,"date":"2025-09-15T16:56:58","date_gmt":"2025-09-15T14:56:58","guid":{"rendered":"https:\/\/boreait.com\/fr\/?post_type=product&#038;p=14274"},"modified":"2026-01-28T09:10:39","modified_gmt":"2026-01-28T08:10:39","slug":"carte-reseau-sans-fil-centrino-advanced-n-6205-dorigine-pour-ordinateur-portable-lenovo-thinkpad-fru-60y3253","status":"publish","type":"product","link":"https:\/\/boreait.com\/fr\/produit\/carte-reseau-sans-fil-centrino-advanced-n-6205-dorigine-pour-ordinateur-portable-lenovo-thinkpad-fru-60y3253\/","title":{"rendered":"Carte r\u00e9seau sans fil Centrino Advanced-N 6205 d&rsquo;origine pour ordinateur portable Lenovo ThinkPad FRU 60Y3253"},"content":{"rendered":"<p>Am\u00e9liorez les capacit\u00e9s sans fil de votre LENOVO ThinkPad avec la carte sans fil Centrino Advanced-N 6205 authentique. Con\u00e7ue pour offrir une connectivit\u00e9 sans fil rapide et fiable, cette carte de remplacement authentique est la mise \u00e0 niveau id\u00e9ale pour votre ordinateur portable.<\/p>\n<p>Dot\u00e9e d&rsquo;une technologie avanc\u00e9e et compatible avec les mod\u00e8les LENOVO ThinkPad, cette carte sans fil Centrino Advanced-N 6205 garantit une int\u00e9gration fluide et des performances optimales. Que vous regardiez du contenu HD en streaming, t\u00e9l\u00e9chargiez des fichiers volumineux ou jouiez en ligne, cette carte sans fil offre la vitesse et la fiabilit\u00e9 dont vous avez besoin.<\/p>\n<p>Facile \u00e0 installer et con\u00e7ue pour durer, cette carte sans fil de remplacement offre une solution simple pour mettre \u00e0 niveau votre ordinateur portable. Gr\u00e2ce \u00e0 sa construction robuste et \u00e0 ses performances fiables, vous pouvez \u00eatre s\u00fbr que votre LENOVO ThinkPad sera \u00e9quip\u00e9 des derni\u00e8res technologies sans fil.<\/p>\n<p>D\u00e9couvrez la diff\u00e9rence que la carte sans fil Centrino Advanced-N 6205 authentique peut faire et profitez d&rsquo;une connectivit\u00e9 sans fil plus rapide et plus fiable sur votre LENOVO ThinkPad. Mettez \u00e0 niveau votre ordinateur en toute confiance et restez connect\u00e9 o\u00f9 que vous alliez.<\/p>\n","protected":false},"excerpt":{"rendered":"<p>Am\u00e9liorez la connectivit\u00e9 sans fil de votre Lenovo ThinkPad avec cette carte sans fil Centrino Advanced-N 6205 d&rsquo;origine. Con\u00e7ue pour une int\u00e9gration fluide et des performances am\u00e9lior\u00e9es, cette carte de remplacement de haute qualit\u00e9 est la solution id\u00e9ale pour la mise \u00e0 niveau de votre ordinateur portable.<\/p>\n","protected":false},"featured_media":14333,"template":"","meta":[],"product_brand":[],"product_cat":[63],"product_tag":[62],"class_list":{"0":"post-14274","1":"product","2":"type-product","3":"status-publish","4":"has-post-thumbnail","6":"product_cat-motherboards-board-parts","7":"product_tag-lenovo","9":"first","10":"instock","11":"taxable","12":"shipping-taxable","13":"purchasable","14":"product-type-simple"},"_links":{"self":[{"href":"https:\/\/boreait.com\/fr\/wp-json\/wp\/v2\/product\/14274","targetHints":{"allow":["GET"]}}],"collection":[{"href":"https:\/\/boreait.com\/fr\/wp-json\/wp\/v2\/product"}],"about":[{"href":"https:\/\/boreait.com\/fr\/wp-json\/wp\/v2\/types\/product"}],"wp:featuredmedia":[{"embeddable":true,"href":"https:\/\/boreait.com\/fr\/wp-json\/wp\/v2\/media\/14333"}],"wp:attachment":[{"href":"https:\/\/boreait.com\/fr\/wp-json\/wp\/v2\/media?parent=14274"}],"wp:term":[{"taxonomy":"product_brand","embeddable":true,"href":"https:\/\/boreait.com\/fr\/wp-json\/wp\/v2\/product_brand?post=14274"},{"taxonomy":"product_cat","embeddable":true,"href":"https:\/\/boreait.com\/fr\/wp-json\/wp\/v2\/product_cat?post=14274"},{"taxonomy":"product_tag","embeddable":true,"href":"https:\/\/boreait.com\/fr\/wp-json\/wp\/v2\/product_tag?post=14274"}],"curies":[{"name":"wp","href":"https:\/\/api.w.org\/{rel}","templated":true}]}}