{"id":14264,"date":"2025-09-15T16:56:36","date_gmt":"2025-09-15T14:56:36","guid":{"rendered":"https:\/\/boreait.com\/fr\/?post_type=product&#038;p=14264"},"modified":"2026-01-28T09:10:23","modified_gmt":"2026-01-28T08:10:23","slug":"cable-flexible-video-lcd-led-dorigine-pour-ordinateur-portable-lenovo-thinkpad-x220-x220i-x230-x230i-reference-50-4kh04-001","status":"publish","type":"product","link":"https:\/\/boreait.com\/fr\/produit\/cable-flexible-video-lcd-led-dorigine-pour-ordinateur-portable-lenovo-thinkpad-x220-x220i-x230-x230i-reference-50-4kh04-001\/","title":{"rendered":"C\u00e2ble flexible vid\u00e9o LCD LED d&rsquo;origine pour ordinateur portable Lenovo ThinkPad X220 X220I X230 X230I (r\u00e9f\u00e9rence\u00a0: 50.4KH04.001)"},"content":{"rendered":"<p>Am\u00e9liorez l&rsquo;exp\u00e9rience visuelle de votre LENOVO ThinkPad X220 ou X230 avec le c\u00e2ble flexible vid\u00e9o LCD LED d&rsquo;origine. Con\u00e7u avec pr\u00e9cision et compatibilit\u00e9, ce c\u00e2ble flexible de remplacement s&rsquo;int\u00e8gre parfaitement \u00e0 votre appareil, garantissant des performances d&rsquo;affichage et une fiabilit\u00e9 optimales.<\/p>\n<p>Offrant la qualit\u00e9 LENOVO authentique, ce c\u00e2ble flexible vid\u00e9o est la solution id\u00e9ale pour restaurer les fonctionnalit\u00e9s d&rsquo;affichage d&rsquo;origine de votre ordinateur portable. Que vous rencontriez des probl\u00e8mes avec votre c\u00e2ble actuel ou que vous souhaitiez simplement le mettre \u00e0 niveau, cette pi\u00e8ce de rechange d&rsquo;origine est con\u00e7ue pour r\u00e9pondre aux normes de qualit\u00e9 et de compatibilit\u00e9 les plus strictes.<\/p>\n<p>Facile \u00e0 installer et con\u00e7u pour durer, ce c\u00e2ble flexible vid\u00e9o de remplacement offre une solution simple pour la r\u00e9paration de votre ordinateur portable. Gr\u00e2ce \u00e0 sa construction robuste et \u00e0 ses performances fiables, vous pouvez \u00eatre s\u00fbr que votre LENOVO ThinkPad X220 ou X230 affichera \u00e0 nouveau des images \u00e9clatantes.<\/p>\n<p>D\u00e9couvrez la diff\u00e9rence que peuvent faire les pi\u00e8ces LENOVO d&rsquo;origine et assurez-vous que votre ordinateur portable continue d&rsquo;offrir une exp\u00e9rience visuelle exceptionnelle gr\u00e2ce au c\u00e2ble flexible vid\u00e9o LCD LED d&rsquo;origine. Commandez le v\u00f4tre d\u00e8s aujourd&rsquo;hui et profitez d&rsquo;une qualit\u00e9 d&rsquo;affichage nette et claire en toute confiance.<\/p>\n","protected":false},"excerpt":{"rendered":"<p>Redonnez vie \u00e0 votre LENOVO ThinkPad X220 ou X230 avec ce c\u00e2ble flexible vid\u00e9o LCD LED d&rsquo;origine. Con\u00e7u pour garantir une connectivit\u00e9 optimale et un affichage impeccable, ce c\u00e2ble de remplacement de haute qualit\u00e9 est facile \u00e0 installer, ce qui en fait la solution id\u00e9ale pour la r\u00e9paration de votre ordinateur portable.<\/p>\n","protected":false},"featured_media":14332,"template":"","meta":[],"product_brand":[],"product_cat":[56],"product_tag":[62],"class_list":{"0":"post-14264","1":"product","2":"type-product","3":"status-publish","4":"has-post-thumbnail","6":"product_cat-cables","7":"product_tag-lenovo","9":"first","10":"instock","11":"taxable","12":"shipping-taxable","13":"purchasable","14":"product-type-simple"},"_links":{"self":[{"href":"https:\/\/boreait.com\/fr\/wp-json\/wp\/v2\/product\/14264","targetHints":{"allow":["GET"]}}],"collection":[{"href":"https:\/\/boreait.com\/fr\/wp-json\/wp\/v2\/product"}],"about":[{"href":"https:\/\/boreait.com\/fr\/wp-json\/wp\/v2\/types\/product"}],"wp:featuredmedia":[{"embeddable":true,"href":"https:\/\/boreait.com\/fr\/wp-json\/wp\/v2\/media\/14332"}],"wp:attachment":[{"href":"https:\/\/boreait.com\/fr\/wp-json\/wp\/v2\/media?parent=14264"}],"wp:term":[{"taxonomy":"product_brand","embeddable":true,"href":"https:\/\/boreait.com\/fr\/wp-json\/wp\/v2\/product_brand?post=14264"},{"taxonomy":"product_cat","embeddable":true,"href":"https:\/\/boreait.com\/fr\/wp-json\/wp\/v2\/product_cat?post=14264"},{"taxonomy":"product_tag","embeddable":true,"href":"https:\/\/boreait.com\/fr\/wp-json\/wp\/v2\/product_tag?post=14264"}],"curies":[{"name":"wp","href":"https:\/\/api.w.org\/{rel}","templated":true}]}}