{"id":14263,"date":"2025-09-15T16:56:36","date_gmt":"2025-09-15T14:56:36","guid":{"rendered":"https:\/\/boreait.com\/fr\/?post_type=product&#038;p=14263"},"modified":"2026-01-28T09:10:06","modified_gmt":"2026-01-28T08:10:06","slug":"clavier-retroeclaire-pour-ordinateur-portable-lenovo-thinkpad-x200-x200s-x201-x201i-x230-x230i-x220-x220-60y3303-60y3305","status":"publish","type":"product","link":"https:\/\/boreait.com\/fr\/produit\/clavier-retroeclaire-pour-ordinateur-portable-lenovo-thinkpad-x200-x200s-x201-x201i-x230-x230i-x220-x220-60y3303-60y3305\/","title":{"rendered":"Clavier r\u00e9tro\u00e9clair\u00e9 pour ordinateur portable Lenovo ThinkPad X200 X200S X201 X201i X230 X230i X220 X220 60Y3303 60Y3305"},"content":{"rendered":"<p>Am\u00e9liorez votre exp\u00e9rience de frappe et restaurez les fonctionnalit\u00e9s de votre ordinateur portable Lenovo ThinkPad X200, X200S, X201, X201i, X230, X230i, X220 ou tablette X220 gr\u00e2ce au clavier r\u00e9tro\u00e9clair\u00e9 60Y3303 60Y3305 d&rsquo;origine pour tablette Lenovo ThinkPad X200, X200S, X201, X201i, X230, X230i, X220. Con\u00e7u avec pr\u00e9cision et fiabilit\u00e9, ce clavier r\u00e9tro\u00e9clair\u00e9 de remplacement est la solution id\u00e9ale pour vos besoins de r\u00e9paration d&rsquo;ordinateur portable.<\/p>\n<p>B\u00e9n\u00e9ficiant de la qualit\u00e9 Lenovo authentique, ce clavier r\u00e9tro\u00e9clair\u00e9 de remplacement est con\u00e7u pour une compatibilit\u00e9 parfaite avec votre mod\u00e8le d&rsquo;ordinateur portable, garantissant un ajustement parfait et des performances optimales. Que vous remplaciez un clavier endommag\u00e9 ou que vous optiez pour une option r\u00e9tro\u00e9clair\u00e9e pour une meilleure visibilit\u00e9 en basse luminosit\u00e9, cette pi\u00e8ce d&rsquo;origine r\u00e9pond aux normes de qualit\u00e9 et de durabilit\u00e9 les plus strictes. Facile \u00e0 installer et con\u00e7u pour durer, ce clavier r\u00e9tro\u00e9clair\u00e9 de remplacement offre une solution simple pour la mise \u00e0 niveau ou la r\u00e9paration de votre ordinateur portable. Gr\u00e2ce \u00e0 son confort de frappe et \u00e0 ses performances fiables, vous pouvez \u00eatre s\u00fbr que votre ordinateur portable Lenovo ThinkPad sera de nouveau op\u00e9rationnel en un rien de temps.<\/p>\n<p>D\u00e9couvrez la diff\u00e9rence des pi\u00e8ces d\u00e9tach\u00e9es Lenovo d&rsquo;origine et assurez-vous que votre ordinateur portable continue de r\u00e9pondre \u00e0 vos besoins de productivit\u00e9 avec le clavier r\u00e9tro\u00e9clair\u00e9 60Y3303 60Y3305 pour tablette Lenovo ThinkPad X200 X200S X201 X201i X230 X230i X220 X220. Commandez le v\u00f4tre d\u00e8s aujourd&rsquo;hui et profitez d&rsquo;une frappe efficace et confortable en toute confiance.<\/p>\n","protected":false},"excerpt":{"rendered":"<p>Am\u00e9liorez votre ordinateur portable Lenovo ThinkPad X200, X200S, X201, X201i, X230, X230i, X220 ou X220 Tablet avec ce clavier r\u00e9tro\u00e9clair\u00e9 de remplacement d&rsquo;origine. Con\u00e7u pour une compatibilit\u00e9 et une installation faciles, ce composant de haute qualit\u00e9 garantit une frappe confortable et efficace.<\/p>\n","protected":false},"featured_media":14330,"template":"","meta":[],"product_brand":[],"product_cat":[63],"product_tag":[62],"class_list":{"0":"post-14263","1":"product","2":"type-product","3":"status-publish","4":"has-post-thumbnail","6":"product_cat-motherboards-board-parts","7":"product_tag-lenovo","9":"first","10":"instock","11":"taxable","12":"shipping-taxable","13":"purchasable","14":"product-type-simple"},"_links":{"self":[{"href":"https:\/\/boreait.com\/fr\/wp-json\/wp\/v2\/product\/14263","targetHints":{"allow":["GET"]}}],"collection":[{"href":"https:\/\/boreait.com\/fr\/wp-json\/wp\/v2\/product"}],"about":[{"href":"https:\/\/boreait.com\/fr\/wp-json\/wp\/v2\/types\/product"}],"wp:featuredmedia":[{"embeddable":true,"href":"https:\/\/boreait.com\/fr\/wp-json\/wp\/v2\/media\/14330"}],"wp:attachment":[{"href":"https:\/\/boreait.com\/fr\/wp-json\/wp\/v2\/media?parent=14263"}],"wp:term":[{"taxonomy":"product_brand","embeddable":true,"href":"https:\/\/boreait.com\/fr\/wp-json\/wp\/v2\/product_brand?post=14263"},{"taxonomy":"product_cat","embeddable":true,"href":"https:\/\/boreait.com\/fr\/wp-json\/wp\/v2\/product_cat?post=14263"},{"taxonomy":"product_tag","embeddable":true,"href":"https:\/\/boreait.com\/fr\/wp-json\/wp\/v2\/product_tag?post=14263"}],"curies":[{"name":"wp","href":"https:\/\/api.w.org\/{rel}","templated":true}]}}