{"id":14262,"date":"2025-09-15T16:56:35","date_gmt":"2025-09-15T14:56:35","guid":{"rendered":"https:\/\/boreait.com\/fr\/?post_type=product&#038;p=14262"},"modified":"2026-01-28T09:09:48","modified_gmt":"2026-01-28T08:09:48","slug":"pieces-detachees-pour-ordinateur-portable-lenovo-thinkpad-x220-t430-wwan-3g-umts-hsdp-h5321","status":"publish","type":"product","link":"https:\/\/boreait.com\/fr\/produit\/pieces-detachees-pour-ordinateur-portable-lenovo-thinkpad-x220-t430-wwan-3g-umts-hsdp-h5321\/","title":{"rendered":"Pi\u00e8ces d\u00e9tach\u00e9es pour ordinateur portable Lenovo ThinkPad X220 T430 WWAN 3G UMTS HSDP H5321"},"content":{"rendered":"<p>Optimisez votre ordinateur portable Lenovo ThinkPad X220 ou T430 avec le module H5321 WWAN 3G UMTS HSDP et profitez d&rsquo;une connexion internet haut d\u00e9bit o\u00f9 que vous soyez. Con\u00e7u pour une int\u00e9gration fluide et des performances fiables, ce module vous permet de rester connect\u00e9 en d\u00e9placement gr\u00e2ce \u00e0 un acc\u00e8s internet 3G rapide.<\/p>\n<p>Que vous soyez en d\u00e9placement professionnel ou que vous ayez simplement besoin d&rsquo;un acc\u00e8s internet loin des points d&rsquo;acc\u00e8s Wi-Fi, ce module WWAN offre une solution pratique pour acc\u00e9der \u00e0 internet o\u00f9 que vous soyez. Gr\u00e2ce \u00e0 son installation plug-and-play, la mise \u00e0 niveau de votre ordinateur portable vers la connectivit\u00e9 3G est simple et rapide, vous permettant de profiter des avantages de l&rsquo;internet mobile en un rien de temps.<\/p>\n<p>D\u00e9couvrez la libert\u00e9 et le confort d&rsquo;une connexion internet haut d\u00e9bit en d\u00e9placement avec le module H5321 WWAN 3G UMTS HSDP pour ordinateurs portables Lenovo ThinkPad X220 et T430. Commandez le v\u00f4tre d\u00e8s aujourd&rsquo;hui et profitez d&rsquo;un acc\u00e8s internet fiable o\u00f9 que vous soyez.<\/p>\n","protected":false},"excerpt":{"rendered":"<p>Optimisez la connectivit\u00e9 WWAN haut d\u00e9bit de votre Lenovo ThinkPad X220 ou T430 gr\u00e2ce \u00e0 ce module 3G UMTS HSDP H5321. Optimisez votre ordinateur portable pour rester connect\u00e9 en d\u00e9placement gr\u00e2ce \u00e0 un acc\u00e8s internet 3G fiable, o\u00f9 que vous soyez.<\/p>\n","protected":false},"featured_media":14328,"template":"","meta":[],"product_brand":[],"product_cat":[63],"product_tag":[62],"class_list":{"0":"post-14262","1":"product","2":"type-product","3":"status-publish","4":"has-post-thumbnail","6":"product_cat-motherboards-board-parts","7":"product_tag-lenovo","9":"first","10":"instock","11":"taxable","12":"shipping-taxable","13":"purchasable","14":"product-type-simple"},"_links":{"self":[{"href":"https:\/\/boreait.com\/fr\/wp-json\/wp\/v2\/product\/14262","targetHints":{"allow":["GET"]}}],"collection":[{"href":"https:\/\/boreait.com\/fr\/wp-json\/wp\/v2\/product"}],"about":[{"href":"https:\/\/boreait.com\/fr\/wp-json\/wp\/v2\/types\/product"}],"wp:featuredmedia":[{"embeddable":true,"href":"https:\/\/boreait.com\/fr\/wp-json\/wp\/v2\/media\/14328"}],"wp:attachment":[{"href":"https:\/\/boreait.com\/fr\/wp-json\/wp\/v2\/media?parent=14262"}],"wp:term":[{"taxonomy":"product_brand","embeddable":true,"href":"https:\/\/boreait.com\/fr\/wp-json\/wp\/v2\/product_brand?post=14262"},{"taxonomy":"product_cat","embeddable":true,"href":"https:\/\/boreait.com\/fr\/wp-json\/wp\/v2\/product_cat?post=14262"},{"taxonomy":"product_tag","embeddable":true,"href":"https:\/\/boreait.com\/fr\/wp-json\/wp\/v2\/product_tag?post=14262"}],"curies":[{"name":"wp","href":"https:\/\/api.w.org\/{rel}","templated":true}]}}