{"id":14260,"date":"2025-09-15T16:56:35","date_gmt":"2025-09-15T14:56:35","guid":{"rendered":"https:\/\/boreait.com\/fr\/?post_type=product&#038;p=14260"},"modified":"2026-01-28T09:09:17","modified_gmt":"2026-01-28T08:09:17","slug":"memoire-ram-hynix-4-go-pc3-12800-ddr3-1600-mhz-non-ecc-sans-tampon-pour-ordinateur-portable","status":"publish","type":"product","link":"https:\/\/boreait.com\/fr\/produit\/memoire-ram-hynix-4-go-pc3-12800-ddr3-1600-mhz-non-ecc-sans-tampon-pour-ordinateur-portable\/","title":{"rendered":"M\u00e9moire RAM Hynix 4 Go PC3-12800 DDR3 1600 MHz non ECC sans tampon pour ordinateur portable"},"content":{"rendered":"<p>Optimisez les performances et les capacit\u00e9s multit\u00e2ches de votre ordinateur portable avec le module de m\u00e9moire RAM Hynix authentique 4 Go PC3-12800 DDR3 1600 MHz non-ECC sans tampon. Con\u00e7ue pour la fiabilit\u00e9 et la compatibilit\u00e9, cette mise \u00e0 niveau de m\u00e9moire haute qualit\u00e9 est con\u00e7ue pour offrir des performances fluides et une r\u00e9activit\u00e9 am\u00e9lior\u00e9e \u00e0 votre exp\u00e9rience informatique.<\/p>\n<p>Avec une capacit\u00e9 de 4 Go et une vitesse de 1600 MHz, ce module de RAM Hynix DDR3 assure un fonctionnement fluide et efficace, que vous naviguiez sur le Web, regardiez du contenu multim\u00e9dia en streaming ou ex\u00e9cutiez des applications intensives. Gr\u00e2ce \u00e0 sa conception non-ECC sans tampon, il est id\u00e9al pour une utilisation quotidienne et compatible avec une large gamme de mod\u00e8les d&rsquo;ordinateurs portables.<\/p>\n<p>Mettez votre ordinateur portable \u00e0 niveau en toute confiance, sachant que vous investissez dans la qualit\u00e9 Hynix authentique. Fort de la r\u00e9putation d&rsquo;excellence d&rsquo;Hynix, ce module RAM est soumis \u00e0 des tests rigoureux pour garantir sa fiabilit\u00e9 et la constance de ses performances. De plus, gr\u00e2ce \u00e0 son installation facile, vous b\u00e9n\u00e9ficiez d&rsquo;une vitesse et d&rsquo;une r\u00e9activit\u00e9 syst\u00e8me am\u00e9lior\u00e9es en un rien de temps. B\u00e9n\u00e9ficiez de temps de d\u00e9marrage plus rapides, d&rsquo;un multit\u00e2che plus fluide et de performances globales am\u00e9lior\u00e9es gr\u00e2ce au module de m\u00e9moire RAM non-ECC sans tampon Hynix PC3-12800 4 Go DDR3 1600 MHz authentique. Mettez \u00e0 niveau votre ordinateur portable d\u00e8s aujourd&rsquo;hui et passez au niveau sup\u00e9rieur.<\/p>\n","protected":false},"excerpt":{"rendered":"<p>Am\u00e9liorez les performances de votre ordinateur portable avec ce module RAM Hynix authentique 4 Go PC3-12800 DDR3 1600 MHz Non-ECC Unbuffered. Con\u00e7ue pour la fiabilit\u00e9 et la compatibilit\u00e9, cette mise \u00e0 niveau de m\u00e9moire haute qualit\u00e9 est un moyen simple et \u00e9conomique d&rsquo;am\u00e9liorer la vitesse et les capacit\u00e9s multit\u00e2ches de votre syst\u00e8me.<\/p>\n","protected":false},"featured_media":14318,"template":"","meta":[],"product_brand":[],"product_cat":[73,72],"product_tag":[],"class_list":{"0":"post-14260","1":"product","2":"type-product","3":"status-publish","4":"has-post-thumbnail","6":"product_cat-ddr3-ddr3l","7":"product_cat-ram-memory","9":"first","10":"instock","11":"taxable","12":"shipping-taxable","13":"purchasable","14":"product-type-simple"},"_links":{"self":[{"href":"https:\/\/boreait.com\/fr\/wp-json\/wp\/v2\/product\/14260","targetHints":{"allow":["GET"]}}],"collection":[{"href":"https:\/\/boreait.com\/fr\/wp-json\/wp\/v2\/product"}],"about":[{"href":"https:\/\/boreait.com\/fr\/wp-json\/wp\/v2\/types\/product"}],"wp:featuredmedia":[{"embeddable":true,"href":"https:\/\/boreait.com\/fr\/wp-json\/wp\/v2\/media\/14318"}],"wp:attachment":[{"href":"https:\/\/boreait.com\/fr\/wp-json\/wp\/v2\/media?parent=14260"}],"wp:term":[{"taxonomy":"product_brand","embeddable":true,"href":"https:\/\/boreait.com\/fr\/wp-json\/wp\/v2\/product_brand?post=14260"},{"taxonomy":"product_cat","embeddable":true,"href":"https:\/\/boreait.com\/fr\/wp-json\/wp\/v2\/product_cat?post=14260"},{"taxonomy":"product_tag","embeddable":true,"href":"https:\/\/boreait.com\/fr\/wp-json\/wp\/v2\/product_tag?post=14260"}],"curies":[{"name":"wp","href":"https:\/\/api.w.org\/{rel}","templated":true}]}}