{"id":14258,"date":"2025-09-15T16:56:35","date_gmt":"2025-09-15T14:56:35","guid":{"rendered":"https:\/\/boreait.com\/fr\/?post_type=product&#038;p=14258"},"modified":"2026-01-28T09:08:56","modified_gmt":"2026-01-28T08:08:56","slug":"charnieres-pour-ecran-lcd-dordinateur-portable-lenovo-thinkpad-x220-x220i-x230-x230i-4","status":"publish","type":"product","link":"https:\/\/boreait.com\/fr\/produit\/charnieres-pour-ecran-lcd-dordinateur-portable-lenovo-thinkpad-x220-x220i-x230-x230i-4\/","title":{"rendered":"Charni\u00e8res pour \u00e9cran LCD d&rsquo;ordinateur portable Lenovo ThinkPad X220 X220i X230 X230i"},"content":{"rendered":"<p>Am\u00e9liorez la durabilit\u00e9 et les performances de votre ordinateur portable Lenovo ThinkPad X220, X220i, X230 ou X230i gr\u00e2ce \u00e0 ces charni\u00e8res LCD haut de gamme. Con\u00e7ues selon des sp\u00e9cifications pr\u00e9cises, ces charni\u00e8res s&rsquo;adaptent parfaitement \u00e0 votre appareil et s&rsquo;int\u00e8grent parfaitement \u00e0 celui-ci.<\/p>\n<p>Si l&rsquo;\u00e9cran de votre ordinateur portable est instable ou ne tient pas en place, il est peut-\u00eatre temps de remplacer les charni\u00e8res. Nos charni\u00e8res de marque offrent une solution fiable, garantissant la stabilit\u00e9 et la s\u00e9curit\u00e9 de votre \u00e9cran pendant l&rsquo;utilisation. Dites adieu aux tremblements de l&rsquo;\u00e9cran et profitez d&rsquo;une exp\u00e9rience utilisateur plus fluide gr\u00e2ce \u00e0 ces charni\u00e8res de haute qualit\u00e9.<\/p>\n<p>L&rsquo;installation est simple et directe, vous permettant de remplacer les charni\u00e8res vous-m\u00eame sans l&rsquo;aide d&rsquo;un professionnel. Restaurez l&rsquo;\u00e9cran de votre ordinateur portable \u00e0 son \u00e9tat d&rsquo;origine et prolongez sa dur\u00e9e de vie gr\u00e2ce \u00e0 ces charni\u00e8res LCD durables.<\/p>\n<p>Investissez dans la long\u00e9vit\u00e9 de votre ordinateur portable Lenovo ThinkPad et pr\u00e9servez ses fonctionnalit\u00e9s gr\u00e2ce \u00e0 ces charni\u00e8res LCD. Commandez d\u00e8s maintenant et offrez \u00e0 votre ordinateur portable la mise \u00e0 niveau qu&rsquo;il m\u00e9rite.<\/p>\n","protected":false},"excerpt":{"rendered":"<p>Remplacez les charni\u00e8res LCD de votre ordinateur portable endommag\u00e9es ou us\u00e9es par ces charni\u00e8res de marque con\u00e7ues pour les mod\u00e8les Lenovo ThinkPad X220, X220i, X230 et X230i. Restaurez facilement la stabilit\u00e9 et les fonctionnalit\u00e9s de l&rsquo;\u00e9cran de votre ordinateur portable.<\/p>\n","protected":false},"featured_media":14316,"template":"","meta":[],"product_brand":[],"product_cat":[55],"product_tag":[62],"class_list":{"0":"post-14258","1":"product","2":"type-product","3":"status-publish","4":"has-post-thumbnail","6":"product_cat-screen-hinge","7":"product_tag-lenovo","9":"first","10":"instock","11":"taxable","12":"shipping-taxable","13":"purchasable","14":"product-type-simple"},"_links":{"self":[{"href":"https:\/\/boreait.com\/fr\/wp-json\/wp\/v2\/product\/14258","targetHints":{"allow":["GET"]}}],"collection":[{"href":"https:\/\/boreait.com\/fr\/wp-json\/wp\/v2\/product"}],"about":[{"href":"https:\/\/boreait.com\/fr\/wp-json\/wp\/v2\/types\/product"}],"wp:featuredmedia":[{"embeddable":true,"href":"https:\/\/boreait.com\/fr\/wp-json\/wp\/v2\/media\/14316"}],"wp:attachment":[{"href":"https:\/\/boreait.com\/fr\/wp-json\/wp\/v2\/media?parent=14258"}],"wp:term":[{"taxonomy":"product_brand","embeddable":true,"href":"https:\/\/boreait.com\/fr\/wp-json\/wp\/v2\/product_brand?post=14258"},{"taxonomy":"product_cat","embeddable":true,"href":"https:\/\/boreait.com\/fr\/wp-json\/wp\/v2\/product_cat?post=14258"},{"taxonomy":"product_tag","embeddable":true,"href":"https:\/\/boreait.com\/fr\/wp-json\/wp\/v2\/product_tag?post=14258"}],"curies":[{"name":"wp","href":"https:\/\/api.w.org\/{rel}","templated":true}]}}