{"id":14257,"date":"2025-09-15T16:56:34","date_gmt":"2025-09-15T14:56:34","guid":{"rendered":"https:\/\/boreait.com\/fr\/?post_type=product&#038;p=14257"},"modified":"2026-01-27T20:13:21","modified_gmt":"2026-01-27T19:13:21","slug":"cache-pour-disque-dur-ibm-lenovo-thinkpad-x220-x230-x220i-x230i-2-rails-en-caoutchouc-doccasion","status":"publish","type":"product","link":"https:\/\/boreait.com\/fr\/produit\/cache-pour-disque-dur-ibm-lenovo-thinkpad-x220-x230-x220i-x230i-2-rails-en-caoutchouc-doccasion\/","title":{"rendered":"Cache pour disque dur IBM Lenovo ThinkPad X220 X230 X220i X230i + 2 rails en caoutchouc d&rsquo;occasion"},"content":{"rendered":"<p>Am\u00e9liorez ou remplacez le bo\u00eetier de disque dur de votre IBM Lenovo ThinkPad X220 ou X230 avec ce cache disque dur d&rsquo;occasion et ses 2 rails en caoutchouc. Compatible avec les mod\u00e8les X220, X230, X220i et X230i, cet ensemble vous permet d&rsquo;augmenter facilement la capacit\u00e9 de stockage de votre ordinateur portable.<\/p>\n<p>Principales caract\u00e9ristiques\u00a0:<\/p>\n<p>&#8211; Pi\u00e8ce de rechange IBM Lenovo d&rsquo;origine\u00a0: Compatibilit\u00e9 et fiabilit\u00e9 garanties avec des pi\u00e8ces d&rsquo;origine.<\/p>\n<p>&#8211; Installation facile\u00a0: Am\u00e9liorez facilement la capacit\u00e9 de stockage de votre ordinateur portable gr\u00e2ce \u00e0 une installation simple.<\/p>\n<p>&#8211; Mod\u00e8les compatibles\u00a0: Con\u00e7u pour les ordinateurs portables X220, X230, X220i et X230i.<\/p>\n<p>&#8211; Comprend 2 rails en caoutchouc\u00a0: Ensemble complet pour fixer votre disque dur.<\/p>\n<p>Veuillez noter que ces pi\u00e8ces sont d&rsquo;occasion et peuvent pr\u00e9senter des signes d&rsquo;usure. Cependant, leur fonctionnement a \u00e9t\u00e9 test\u00e9 et leur bon fonctionnement est garanti. Pour toute question ou assistance, n&rsquo;h\u00e9sitez pas \u00e0 nous contacter. Nous sommes l\u00e0 pour vous aider \u00e0 am\u00e9liorer les capacit\u00e9s de stockage de votre ThinkPad.<\/p>\n","protected":false},"excerpt":{"rendered":"<p>Optimisez l&rsquo;espace de stockage de votre IBM Lenovo ThinkPad X220 ou X230 avec ce bo\u00eetier de disque dur d&rsquo;occasion et ses deux rails en caoutchouc. Id\u00e9al pour remplacer ou moderniser le bo\u00eetier de disque dur de votre ordinateur portable. Compatible avec les mod\u00e8les X220, X230, X220i et X230i.<\/p>\n","protected":false},"featured_media":14315,"template":"","meta":[],"product_brand":[],"product_cat":[52],"product_tag":[62],"class_list":{"0":"post-14257","1":"product","2":"type-product","3":"status-publish","4":"has-post-thumbnail","6":"product_cat-laptop-housing","7":"product_tag-lenovo","9":"first","10":"instock","11":"taxable","12":"shipping-taxable","13":"purchasable","14":"product-type-simple"},"_links":{"self":[{"href":"https:\/\/boreait.com\/fr\/wp-json\/wp\/v2\/product\/14257","targetHints":{"allow":["GET"]}}],"collection":[{"href":"https:\/\/boreait.com\/fr\/wp-json\/wp\/v2\/product"}],"about":[{"href":"https:\/\/boreait.com\/fr\/wp-json\/wp\/v2\/types\/product"}],"wp:featuredmedia":[{"embeddable":true,"href":"https:\/\/boreait.com\/fr\/wp-json\/wp\/v2\/media\/14315"}],"wp:attachment":[{"href":"https:\/\/boreait.com\/fr\/wp-json\/wp\/v2\/media?parent=14257"}],"wp:term":[{"taxonomy":"product_brand","embeddable":true,"href":"https:\/\/boreait.com\/fr\/wp-json\/wp\/v2\/product_brand?post=14257"},{"taxonomy":"product_cat","embeddable":true,"href":"https:\/\/boreait.com\/fr\/wp-json\/wp\/v2\/product_cat?post=14257"},{"taxonomy":"product_tag","embeddable":true,"href":"https:\/\/boreait.com\/fr\/wp-json\/wp\/v2\/product_tag?post=14257"}],"curies":[{"name":"wp","href":"https:\/\/api.w.org\/{rel}","templated":true}]}}