{"id":14243,"date":"2025-09-15T16:56:11","date_gmt":"2025-09-15T14:56:11","guid":{"rendered":"https:\/\/boreait.com\/fr\/?post_type=product&#038;p=14243"},"modified":"2025-09-15T16:57:58","modified_gmt":"2025-09-15T14:57:58","slug":"lecteur-dempreintes-digitales-lenovo-thinkpad-fru-dorigine-48-4qe17-011-48-4qe18-011","status":"publish","type":"product","link":"https:\/\/boreait.com\/fr\/produit\/lecteur-dempreintes-digitales-lenovo-thinkpad-fru-dorigine-48-4qe17-011-48-4qe18-011\/","title":{"rendered":"Lecteur d&#8217;empreintes digitales Lenovo ThinkPad FRU d&rsquo;origine 48.4QE17.011 48.4QE18.011"},"content":{"rendered":"<p>Am\u00e9liorez la s\u00e9curit\u00e9 de votre Lenovo ThinkPad avec le lecteur d&#8217;empreintes digitales FRU d&rsquo;origine, compatible avec les r\u00e9f\u00e9rences 48.4QE17.011 et 48.4QE18.011. Con\u00e7ue pour durer et \u00eatre fiable, cette pi\u00e8ce de rechange authentique assure une int\u00e9gration parfaite et une protection renforc\u00e9e pour votre appareil.<\/p>\n<p>Principales caract\u00e9ristiques\u00a0:<\/p>\n<p>&#8211; Pi\u00e8ce de rechange Lenovo d&rsquo;origine\u00a0: Compatibilit\u00e9 et fiabilit\u00e9 garanties gr\u00e2ce au lecteur d&#8217;empreintes digitales FRU d&rsquo;origine.<\/p>\n<p>&#8211; Installation facile\u00a0: Am\u00e9liorez la s\u00e9curit\u00e9 de votre appareil sans effort gr\u00e2ce \u00e0 une installation simple.<\/p>\n<p>&#8211; S\u00e9curit\u00e9 renforc\u00e9e\u00a0: Prot\u00e9gez vos donn\u00e9es et votre appareil gr\u00e2ce \u00e0 une technologie avanc\u00e9e de reconnaissance d&#8217;empreintes digitales.<\/p>\n<p>&#8211; Construction durable\u00a0: Con\u00e7ue pour r\u00e9sister \u00e0 une utilisation quotidienne, elle garantit long\u00e9vit\u00e9 et fiabilit\u00e9.<\/p>\n<p>Mettez \u00e0 niveau votre Lenovo ThinkPad d\u00e8s aujourd&rsquo;hui avec le lecteur d&#8217;empreintes digitales FRU d&rsquo;origine. Achetez en toute confiance, sachant que vous investissez dans une pi\u00e8ce de rechange de qualit\u00e9. Pour toute question ou assistance, n&rsquo;h\u00e9sitez pas \u00e0 nous contacter. Nous sommes l\u00e0 pour vous aider \u00e0 am\u00e9liorer la s\u00e9curit\u00e9 de votre appareil.<\/p>\n","protected":false},"excerpt":{"rendered":"<p>Am\u00e9liorez votre Lenovo ThinkPad avec ce lecteur d&#8217;empreintes digitales FRU d&rsquo;origine. Facile \u00e0 installer et compatible avec les r\u00e9f\u00e9rences 48.4QE17.011 et 48.4QE18.011. Am\u00e9liorez la s\u00e9curit\u00e9 de votre appareil d\u00e8s aujourd&rsquo;hui\u00a0!<\/p>\n","protected":false},"featured_media":14310,"template":"","meta":[],"product_brand":[],"product_cat":[63],"product_tag":[62],"class_list":{"0":"post-14243","1":"product","2":"type-product","3":"status-publish","4":"has-post-thumbnail","6":"product_cat-motherboards-board-parts","7":"product_tag-lenovo","9":"first","10":"instock","11":"taxable","12":"shipping-taxable","13":"purchasable","14":"product-type-simple"},"_links":{"self":[{"href":"https:\/\/boreait.com\/fr\/wp-json\/wp\/v2\/product\/14243","targetHints":{"allow":["GET"]}}],"collection":[{"href":"https:\/\/boreait.com\/fr\/wp-json\/wp\/v2\/product"}],"about":[{"href":"https:\/\/boreait.com\/fr\/wp-json\/wp\/v2\/types\/product"}],"wp:featuredmedia":[{"embeddable":true,"href":"https:\/\/boreait.com\/fr\/wp-json\/wp\/v2\/media\/14310"}],"wp:attachment":[{"href":"https:\/\/boreait.com\/fr\/wp-json\/wp\/v2\/media?parent=14243"}],"wp:term":[{"taxonomy":"product_brand","embeddable":true,"href":"https:\/\/boreait.com\/fr\/wp-json\/wp\/v2\/product_brand?post=14243"},{"taxonomy":"product_cat","embeddable":true,"href":"https:\/\/boreait.com\/fr\/wp-json\/wp\/v2\/product_cat?post=14243"},{"taxonomy":"product_tag","embeddable":true,"href":"https:\/\/boreait.com\/fr\/wp-json\/wp\/v2\/product_tag?post=14243"}],"curies":[{"name":"wp","href":"https:\/\/api.w.org\/{rel}","templated":true}]}}