{"id":14242,"date":"2025-09-15T16:56:11","date_gmt":"2025-09-15T14:56:11","guid":{"rendered":"https:\/\/boreait.com\/fr\/?post_type=product&#038;p=14242"},"modified":"2025-09-15T16:57:57","modified_gmt":"2025-09-15T14:57:57","slug":"cable-de-webcam-dorigine-pour-lenovo-thinkpad-x220-x230-50-4kh03-002-04w1408","status":"publish","type":"product","link":"https:\/\/boreait.com\/fr\/produit\/cable-de-webcam-dorigine-pour-lenovo-thinkpad-x220-x230-50-4kh03-002-04w1408\/","title":{"rendered":"C\u00e2ble de webcam d&rsquo;origine pour Lenovo ThinkPad X220 X230 50.4KH03.002 04W1408"},"content":{"rendered":"<p>Am\u00e9liorez les fonctionnalit\u00e9s de la cam\u00e9ra de votre ordinateur portable Lenovo ThinkPad X220 ou X230 avec le c\u00e2ble webcam d&rsquo;origine, r\u00e9f\u00e9rence 50.4KH03.002 04W1408. Con\u00e7ue pour la durabilit\u00e9 et la compatibilit\u00e9, cette pi\u00e8ce de rechange authentique garantit des performances fiables et une installation facile.<\/p>\n<p>Principales caract\u00e9ristiques\u00a0:<\/p>\n<p>&#8211; Pi\u00e8ce de rechange Lenovo d&rsquo;origine\u00a0: Compatibilit\u00e9 et fiabilit\u00e9 garanties avec une pi\u00e8ce de rechange authentique.<\/p>\n<p>&#8211; Installation facile\u00a0: Am\u00e9liorez la cam\u00e9ra de votre ordinateur portable en toute simplicit\u00e9 gr\u00e2ce \u00e0 une installation simple.<\/p>\n<p>&#8211; Fonctionnalit\u00e9s am\u00e9lior\u00e9es de la cam\u00e9ra\u00a0: Am\u00e9liorez la qualit\u00e9 de vos appels vid\u00e9o et de vos conf\u00e9rences avec ce c\u00e2ble webcam d&rsquo;origine.<\/p>\n<p>&#8211; Construction durable\u00a0: Con\u00e7u pour r\u00e9sister \u00e0 l&rsquo;usure, il garantit long\u00e9vit\u00e9 et fiabilit\u00e9.<\/p>\n<p>Am\u00e9liorez votre ordinateur portable Lenovo ThinkPad X220 ou X230 d\u00e8s aujourd&rsquo;hui avec le c\u00e2ble webcam d&rsquo;origine. Achetez en toute confiance, sachant que vous investissez dans une pi\u00e8ce de rechange de qualit\u00e9 pour votre appareil. Pour toute question ou besoin d&rsquo;aide, n&rsquo;h\u00e9sitez pas \u00e0 nous contacter. Nous sommes l\u00e0 pour vous aider \u00e0 am\u00e9liorer les fonctionnalit\u00e9s de votre appareil.<\/p>\n","protected":false},"excerpt":{"rendered":"<p>Am\u00e9liorez la cam\u00e9ra de votre Lenovo ThinkPad X220 ou X230 avec ce c\u00e2ble webcam d&rsquo;origine. Facile \u00e0 installer et compatible avec la r\u00e9f\u00e9rence 50.4KH03.002 04W1408. Optimisez les fonctionnalit\u00e9s de la cam\u00e9ra de votre ordinateur portable d\u00e8s aujourd&rsquo;hui\u00a0!<\/p>\n","protected":false},"featured_media":14309,"template":"","meta":[],"product_brand":[],"product_cat":[56],"product_tag":[62],"class_list":{"0":"post-14242","1":"product","2":"type-product","3":"status-publish","4":"has-post-thumbnail","6":"product_cat-cables","7":"product_tag-lenovo","9":"first","10":"instock","11":"taxable","12":"shipping-taxable","13":"purchasable","14":"product-type-simple"},"_links":{"self":[{"href":"https:\/\/boreait.com\/fr\/wp-json\/wp\/v2\/product\/14242","targetHints":{"allow":["GET"]}}],"collection":[{"href":"https:\/\/boreait.com\/fr\/wp-json\/wp\/v2\/product"}],"about":[{"href":"https:\/\/boreait.com\/fr\/wp-json\/wp\/v2\/types\/product"}],"wp:featuredmedia":[{"embeddable":true,"href":"https:\/\/boreait.com\/fr\/wp-json\/wp\/v2\/media\/14309"}],"wp:attachment":[{"href":"https:\/\/boreait.com\/fr\/wp-json\/wp\/v2\/media?parent=14242"}],"wp:term":[{"taxonomy":"product_brand","embeddable":true,"href":"https:\/\/boreait.com\/fr\/wp-json\/wp\/v2\/product_brand?post=14242"},{"taxonomy":"product_cat","embeddable":true,"href":"https:\/\/boreait.com\/fr\/wp-json\/wp\/v2\/product_cat?post=14242"},{"taxonomy":"product_tag","embeddable":true,"href":"https:\/\/boreait.com\/fr\/wp-json\/wp\/v2\/product_tag?post=14242"}],"curies":[{"name":"wp","href":"https:\/\/api.w.org\/{rel}","templated":true}]}}