{"id":14228,"date":"2025-09-15T16:55:43","date_gmt":"2025-09-15T14:55:43","guid":{"rendered":"https:\/\/boreait.com\/fr\/?post_type=product&#038;p=14228"},"modified":"2026-01-27T20:12:32","modified_gmt":"2026-01-27T19:12:32","slug":"carte-bluetooth-sans-fil-hp-dorigine-pour-chromebook-hp-11-11a-g8-ee-t77h644-88-qcnfa344a","status":"publish","type":"product","link":"https:\/\/boreait.com\/fr\/produit\/carte-bluetooth-sans-fil-hp-dorigine-pour-chromebook-hp-11-11a-g8-ee-t77h644-88-qcnfa344a\/","title":{"rendered":"Carte Bluetooth sans fil HP d&rsquo;origine pour Chromebook HP 11 11a G8 EE T77H644.88 QCNFA344A"},"content":{"rendered":"<p>Am\u00e9liorez la connectivit\u00e9 de votre HP Chromebook 11 11a G8 EE avec la carte Bluetooth sans fil HP authentique, mod\u00e8le T77H644.88 QCNFA344A. Con\u00e7ue pour la fiabilit\u00e9 et la compatibilit\u00e9, cette pi\u00e8ce de rechange authentique garantit une connectivit\u00e9 Bluetooth fluide et une installation facile.<\/p>\n<p>Principales caract\u00e9ristiques\u00a0:<\/p>\n<p>&#8211; Pi\u00e8ce de rechange HP authentique\u00a0: Compatibilit\u00e9 et fiabilit\u00e9 garanties avec une pi\u00e8ce de rechange authentique.<\/p>\n<p>&#8211; Connectivit\u00e9 fluide\u00a0: Profitez d&rsquo;une connectivit\u00e9 Bluetooth ininterrompue pour votre HP Chromebook 11 11a G8 EE.<\/p>\n<p>&#8211; Installation facile\u00a0: Mettez \u00e0 niveau votre appareil sans effort gr\u00e2ce \u00e0 une installation simple.<\/p>\n<p>&#8211; Fonctionnalit\u00e9s am\u00e9lior\u00e9es\u00a0: D\u00e9veloppez les capacit\u00e9s de votre Chromebook gr\u00e2ce \u00e0 une connectivit\u00e9 Bluetooth fiable.<\/p>\n<p>Mettez \u00e0 niveau votre HP Chromebook 11 11a G8 EE d\u00e8s aujourd&rsquo;hui avec la carte Bluetooth sans fil HP authentique. Achetez en toute confiance, sachant que vous investissez dans une pi\u00e8ce de rechange de qualit\u00e9 pour votre appareil. Pour toute question ou assistance, n&rsquo;h\u00e9sitez pas \u00e0 nous contacter. Nous sommes l\u00e0 pour vous aider \u00e0 am\u00e9liorer les fonctionnalit\u00e9s de votre Chromebook.<\/p>\n","protected":false},"excerpt":{"rendered":"<p>Am\u00e9liorez votre HP Chromebook 11 11a G8 EE avec cette carte Bluetooth sans fil HP d&rsquo;origine. B\u00e9n\u00e9ficiez d&rsquo;une connectivit\u00e9 et d&rsquo;une compatibilit\u00e9 optimales. Am\u00e9liorez les fonctionnalit\u00e9s de votre appareil d\u00e8s aujourd&rsquo;hui\u00a0!<\/p>\n","protected":false},"featured_media":14293,"template":"","meta":[],"product_brand":[],"product_cat":[63],"product_tag":[61],"class_list":{"0":"post-14228","1":"product","2":"type-product","3":"status-publish","4":"has-post-thumbnail","6":"product_cat-motherboards-board-parts","7":"product_tag-hp","9":"first","10":"instock","11":"taxable","12":"shipping-taxable","13":"purchasable","14":"product-type-simple"},"_links":{"self":[{"href":"https:\/\/boreait.com\/fr\/wp-json\/wp\/v2\/product\/14228","targetHints":{"allow":["GET"]}}],"collection":[{"href":"https:\/\/boreait.com\/fr\/wp-json\/wp\/v2\/product"}],"about":[{"href":"https:\/\/boreait.com\/fr\/wp-json\/wp\/v2\/types\/product"}],"wp:featuredmedia":[{"embeddable":true,"href":"https:\/\/boreait.com\/fr\/wp-json\/wp\/v2\/media\/14293"}],"wp:attachment":[{"href":"https:\/\/boreait.com\/fr\/wp-json\/wp\/v2\/media?parent=14228"}],"wp:term":[{"taxonomy":"product_brand","embeddable":true,"href":"https:\/\/boreait.com\/fr\/wp-json\/wp\/v2\/product_brand?post=14228"},{"taxonomy":"product_cat","embeddable":true,"href":"https:\/\/boreait.com\/fr\/wp-json\/wp\/v2\/product_cat?post=14228"},{"taxonomy":"product_tag","embeddable":true,"href":"https:\/\/boreait.com\/fr\/wp-json\/wp\/v2\/product_tag?post=14228"}],"curies":[{"name":"wp","href":"https:\/\/api.w.org\/{rel}","templated":true}]}}