{"id":14225,"date":"2025-09-15T16:55:42","date_gmt":"2025-09-15T14:55:42","guid":{"rendered":"https:\/\/boreait.com\/fr\/?post_type=product&#038;p=14225"},"modified":"2026-01-27T20:12:02","modified_gmt":"2026-01-27T19:12:02","slug":"cable-de-camera-et-webcam-dorigine-pour-hp-chromebook-11-g8-ee-tpn-q232-11a-dd0gahcm020","status":"publish","type":"product","link":"https:\/\/boreait.com\/fr\/produit\/cable-de-camera-et-webcam-dorigine-pour-hp-chromebook-11-g8-ee-tpn-q232-11a-dd0gahcm020\/","title":{"rendered":"C\u00e2ble de cam\u00e9ra et webcam d&rsquo;origine pour HP Chromebook 11 G8 EE TPN-Q232 11a DD0GAHCM020"},"content":{"rendered":"<p>Am\u00e9liorez les fonctionnalit\u00e9s de la cam\u00e9ra de votre HP Chromebook 11 G8 EE avec le c\u00e2ble de cam\u00e9ra et de webcam d&rsquo;origine, r\u00e9f\u00e9rence DD0GAHCM020. Con\u00e7ue pour la durabilit\u00e9 et la compatibilit\u00e9, cette pi\u00e8ce de rechange authentique garantit des performances fiables et une installation facile.<\/p>\n<p>Principales caract\u00e9ristiques\u00a0:<\/p>\n<p>&#8211; Remplacement HP d&rsquo;origine\u00a0: Compatibilit\u00e9 et fiabilit\u00e9 garanties avec une pi\u00e8ce de rechange authentique.<\/p>\n<p>&#8211; Installation facile\u00a0: Am\u00e9liorez la cam\u00e9ra de votre appareil sans effort gr\u00e2ce \u00e0 une installation simple.<\/p>\n<p>&#8211; Performances am\u00e9lior\u00e9es de la cam\u00e9ra\u00a0: Am\u00e9liorez les performances de la webcam de votre Chromebook pour des appels vid\u00e9o et des conf\u00e9rences plus clairs.<\/p>\n<p>&#8211; Construction durable\u00a0: Con\u00e7ue pour r\u00e9sister \u00e0 une utilisation r\u00e9guli\u00e8re, elle garantit long\u00e9vit\u00e9 et fiabilit\u00e9.<\/p>\n<p>Am\u00e9liorez votre HP Chromebook 11 G8 EE d\u00e8s aujourd&rsquo;hui avec le c\u00e2ble de cam\u00e9ra et de webcam d&rsquo;origine. Achetez en toute confiance, sachant que vous investissez dans une pi\u00e8ce de rechange de qualit\u00e9 pour votre appareil. Pour toute question ou besoin d&rsquo;aide, n&rsquo;h\u00e9sitez pas \u00e0 nous contacter. Nous sommes l\u00e0 pour vous aider \u00e0 am\u00e9liorer les fonctionnalit\u00e9s de votre Chromebook.<\/p>\n","protected":false},"excerpt":{"rendered":"<p>Am\u00e9liorez les performances de la cam\u00e9ra de votre HP Chromebook 11 G8 EE avec ce c\u00e2ble webcam d&rsquo;origine. Facile \u00e0 installer et compatible avec la r\u00e9f\u00e9rence DD0GAHCM020. Am\u00e9liorez les performances de la webcam de votre appareil d\u00e8s aujourd&rsquo;hui\u00a0!<\/p>\n","protected":false},"featured_media":14284,"template":"","meta":[],"product_brand":[],"product_cat":[56],"product_tag":[],"class_list":{"0":"post-14225","1":"product","2":"type-product","3":"status-publish","4":"has-post-thumbnail","6":"product_cat-cables","8":"first","9":"instock","10":"taxable","11":"shipping-taxable","12":"purchasable","13":"product-type-simple"},"_links":{"self":[{"href":"https:\/\/boreait.com\/fr\/wp-json\/wp\/v2\/product\/14225","targetHints":{"allow":["GET"]}}],"collection":[{"href":"https:\/\/boreait.com\/fr\/wp-json\/wp\/v2\/product"}],"about":[{"href":"https:\/\/boreait.com\/fr\/wp-json\/wp\/v2\/types\/product"}],"wp:featuredmedia":[{"embeddable":true,"href":"https:\/\/boreait.com\/fr\/wp-json\/wp\/v2\/media\/14284"}],"wp:attachment":[{"href":"https:\/\/boreait.com\/fr\/wp-json\/wp\/v2\/media?parent=14225"}],"wp:term":[{"taxonomy":"product_brand","embeddable":true,"href":"https:\/\/boreait.com\/fr\/wp-json\/wp\/v2\/product_brand?post=14225"},{"taxonomy":"product_cat","embeddable":true,"href":"https:\/\/boreait.com\/fr\/wp-json\/wp\/v2\/product_cat?post=14225"},{"taxonomy":"product_tag","embeddable":true,"href":"https:\/\/boreait.com\/fr\/wp-json\/wp\/v2\/product_tag?post=14225"}],"curies":[{"name":"wp","href":"https:\/\/api.w.org\/{rel}","templated":true}]}}