{"id":14224,"date":"2025-09-15T16:55:42","date_gmt":"2025-09-15T14:55:42","guid":{"rendered":"https:\/\/boreait.com\/fr\/?post_type=product&#038;p=14224"},"modified":"2026-01-27T20:11:46","modified_gmt":"2026-01-27T19:11:46","slug":"module-thermique-de-dissipateur-thermique-dorigine-hp-11-g8-ee-l92813-001-l92817-001","status":"publish","type":"product","link":"https:\/\/boreait.com\/fr\/produit\/module-thermique-de-dissipateur-thermique-dorigine-hp-11-g8-ee-l92813-001-l92817-001\/","title":{"rendered":"Module thermique de dissipateur thermique d&rsquo;origine HP 11 G8 EE L92813-001 L92817-001"},"content":{"rendered":"<p>Am\u00e9liorez l&rsquo;efficacit\u00e9 du refroidissement de votre ordinateur portable HP 11 G8 EE avec le module de dissipateur thermique d&rsquo;origine, compatible avec les r\u00e9f\u00e9rences L92813-001 et L92817-001. Con\u00e7ue pour une gestion thermique optimale, cette pi\u00e8ce de rechange authentique garantit des performances fiables et une installation facile.<\/p>\n<p>Principales caract\u00e9ristiques\u00a0:<\/p>\n<p>&#8211; Pi\u00e8ce de rechange HP d&rsquo;origine\u00a0: Compatibilit\u00e9 et fiabilit\u00e9 garanties avec une pi\u00e8ce de rechange authentique.<\/p>\n<p>&#8211; Gestion thermique efficace\u00a0: Am\u00e9liorez le syst\u00e8me de refroidissement de votre appareil pour de meilleures performances.<\/p>\n<p>&#8211; Compatibilit\u00e9\u00a0: Compatible avec les ordinateurs portables HP 11 G8 EE portant les r\u00e9f\u00e9rences L92813-001 et L92817-001.<\/p>\n<p>&#8211; Installation facile\u00a0: Am\u00e9liorez la gestion thermique de votre appareil sans effort gr\u00e2ce \u00e0 une installation simple.<\/p>\n<p>Mettez \u00e0 niveau votre ordinateur portable HP 11 G8 EE d\u00e8s aujourd&rsquo;hui avec le module de dissipateur thermique d&rsquo;origine. Achetez en toute confiance, sachant que vous investissez dans une pi\u00e8ce de rechange de qualit\u00e9. Pour toute question ou besoin d&rsquo;aide, n&rsquo;h\u00e9sitez pas \u00e0 nous contacter. Nous sommes l\u00e0 pour vous aider \u00e0 am\u00e9liorer les performances de votre appareil.<\/p>\n","protected":false},"excerpt":{"rendered":"<p>Am\u00e9liorez le syst\u00e8me de refroidissement de votre HP 11 G8 EE avec ce module de dissipateur thermique d&rsquo;origine. Compatible avec les r\u00e9f\u00e9rences L92813-001 et L92817-001. Am\u00e9liorez la gestion thermique de votre appareil d\u00e8s aujourd&rsquo;hui\u00a0!<\/p>\n","protected":false},"featured_media":14283,"template":"","meta":[],"product_brand":[],"product_cat":[69],"product_tag":[61],"class_list":{"0":"post-14224","1":"product","2":"type-product","3":"status-publish","4":"has-post-thumbnail","6":"product_cat-cpu-fans-heatsinks","7":"product_tag-hp","9":"first","10":"instock","11":"taxable","12":"shipping-taxable","13":"purchasable","14":"product-type-simple"},"_links":{"self":[{"href":"https:\/\/boreait.com\/fr\/wp-json\/wp\/v2\/product\/14224","targetHints":{"allow":["GET"]}}],"collection":[{"href":"https:\/\/boreait.com\/fr\/wp-json\/wp\/v2\/product"}],"about":[{"href":"https:\/\/boreait.com\/fr\/wp-json\/wp\/v2\/types\/product"}],"wp:featuredmedia":[{"embeddable":true,"href":"https:\/\/boreait.com\/fr\/wp-json\/wp\/v2\/media\/14283"}],"wp:attachment":[{"href":"https:\/\/boreait.com\/fr\/wp-json\/wp\/v2\/media?parent=14224"}],"wp:term":[{"taxonomy":"product_brand","embeddable":true,"href":"https:\/\/boreait.com\/fr\/wp-json\/wp\/v2\/product_brand?post=14224"},{"taxonomy":"product_cat","embeddable":true,"href":"https:\/\/boreait.com\/fr\/wp-json\/wp\/v2\/product_cat?post=14224"},{"taxonomy":"product_tag","embeddable":true,"href":"https:\/\/boreait.com\/fr\/wp-json\/wp\/v2\/product_tag?post=14224"}],"curies":[{"name":"wp","href":"https:\/\/api.w.org\/{rel}","templated":true}]}}