{"id":14206,"date":"2025-09-15T16:55:15","date_gmt":"2025-09-15T14:55:15","guid":{"rendered":"https:\/\/boreait.com\/fr\/?post_type=product&#038;p=14206"},"modified":"2025-09-15T16:56:48","modified_gmt":"2025-09-15T14:56:48","slug":"ensemble-clavier-et-pave-tactile-pour-chromebook-hp-11-g8-ee-dorigine","status":"publish","type":"product","link":"https:\/\/boreait.com\/fr\/produit\/ensemble-clavier-et-pave-tactile-pour-chromebook-hp-11-g8-ee-dorigine\/","title":{"rendered":"Ensemble clavier et pav\u00e9 tactile pour Chromebook HP 11 G8 EE d&rsquo;origine"},"content":{"rendered":"<p>Am\u00e9liorez les fonctionnalit\u00e9s et l&rsquo;apparence de votre HP Chromebook 11 G8 EE avec l&rsquo;ensemble clavier et pav\u00e9 tactile repose-poignets d&rsquo;origine. Con\u00e7ue pour une durabilit\u00e9 et une compatibilit\u00e9 optimales, cette pi\u00e8ce de rechange authentique garantit des performances fiables et une exp\u00e9rience utilisateur am\u00e9lior\u00e9e. Disposition nordique, compatible avec d&rsquo;autres pays\u00a0!<\/p>\n<p>Principales caract\u00e9ristiques\u00a0:<\/p>\n<p>&#8211; Pi\u00e8ce de rechange HP d&rsquo;origine\u00a0: Compatibilit\u00e9 et fiabilit\u00e9 garanties avec une pi\u00e8ce de rechange authentique.<\/p>\n<p>&#8211; Installation facile\u00a0: Mettez \u00e0 niveau votre appareil sans effort gr\u00e2ce \u00e0 une installation simple.<\/p>\n<p>&#8211; Fonctionnalit\u00e9s am\u00e9lior\u00e9es\u00a0: Am\u00e9liorez l&rsquo;ergonomie de votre Chromebook avec un nouveau clavier et un nouveau pav\u00e9 tactile.<\/p>\n<p>&#8211; Construction durable\u00a0: Con\u00e7ue pour r\u00e9sister \u00e0 une utilisation quotidienne, elle garantit long\u00e9vit\u00e9 et fiabilit\u00e9.<\/p>\n<p>Mettez \u00e0 niveau votre HP Chromebook 11 G8 EE d\u00e8s aujourd&rsquo;hui avec l&rsquo;ensemble clavier et pav\u00e9 tactile repose-poignets d&rsquo;origine. Achetez en toute confiance, sachant que vous investissez dans une pi\u00e8ce de rechange de qualit\u00e9 pour votre appareil. Pour toute question ou besoin d&rsquo;aide, n&rsquo;h\u00e9sitez pas \u00e0 nous contacter. Nous sommes l\u00e0 pour vous aider \u00e0 am\u00e9liorer les fonctionnalit\u00e9s de votre appareil.<\/p>\n","protected":false},"excerpt":{"rendered":"<p>Am\u00e9liorez votre HP Chromebook 11 G8 EE avec cet ensemble repose-poignets, clavier et pav\u00e9 tactile d&rsquo;origine. Facile \u00e0 installer et con\u00e7u pour une compatibilit\u00e9 optimale, il optimisera les fonctionnalit\u00e9s et l&rsquo;apparence de votre appareil d\u00e8s aujourd&rsquo;hui\u00a0!<\/p>\n","protected":false},"featured_media":14268,"template":"","meta":[],"product_brand":[],"product_cat":[71],"product_tag":[61],"class_list":{"0":"post-14206","1":"product","2":"type-product","3":"status-publish","4":"has-post-thumbnail","6":"product_cat-laptop-keyboard","7":"product_tag-hp","9":"first","10":"instock","11":"taxable","12":"shipping-taxable","13":"purchasable","14":"product-type-simple"},"_links":{"self":[{"href":"https:\/\/boreait.com\/fr\/wp-json\/wp\/v2\/product\/14206","targetHints":{"allow":["GET"]}}],"collection":[{"href":"https:\/\/boreait.com\/fr\/wp-json\/wp\/v2\/product"}],"about":[{"href":"https:\/\/boreait.com\/fr\/wp-json\/wp\/v2\/types\/product"}],"wp:featuredmedia":[{"embeddable":true,"href":"https:\/\/boreait.com\/fr\/wp-json\/wp\/v2\/media\/14268"}],"wp:attachment":[{"href":"https:\/\/boreait.com\/fr\/wp-json\/wp\/v2\/media?parent=14206"}],"wp:term":[{"taxonomy":"product_brand","embeddable":true,"href":"https:\/\/boreait.com\/fr\/wp-json\/wp\/v2\/product_brand?post=14206"},{"taxonomy":"product_cat","embeddable":true,"href":"https:\/\/boreait.com\/fr\/wp-json\/wp\/v2\/product_cat?post=14206"},{"taxonomy":"product_tag","embeddable":true,"href":"https:\/\/boreait.com\/fr\/wp-json\/wp\/v2\/product_tag?post=14206"}],"curies":[{"name":"wp","href":"https:\/\/api.w.org\/{rel}","templated":true}]}}