{"id":14205,"date":"2025-09-15T16:55:14","date_gmt":"2025-09-15T14:55:14","guid":{"rendered":"https:\/\/boreait.com\/fr\/?post_type=product&#038;p=14205"},"modified":"2025-09-15T16:56:44","modified_gmt":"2025-09-15T14:56:44","slug":"charnieres-de-remplacement-dorigine-pour-chromebook-hp-11-g5-ee","status":"publish","type":"product","link":"https:\/\/boreait.com\/fr\/produit\/charnieres-de-remplacement-dorigine-pour-chromebook-hp-11-g5-ee\/","title":{"rendered":"Charni\u00e8res de remplacement d&rsquo;origine pour Chromebook HP 11 G5 EE"},"content":{"rendered":"<p>Assurez le fonctionnement optimal de votre Chromebook HP 11 G5 EE gr\u00e2ce \u00e0 ce jeu de charni\u00e8res de rechange d&rsquo;origine. Con\u00e7u pour la durabilit\u00e9 et la compatibilit\u00e9, ce jeu de charni\u00e8res est la solution id\u00e9ale pour restaurer toutes les fonctionnalit\u00e9s de votre appareil.<\/p>\n<p>Principales caract\u00e9ristiques\u00a0:<\/p>\n<p>&#8211; Pi\u00e8ce de rechange HP d&rsquo;origine\u00a0: Compatibilit\u00e9 et fiabilit\u00e9 garanties gr\u00e2ce \u00e0 une pi\u00e8ce de rechange d&rsquo;origine.<\/p>\n<p>&#8211; Installation facile\u00a0: Modernisez votre appareil sans effort gr\u00e2ce \u00e0 une installation simple.<\/p>\n<p>&#8211; Durabilit\u00e9 accrue\u00a0: Restaurez les charni\u00e8res de votre Chromebook pour une ouverture et une fermeture en douceur.<\/p>\n<p>&#8211; Performances fiables\u00a0: Pr\u00e9servez l&rsquo;int\u00e9grit\u00e9 et les performances de votre Chromebook gr\u00e2ce \u00e0 ce jeu de charni\u00e8res durable.<\/p>\n<p>Mettez \u00e0 niveau votre Chromebook HP 11 G5 EE d\u00e8s aujourd&rsquo;hui avec ce jeu de charni\u00e8res d&rsquo;origine. Achetez en toute confiance, sachant que vous investissez dans une pi\u00e8ce de rechange de qualit\u00e9. Pour toute question ou assistance, n&rsquo;h\u00e9sitez pas \u00e0 nous contacter. Nous sommes l\u00e0 pour vous aider \u00e0 restaurer les fonctionnalit\u00e9s de votre appareil.<\/p>\n","protected":false},"excerpt":{"rendered":"<p>Remplacez les charni\u00e8res de votre Chromebook HP 11 G5 EE par ce jeu de charni\u00e8res d&rsquo;origine. Faciles \u00e0 installer et compatibles avec votre appareil, retrouvez les fonctionnalit\u00e9s de votre Chromebook d\u00e8s aujourd&rsquo;hui\u00a0!<\/p>\n","protected":false},"featured_media":14267,"template":"","meta":[],"product_brand":[],"product_cat":[55],"product_tag":[61],"class_list":{"0":"post-14205","1":"product","2":"type-product","3":"status-publish","4":"has-post-thumbnail","6":"product_cat-screen-hinge","7":"product_tag-hp","9":"first","10":"instock","11":"taxable","12":"shipping-taxable","13":"purchasable","14":"product-type-simple"},"_links":{"self":[{"href":"https:\/\/boreait.com\/fr\/wp-json\/wp\/v2\/product\/14205","targetHints":{"allow":["GET"]}}],"collection":[{"href":"https:\/\/boreait.com\/fr\/wp-json\/wp\/v2\/product"}],"about":[{"href":"https:\/\/boreait.com\/fr\/wp-json\/wp\/v2\/types\/product"}],"wp:featuredmedia":[{"embeddable":true,"href":"https:\/\/boreait.com\/fr\/wp-json\/wp\/v2\/media\/14267"}],"wp:attachment":[{"href":"https:\/\/boreait.com\/fr\/wp-json\/wp\/v2\/media?parent=14205"}],"wp:term":[{"taxonomy":"product_brand","embeddable":true,"href":"https:\/\/boreait.com\/fr\/wp-json\/wp\/v2\/product_brand?post=14205"},{"taxonomy":"product_cat","embeddable":true,"href":"https:\/\/boreait.com\/fr\/wp-json\/wp\/v2\/product_cat?post=14205"},{"taxonomy":"product_tag","embeddable":true,"href":"https:\/\/boreait.com\/fr\/wp-json\/wp\/v2\/product_tag?post=14205"}],"curies":[{"name":"wp","href":"https:\/\/api.w.org\/{rel}","templated":true}]}}