{"id":14189,"date":"2025-09-15T16:54:50","date_gmt":"2025-09-15T14:54:50","guid":{"rendered":"https:\/\/boreait.com\/fr\/?post_type=product&#038;p=14189"},"modified":"2026-01-27T16:49:47","modified_gmt":"2026-01-27T15:49:47","slug":"support-de-montage-pour-disque-dur-asus-eee-pc-1225b","status":"publish","type":"product","link":"https:\/\/boreait.com\/fr\/produit\/support-de-montage-pour-disque-dur-asus-eee-pc-1225b\/","title":{"rendered":"Support de montage pour disque dur ASUS EEE PC 1225B"},"content":{"rendered":"<p>Am\u00e9liorez la capacit\u00e9 de stockage de votre ASUS EEE PC 1225B gr\u00e2ce au support de montage pour disque dur HDD Caddy. Con\u00e7u pour la durabilit\u00e9 et la compatibilit\u00e9, ce support garantit des performances fiables et une installation facile.<\/p>\n<p>Principales caract\u00e9ristiques\u00a0:<\/p>\n<p>&#8211; Compatible avec l&rsquo;ASUS EEE PC 1225B\u00a0: compatibilit\u00e9 garantie avec votre appareil.<\/p>\n<p>&#8211; Installation facile\u00a0: augmentez facilement la capacit\u00e9 de stockage de votre appareil gr\u00e2ce \u00e0 une installation simple.<\/p>\n<p>&#8211; Stockage am\u00e9lior\u00e9\u00a0: augmentez la capacit\u00e9 de stockage de votre ordinateur portable pour des fonctionnalit\u00e9s am\u00e9lior\u00e9es.<\/p>\n<p>&#8211; Construction durable\u00a0: con\u00e7ue pour r\u00e9sister \u00e0 l&rsquo;usure, garantissant long\u00e9vit\u00e9 et fiabilit\u00e9.<\/p>\n<p>Mettez \u00e0 niveau votre ASUS EEE PC 1225B d\u00e8s aujourd&rsquo;hui gr\u00e2ce au support de montage pour disque dur HDD Caddy. Achetez en toute confiance, sachant que vous investissez dans un accessoire de qualit\u00e9 pour votre appareil. Pour toute question ou besoin d&rsquo;aide, n&rsquo;h\u00e9sitez pas \u00e0 nous contacter. Nous sommes l\u00e0 pour vous aider \u00e0 am\u00e9liorer les capacit\u00e9s de stockage de votre appareil.<\/p>\n","protected":false},"excerpt":{"rendered":"<p>Am\u00e9liorez la capacit\u00e9 de stockage de votre ASUS EEE PC 1225B avec ce support de montage pour disque dur. Facile \u00e0 installer et compatible avec divers disques durs, il vous permet d&rsquo;optimiser la capacit\u00e9 de stockage de votre appareil d\u00e8s aujourd&rsquo;hui\u00a0!<\/p>\n","protected":false},"featured_media":14249,"template":"","meta":[],"product_brand":[],"product_cat":[52],"product_tag":[66],"class_list":{"0":"post-14189","1":"product","2":"type-product","3":"status-publish","4":"has-post-thumbnail","6":"product_cat-laptop-housing","7":"product_tag-asus","9":"first","10":"instock","11":"taxable","12":"shipping-taxable","13":"purchasable","14":"product-type-simple"},"_links":{"self":[{"href":"https:\/\/boreait.com\/fr\/wp-json\/wp\/v2\/product\/14189","targetHints":{"allow":["GET"]}}],"collection":[{"href":"https:\/\/boreait.com\/fr\/wp-json\/wp\/v2\/product"}],"about":[{"href":"https:\/\/boreait.com\/fr\/wp-json\/wp\/v2\/types\/product"}],"wp:featuredmedia":[{"embeddable":true,"href":"https:\/\/boreait.com\/fr\/wp-json\/wp\/v2\/media\/14249"}],"wp:attachment":[{"href":"https:\/\/boreait.com\/fr\/wp-json\/wp\/v2\/media?parent=14189"}],"wp:term":[{"taxonomy":"product_brand","embeddable":true,"href":"https:\/\/boreait.com\/fr\/wp-json\/wp\/v2\/product_brand?post=14189"},{"taxonomy":"product_cat","embeddable":true,"href":"https:\/\/boreait.com\/fr\/wp-json\/wp\/v2\/product_cat?post=14189"},{"taxonomy":"product_tag","embeddable":true,"href":"https:\/\/boreait.com\/fr\/wp-json\/wp\/v2\/product_tag?post=14189"}],"curies":[{"name":"wp","href":"https:\/\/api.w.org\/{rel}","templated":true}]}}