{"id":14187,"date":"2025-09-15T16:54:49","date_gmt":"2025-09-15T14:54:49","guid":{"rendered":"https:\/\/boreait.com\/fr\/?post_type=product&#038;p=14187"},"modified":"2026-01-27T16:49:16","modified_gmt":"2026-01-27T15:49:16","slug":"paire-de-haut-parleurs-internes-gauche-et-droite-dorigine-pour-asus-eee-pc-1225b","status":"publish","type":"product","link":"https:\/\/boreait.com\/fr\/produit\/paire-de-haut-parleurs-internes-gauche-et-droite-dorigine-pour-asus-eee-pc-1225b\/","title":{"rendered":"Paire de haut-parleurs internes gauche et droite d&rsquo;origine pour Asus Eee PC 1225B"},"content":{"rendered":"<p>Am\u00e9liorez l&rsquo;exp\u00e9rience audio de votre Asus Eee PC 1225B avec la paire de haut-parleurs internes gauche et droite d&rsquo;origine. Con\u00e7us pour une compatibilit\u00e9 et une qualit\u00e9 sonore authentiques, ces haut-parleurs garantissent une exp\u00e9rience d&rsquo;\u00e9coute optimale.<\/p>\n<p>Principales caract\u00e9ristiques\u00a0:<\/p>\n<p>&#8211; Pi\u00e8ce de rechange Asus d&rsquo;origine\u00a0: Authentique et compatibilit\u00e9 garanties avec une pi\u00e8ce de rechange d&rsquo;origine.<\/p>\n<p>&#8211; Exp\u00e9rience audio am\u00e9lior\u00e9e\u00a0: Profitez d&rsquo;une qualit\u00e9 sonore et d&rsquo;une clart\u00e9 sup\u00e9rieures avec ces haut-parleurs internes.<\/p>\n<p>&#8211; Installation facile\u00a0: Am\u00e9liorez le son de votre appareil sans effort gr\u00e2ce \u00e0 une installation simple.<\/p>\n<p>&#8211; Pi\u00e8ces d&rsquo;origine\u00a0: Soyez rassur\u00e9\u00a0: vous investissez dans des pi\u00e8ces d&rsquo;origine Asus pour des performances fiables.<\/p>\n<p>Am\u00e9liorez votre Asus Eee PC 1225B d\u00e8s aujourd&rsquo;hui avec la paire de haut-parleurs internes gauche et droite d&rsquo;origine. Achetez en toute confiance, sachant que vous investissez dans une pi\u00e8ce de rechange de qualit\u00e9 pour votre appareil. Pour toute question ou besoin d&rsquo;aide, n&rsquo;h\u00e9sitez pas \u00e0 nous contacter. Nous sommes l\u00e0 pour vous aider \u00e0 am\u00e9liorer votre exp\u00e9rience audio.<\/p>\n","protected":false},"excerpt":{"rendered":"<p>Am\u00e9liorez le son de votre Asus Eee PC 1225B avec cette paire de haut-parleurs internes gauche et droite d&rsquo;origine. Assurez-vous une qualit\u00e9 sonore authentique et une compatibilit\u00e9 optimale avec votre appareil. Am\u00e9liorez votre exp\u00e9rience audio d\u00e8s aujourd&rsquo;hui\u00a0!<\/p>\n","protected":false},"featured_media":14247,"template":"","meta":[],"product_brand":[],"product_cat":[54],"product_tag":[66],"class_list":{"0":"post-14187","1":"product","2":"type-product","3":"status-publish","4":"has-post-thumbnail","6":"product_cat-laptop-speakers","7":"product_tag-asus","9":"first","10":"instock","11":"taxable","12":"shipping-taxable","13":"purchasable","14":"product-type-simple"},"_links":{"self":[{"href":"https:\/\/boreait.com\/fr\/wp-json\/wp\/v2\/product\/14187","targetHints":{"allow":["GET"]}}],"collection":[{"href":"https:\/\/boreait.com\/fr\/wp-json\/wp\/v2\/product"}],"about":[{"href":"https:\/\/boreait.com\/fr\/wp-json\/wp\/v2\/types\/product"}],"wp:featuredmedia":[{"embeddable":true,"href":"https:\/\/boreait.com\/fr\/wp-json\/wp\/v2\/media\/14247"}],"wp:attachment":[{"href":"https:\/\/boreait.com\/fr\/wp-json\/wp\/v2\/media?parent=14187"}],"wp:term":[{"taxonomy":"product_brand","embeddable":true,"href":"https:\/\/boreait.com\/fr\/wp-json\/wp\/v2\/product_brand?post=14187"},{"taxonomy":"product_cat","embeddable":true,"href":"https:\/\/boreait.com\/fr\/wp-json\/wp\/v2\/product_cat?post=14187"},{"taxonomy":"product_tag","embeddable":true,"href":"https:\/\/boreait.com\/fr\/wp-json\/wp\/v2\/product_tag?post=14187"}],"curies":[{"name":"wp","href":"https:\/\/api.w.org\/{rel}","templated":true}]}}