{"id":14186,"date":"2025-09-15T16:54:49","date_gmt":"2025-09-15T14:54:49","guid":{"rendered":"https:\/\/boreait.com\/fr\/?post_type=product&#038;p=14186"},"modified":"2026-01-27T16:48:59","modified_gmt":"2026-01-27T15:48:59","slug":"adaptateur-wi-fi-802-11b-g-draft-n-dorigine-bcm94313hmg-pour-hp-6460b-2560b-8560p-g72-mini110","status":"publish","type":"product","link":"https:\/\/boreait.com\/fr\/produit\/adaptateur-wi-fi-802-11b-g-draft-n-dorigine-bcm94313hmg-pour-hp-6460b-2560b-8560p-g72-mini110\/","title":{"rendered":"Adaptateur Wi-Fi 802.11b\/g\/draft-n d&rsquo;origine BCM94313HMG pour HP 6460b 2560b 8560p g72 Mini110"},"content":{"rendered":"<p>Am\u00e9liorez la connectivit\u00e9 sans fil de votre ordinateur portable HP avec l&rsquo;adaptateur Wi-Fi 802.11b\/g\/draft-n BCM94313HMG d&rsquo;origine. Compatible avec les mod\u00e8les HP 6460b, 2560b, 8560p, g72 et Mini110, cette pi\u00e8ce de rechange authentique garantit des performances fiables et une installation facile.<\/p>\n<p>Principales caract\u00e9ristiques\u00a0:<\/p>\n<p>&#8211; Pi\u00e8ce de rechange HP d&rsquo;origine\u00a0: Compatibilit\u00e9 et fiabilit\u00e9 garanties avec une pi\u00e8ce de rechange authentique.<\/p>\n<p>&#8211; Performances sans fil am\u00e9lior\u00e9es\u00a0: Am\u00e9liorez la connectivit\u00e9 sans fil de votre appareil pour un acc\u00e8s Internet plus rapide et plus stable.<\/p>\n<p>&#8211; Installation facile\u00a0: Installez l&rsquo;adaptateur Wi-Fi sans effort, sans l&rsquo;aide d&rsquo;un professionnel.<\/p>\n<p>&#8211; Compatibilit\u00e9\u00a0: Compatible avec de nombreux mod\u00e8les d&rsquo;ordinateurs portables HP, il offre une polyvalence adapt\u00e9e \u00e0 vos besoins.<\/p>\n<p>Mettez \u00e0 niveau votre ordinateur portable HP d\u00e8s aujourd&rsquo;hui avec l&rsquo;adaptateur Wi-Fi 802.11b\/g\/draft-n BCM94313HMG d&rsquo;origine. Achetez en toute confiance, sachant que vous investissez dans une pi\u00e8ce de rechange de qualit\u00e9 pour votre appareil. Pour toute question ou besoin d&rsquo;aide, n&rsquo;h\u00e9sitez pas \u00e0 nous contacter. Nous sommes l\u00e0 pour vous aider \u00e0 am\u00e9liorer les fonctionnalit\u00e9s sans fil de votre appareil.<\/p>\n","protected":false},"excerpt":{"rendered":"<p>Am\u00e9liorez la connectivit\u00e9 de votre ordinateur portable HP avec cet adaptateur Wi-Fi 802.11b\/g\/draft-n BCM94313HMG authentique. Compatible avec les mod\u00e8les HP 6460b, 2560b, 8560p, g72 et Mini110. Am\u00e9liorez les performances sans fil de votre appareil d\u00e8s aujourd&rsquo;hui\u00a0!<\/p>\n","protected":false},"featured_media":14245,"template":"","meta":[],"product_brand":[],"product_cat":[63],"product_tag":[],"class_list":{"0":"post-14186","1":"product","2":"type-product","3":"status-publish","4":"has-post-thumbnail","6":"product_cat-motherboards-board-parts","8":"first","9":"instock","10":"taxable","11":"shipping-taxable","12":"purchasable","13":"product-type-simple"},"_links":{"self":[{"href":"https:\/\/boreait.com\/fr\/wp-json\/wp\/v2\/product\/14186","targetHints":{"allow":["GET"]}}],"collection":[{"href":"https:\/\/boreait.com\/fr\/wp-json\/wp\/v2\/product"}],"about":[{"href":"https:\/\/boreait.com\/fr\/wp-json\/wp\/v2\/types\/product"}],"wp:featuredmedia":[{"embeddable":true,"href":"https:\/\/boreait.com\/fr\/wp-json\/wp\/v2\/media\/14245"}],"wp:attachment":[{"href":"https:\/\/boreait.com\/fr\/wp-json\/wp\/v2\/media?parent=14186"}],"wp:term":[{"taxonomy":"product_brand","embeddable":true,"href":"https:\/\/boreait.com\/fr\/wp-json\/wp\/v2\/product_brand?post=14186"},{"taxonomy":"product_cat","embeddable":true,"href":"https:\/\/boreait.com\/fr\/wp-json\/wp\/v2\/product_cat?post=14186"},{"taxonomy":"product_tag","embeddable":true,"href":"https:\/\/boreait.com\/fr\/wp-json\/wp\/v2\/product_tag?post=14186"}],"curies":[{"name":"wp","href":"https:\/\/api.w.org\/{rel}","templated":true}]}}