{"id":14184,"date":"2025-09-15T16:54:49","date_gmt":"2025-09-15T14:54:49","guid":{"rendered":"https:\/\/boreait.com\/fr\/?post_type=product&#038;p=14184"},"modified":"2025-09-15T16:56:00","modified_gmt":"2025-09-15T14:56:00","slug":"cable-video-lcd-dorigine-asus-1225b-1422-017b000","status":"publish","type":"product","link":"https:\/\/boreait.com\/fr\/produit\/cable-video-lcd-dorigine-asus-1225b-1422-017b000\/","title":{"rendered":"C\u00e2ble vid\u00e9o LCD d&rsquo;origine Asus 1225B 1422-017B000"},"content":{"rendered":"<p>Am\u00e9liorez la qualit\u00e9 d&rsquo;affichage de votre ordinateur portable Asus 1225B avec le c\u00e2ble vid\u00e9o LCD d&rsquo;origine, r\u00e9f\u00e9rence 1422-017B000. Con\u00e7ue pour la durabilit\u00e9 et la compatibilit\u00e9, cette pi\u00e8ce de rechange authentique garantit des performances fiables et une installation facile.<\/p>\n<p>Principales caract\u00e9ristiques\u00a0:<\/p>\n<p>&#8211; Pi\u00e8ce de rechange Asus d&rsquo;origine\u00a0: Compatibilit\u00e9 et fiabilit\u00e9 garanties avec une pi\u00e8ce de rechange authentique.<\/p>\n<p>&#8211; Installation facile\u00a0: Am\u00e9liorez l&rsquo;\u00e9cran de votre ordinateur portable sans effort gr\u00e2ce \u00e0 une installation simple.<\/p>\n<p>&#8211; Qualit\u00e9 d&rsquo;affichage am\u00e9lior\u00e9e\u00a0: Am\u00e9liorez l&rsquo;affichage de votre ordinateur portable pour des images plus claires et plus nettes.<\/p>\n<p>&#8211; Construction durable\u00a0: Con\u00e7ue pour r\u00e9sister \u00e0 l&rsquo;usure, elle garantit long\u00e9vit\u00e9 et fiabilit\u00e9.<\/p>\n<p>Am\u00e9liorez votre ordinateur portable Asus 1225B d\u00e8s aujourd&rsquo;hui avec le c\u00e2ble vid\u00e9o LCD d&rsquo;origine. Achetez en toute confiance, sachant que vous investissez dans une pi\u00e8ce de rechange de qualit\u00e9 pour votre appareil. Pour toute question ou besoin d&rsquo;aide, n&rsquo;h\u00e9sitez pas \u00e0 nous contacter. Nous sommes l\u00e0 pour vous aider \u00e0 am\u00e9liorer la qualit\u00e9 d&rsquo;affichage de votre ordinateur portable.<\/p>\n","protected":false},"excerpt":{"rendered":"<p>Am\u00e9liorez l&rsquo;\u00e9cran de votre Asus 1225B avec ce c\u00e2ble vid\u00e9o LCD d&rsquo;origine. Facile \u00e0 installer et compatible avec la r\u00e9f\u00e9rence 1422-017B000. Am\u00e9liorez la qualit\u00e9 d&rsquo;affichage de votre ordinateur portable d\u00e8s aujourd&rsquo;hui\u00a0!<\/p>\n","protected":false},"featured_media":14237,"template":"","meta":[],"product_brand":[],"product_cat":[56],"product_tag":[66],"class_list":{"0":"post-14184","1":"product","2":"type-product","3":"status-publish","4":"has-post-thumbnail","6":"product_cat-cables","7":"product_tag-asus","9":"first","10":"instock","11":"taxable","12":"shipping-taxable","13":"purchasable","14":"product-type-simple"},"_links":{"self":[{"href":"https:\/\/boreait.com\/fr\/wp-json\/wp\/v2\/product\/14184","targetHints":{"allow":["GET"]}}],"collection":[{"href":"https:\/\/boreait.com\/fr\/wp-json\/wp\/v2\/product"}],"about":[{"href":"https:\/\/boreait.com\/fr\/wp-json\/wp\/v2\/types\/product"}],"wp:featuredmedia":[{"embeddable":true,"href":"https:\/\/boreait.com\/fr\/wp-json\/wp\/v2\/media\/14237"}],"wp:attachment":[{"href":"https:\/\/boreait.com\/fr\/wp-json\/wp\/v2\/media?parent=14184"}],"wp:term":[{"taxonomy":"product_brand","embeddable":true,"href":"https:\/\/boreait.com\/fr\/wp-json\/wp\/v2\/product_brand?post=14184"},{"taxonomy":"product_cat","embeddable":true,"href":"https:\/\/boreait.com\/fr\/wp-json\/wp\/v2\/product_cat?post=14184"},{"taxonomy":"product_tag","embeddable":true,"href":"https:\/\/boreait.com\/fr\/wp-json\/wp\/v2\/product_tag?post=14184"}],"curies":[{"name":"wp","href":"https:\/\/api.w.org\/{rel}","templated":true}]}}