{"id":14183,"date":"2025-09-15T16:54:48","date_gmt":"2025-09-15T14:54:48","guid":{"rendered":"https:\/\/boreait.com\/fr\/?post_type=product&#038;p=14183"},"modified":"2025-09-15T16:55:57","modified_gmt":"2025-09-15T14:55:57","slug":"coque-arriere-de-lecran-lcd-dorigine-asus-1225b-13na-3ma0c11-13goa3m1ap071-10","status":"publish","type":"product","link":"https:\/\/boreait.com\/fr\/produit\/coque-arriere-de-lecran-lcd-dorigine-asus-1225b-13na-3ma0c11-13goa3m1ap071-10\/","title":{"rendered":"Coque arri\u00e8re de l&rsquo;\u00e9cran LCD d&rsquo;origine Asus 1225B 13NA-3MA0C11 13GOA3M1AP071-10"},"content":{"rendered":"<p>Sublimez l&rsquo;apparence de votre ordinateur portable Asus 1225B avec le cache arri\u00e8re LCD d&rsquo;origine, r\u00e9f\u00e9rences 13NA-3MA0C11 et 13GOA3M1AP071-10. Con\u00e7ue pour la durabilit\u00e9 et la compatibilit\u00e9, cette pi\u00e8ce de rechange authentique garantit des performances fiables et une installation facile.<\/p>\n<p>Principales caract\u00e9ristiques\u00a0:<\/p>\n<p>&#8211; Pi\u00e8ce de rechange Asus d&rsquo;origine\u00a0: Compatibilit\u00e9 et fiabilit\u00e9 garanties avec une pi\u00e8ce de rechange authentique.<\/p>\n<p>&#8211; Installation facile\u00a0: Sublimez l&rsquo;apparence de votre ordinateur portable sans effort gr\u00e2ce \u00e0 une installation simple.<\/p>\n<p>&#8211; Apparence am\u00e9lior\u00e9e\u00a0: Transformez l&rsquo;apparence de votre Asus 1225B avec ce cache arri\u00e8re LCD \u00e9l\u00e9gant.<\/p>\n<p>&#8211; Construction durable\u00a0: Con\u00e7ue pour r\u00e9sister \u00e0 une utilisation quotidienne, elle garantit long\u00e9vit\u00e9 et fiabilit\u00e9.<\/p>\n<p>Am\u00e9liorez votre ordinateur portable Asus 1225B d\u00e8s aujourd&rsquo;hui avec le cache arri\u00e8re LCD d&rsquo;origine. Achetez en toute confiance, sachant que vous investissez dans une pi\u00e8ce de rechange de qualit\u00e9. Pour toute question ou assistance, n&rsquo;h\u00e9sitez pas \u00e0 nous contacter. Nous sommes l\u00e0 pour vous aider \u00e0 am\u00e9liorer l&rsquo;esth\u00e9tique de votre ordinateur portable.<\/p>\n","protected":false},"excerpt":{"rendered":"<p>Sublimez l&rsquo;apparence de votre Asus 1225B avec ce cache arri\u00e8re LCD d&rsquo;origine. Facile \u00e0 installer, il est compatible avec les r\u00e9f\u00e9rences 13NA-3MA0C11 et 13GOA3M1AP071-10. Am\u00e9liorez le look de votre ordinateur portable d\u00e8s aujourd&rsquo;hui\u00a0!<\/p>\n","protected":false},"featured_media":14236,"template":"","meta":[],"product_brand":[],"product_cat":[52],"product_tag":[66],"class_list":{"0":"post-14183","1":"product","2":"type-product","3":"status-publish","4":"has-post-thumbnail","6":"product_cat-laptop-housing","7":"product_tag-asus","9":"first","10":"instock","11":"taxable","12":"shipping-taxable","13":"purchasable","14":"product-type-simple"},"_links":{"self":[{"href":"https:\/\/boreait.com\/fr\/wp-json\/wp\/v2\/product\/14183","targetHints":{"allow":["GET"]}}],"collection":[{"href":"https:\/\/boreait.com\/fr\/wp-json\/wp\/v2\/product"}],"about":[{"href":"https:\/\/boreait.com\/fr\/wp-json\/wp\/v2\/types\/product"}],"wp:featuredmedia":[{"embeddable":true,"href":"https:\/\/boreait.com\/fr\/wp-json\/wp\/v2\/media\/14236"}],"wp:attachment":[{"href":"https:\/\/boreait.com\/fr\/wp-json\/wp\/v2\/media?parent=14183"}],"wp:term":[{"taxonomy":"product_brand","embeddable":true,"href":"https:\/\/boreait.com\/fr\/wp-json\/wp\/v2\/product_brand?post=14183"},{"taxonomy":"product_cat","embeddable":true,"href":"https:\/\/boreait.com\/fr\/wp-json\/wp\/v2\/product_cat?post=14183"},{"taxonomy":"product_tag","embeddable":true,"href":"https:\/\/boreait.com\/fr\/wp-json\/wp\/v2\/product_tag?post=14183"}],"curies":[{"name":"wp","href":"https:\/\/api.w.org\/{rel}","templated":true}]}}