{"id":14167,"date":"2025-09-15T16:54:23","date_gmt":"2025-09-15T14:54:23","guid":{"rendered":"https:\/\/boreait.com\/fr\/?post_type=product&#038;p=14167"},"modified":"2025-09-15T16:55:34","modified_gmt":"2025-09-15T14:55:34","slug":"piece-de-rechange-dorigine-pour-clavier-asus-eee-pc-1225b","status":"publish","type":"product","link":"https:\/\/boreait.com\/fr\/produit\/piece-de-rechange-dorigine-pour-clavier-asus-eee-pc-1225b\/","title":{"rendered":"Pi\u00e8ce de rechange d&rsquo;origine pour clavier ASUS EEE PC 1225B"},"content":{"rendered":"<p>Am\u00e9liorez les fonctionnalit\u00e9s de votre ordinateur portable ASUS EEE PC 1225B avec ce clavier de rechange d&rsquo;origine. Con\u00e7u pour la compatibilit\u00e9 et la facilit\u00e9 d&rsquo;installation, ce clavier de rechange authentique garantit des performances fiables et restaure les fonctionnalit\u00e9s de votre ordinateur portable. Disposition nordique, compatible avec d&rsquo;autres pays\u00a0!<\/p>\n<p>Caract\u00e9ristiques principales\u00a0:<\/p>\n<p>&#8211; Pi\u00e8ce de rechange ASUS d&rsquo;origine\u00a0: Compatibilit\u00e9 et fiabilit\u00e9 garanties avec une pi\u00e8ce de rechange authentique.<\/p>\n<p>&#8211; Installation facile\u00a0: Am\u00e9liorez le clavier de votre ordinateur portable sans effort gr\u00e2ce \u00e0 une installation simple.<\/p>\n<p>&#8211; Fonctionnalit\u00e9s am\u00e9lior\u00e9es\u00a0: Restaurez les fonctionnalit\u00e9s de votre appareil avec un nouveau clavier de rechange.<\/p>\n<p>&#8211; Construction durable\u00a0: Con\u00e7u pour r\u00e9sister \u00e0 une utilisation r\u00e9guli\u00e8re, il garantit long\u00e9vit\u00e9 et fiabilit\u00e9.<\/p>\n<p>Am\u00e9liorez votre ordinateur portable ASUS EEE PC 1225B d\u00e8s aujourd&rsquo;hui avec ce clavier de rechange d&rsquo;origine. Achetez en toute confiance, sachant que vous investissez dans une pi\u00e8ce de rechange de qualit\u00e9 pour votre appareil. Pour toute question ou besoin d&rsquo;aide, n&rsquo;h\u00e9sitez pas \u00e0 nous contacter. Nous sommes l\u00e0 pour vous aider \u00e0 restaurer les fonctionnalit\u00e9s de votre ordinateur portable.<\/p>\n","protected":false},"excerpt":{"rendered":"<p>Am\u00e9liorez le clavier de votre ASUS EEE PC 1225B avec cette pi\u00e8ce de rechange d&rsquo;origine. Facile \u00e0 installer et compatible avec votre appareil, retrouvez les fonctionnalit\u00e9s de votre ordinateur portable d\u00e8s aujourd&rsquo;hui\u00a0!<\/p>\n","protected":false},"featured_media":14218,"template":"","meta":[],"product_brand":[],"product_cat":[71],"product_tag":[66],"class_list":{"0":"post-14167","1":"product","2":"type-product","3":"status-publish","4":"has-post-thumbnail","6":"product_cat-laptop-keyboard","7":"product_tag-asus","9":"first","10":"instock","11":"taxable","12":"shipping-taxable","13":"purchasable","14":"product-type-simple"},"_links":{"self":[{"href":"https:\/\/boreait.com\/fr\/wp-json\/wp\/v2\/product\/14167","targetHints":{"allow":["GET"]}}],"collection":[{"href":"https:\/\/boreait.com\/fr\/wp-json\/wp\/v2\/product"}],"about":[{"href":"https:\/\/boreait.com\/fr\/wp-json\/wp\/v2\/types\/product"}],"wp:featuredmedia":[{"embeddable":true,"href":"https:\/\/boreait.com\/fr\/wp-json\/wp\/v2\/media\/14218"}],"wp:attachment":[{"href":"https:\/\/boreait.com\/fr\/wp-json\/wp\/v2\/media?parent=14167"}],"wp:term":[{"taxonomy":"product_brand","embeddable":true,"href":"https:\/\/boreait.com\/fr\/wp-json\/wp\/v2\/product_brand?post=14167"},{"taxonomy":"product_cat","embeddable":true,"href":"https:\/\/boreait.com\/fr\/wp-json\/wp\/v2\/product_cat?post=14167"},{"taxonomy":"product_tag","embeddable":true,"href":"https:\/\/boreait.com\/fr\/wp-json\/wp\/v2\/product_tag?post=14167"}],"curies":[{"name":"wp","href":"https:\/\/api.w.org\/{rel}","templated":true}]}}