{"id":14164,"date":"2025-09-15T16:54:22","date_gmt":"2025-09-15T14:54:22","guid":{"rendered":"https:\/\/boreait.com\/fr\/?post_type=product&#038;p=14164"},"modified":"2026-01-27T16:48:30","modified_gmt":"2026-01-27T15:48:30","slug":"carte-bluetooth-dorigine-lenovo-thinkpad-t61-39t0497","status":"publish","type":"product","link":"https:\/\/boreait.com\/fr\/produit\/carte-bluetooth-dorigine-lenovo-thinkpad-t61-39t0497\/","title":{"rendered":"Carte Bluetooth d&rsquo;origine Lenovo Thinkpad T61 39T0497"},"content":{"rendered":"<p>Am\u00e9liorez la connectivit\u00e9 de votre ordinateur portable Lenovo Thinkpad T61 avec la carte Bluetooth d&rsquo;origine, r\u00e9f\u00e9rence 39T0497. Con\u00e7ue pour la compatibilit\u00e9 et la fiabilit\u00e9, cette pi\u00e8ce de rechange authentique garantit une fonctionnalit\u00e9 Bluetooth fluide et une installation facile.<\/p>\n<p>Principales caract\u00e9ristiques\u00a0:<\/p>\n<p>&#8211; Pi\u00e8ce de rechange Lenovo d&rsquo;origine\u00a0: Compatibilit\u00e9 et fiabilit\u00e9 garanties gr\u00e2ce \u00e0 une pi\u00e8ce de rechange authentique.<\/p>\n<p>&#8211; Installation facile\u00a0: Am\u00e9liorez la connectivit\u00e9 de votre ordinateur portable sans effort gr\u00e2ce \u00e0 une installation simple.<\/p>\n<p>&#8211; Fonctionnalit\u00e9 Bluetooth am\u00e9lior\u00e9e\u00a0: Profitez d&rsquo;une connectivit\u00e9 Bluetooth fluide pour une polyvalence accrue.<\/p>\n<p>&#8211; Compatibilit\u00e9\u00a0: Con\u00e7ue pour fonctionner parfaitement avec le mod\u00e8le Lenovo Thinkpad T61.<\/p>\n<p>&#8211; Assurance qualit\u00e9\u00a0: Fabriqu\u00e9e selon les normes de qualit\u00e9 \u00e9lev\u00e9es de Lenovo, elle garantit long\u00e9vit\u00e9 et fiabilit\u00e9.<\/p>\n<p>Mettez \u00e0 niveau votre ordinateur portable Lenovo Thinkpad T61 d\u00e8s aujourd&rsquo;hui avec la carte Bluetooth d&rsquo;origine. Achetez en toute confiance, sachant que vous investissez dans une pi\u00e8ce de rechange de qualit\u00e9 pour votre appareil. Pour toute question ou assistance, n&rsquo;h\u00e9sitez pas \u00e0 nous contacter. Nous sommes l\u00e0 pour vous aider \u00e0 am\u00e9liorer les fonctionnalit\u00e9s de votre ordinateur portable.<\/p>\n","protected":false},"excerpt":{"rendered":"<p>Am\u00e9liorez la connectivit\u00e9 de votre Lenovo Thinkpad T61 avec cette carte Bluetooth d&rsquo;origine. Facile \u00e0 installer et compatible avec la r\u00e9f\u00e9rence 39T0497. Am\u00e9liorez la connectivit\u00e9 de votre ordinateur portable d\u00e8s aujourd&rsquo;hui\u00a0!<\/p>\n","protected":false},"featured_media":14215,"template":"","meta":[],"product_brand":[],"product_cat":[63],"product_tag":[62],"class_list":{"0":"post-14164","1":"product","2":"type-product","3":"status-publish","4":"has-post-thumbnail","6":"product_cat-motherboards-board-parts","7":"product_tag-lenovo","9":"first","10":"instock","11":"taxable","12":"shipping-taxable","13":"purchasable","14":"product-type-simple"},"_links":{"self":[{"href":"https:\/\/boreait.com\/fr\/wp-json\/wp\/v2\/product\/14164","targetHints":{"allow":["GET"]}}],"collection":[{"href":"https:\/\/boreait.com\/fr\/wp-json\/wp\/v2\/product"}],"about":[{"href":"https:\/\/boreait.com\/fr\/wp-json\/wp\/v2\/types\/product"}],"wp:featuredmedia":[{"embeddable":true,"href":"https:\/\/boreait.com\/fr\/wp-json\/wp\/v2\/media\/14215"}],"wp:attachment":[{"href":"https:\/\/boreait.com\/fr\/wp-json\/wp\/v2\/media?parent=14164"}],"wp:term":[{"taxonomy":"product_brand","embeddable":true,"href":"https:\/\/boreait.com\/fr\/wp-json\/wp\/v2\/product_brand?post=14164"},{"taxonomy":"product_cat","embeddable":true,"href":"https:\/\/boreait.com\/fr\/wp-json\/wp\/v2\/product_cat?post=14164"},{"taxonomy":"product_tag","embeddable":true,"href":"https:\/\/boreait.com\/fr\/wp-json\/wp\/v2\/product_tag?post=14164"}],"curies":[{"name":"wp","href":"https:\/\/api.w.org\/{rel}","templated":true}]}}