{"id":14156,"date":"2025-09-15T16:54:00","date_gmt":"2025-09-15T14:54:00","guid":{"rendered":"https:\/\/boreait.com\/fr\/?post_type=product&#038;p=14156"},"modified":"2026-01-27T16:48:15","modified_gmt":"2026-01-27T15:48:15","slug":"memoire-ram-kingston-9905295-077-a00lf-ktl-tp667-2g-ddr2-pc2-5300-667-mhz","status":"publish","type":"product","link":"https:\/\/boreait.com\/fr\/produit\/memoire-ram-kingston-9905295-077-a00lf-ktl-tp667-2g-ddr2-pc2-5300-667-mhz\/","title":{"rendered":"M\u00e9moire RAM Kingston 9905295-077.A00LF KTL-TP667\/2G DDR2 PC2-5300 (667 MHz)"},"content":{"rendered":"<p>Am\u00e9liorez les performances de votre appareil avec la RAM Kingston 9905295-077.A00LF KTL-TP667\/2G DDR2 PC2-5300 (667 MHz) d&rsquo;origine. Con\u00e7u pour une compatibilit\u00e9 optimale et une vitesse optimale, ce module m\u00e9moire est un choix fiable pour la mise \u00e0 niveau de votre appareil.<\/p>\n<p>Principales caract\u00e9ristiques\u00a0:<\/p>\n<p>&#8211; Pi\u00e8ce de rechange Kingston d&rsquo;origine\u00a0: Compatibilit\u00e9 et fiabilit\u00e9 garanties avec une pi\u00e8ce de rechange authentique.<\/p>\n<p>&#8211; Installation facile\u00a0: Mettez \u00e0 niveau la m\u00e9moire de votre appareil sans effort gr\u00e2ce \u00e0 une installation simple.<\/p>\n<p>&#8211; Performances am\u00e9lior\u00e9es\u00a0: B\u00e9n\u00e9ficiez de vitesses plus rapides et d&rsquo;une r\u00e9activit\u00e9 accrue avec cette RAM DDR2.<\/p>\n<p>&#8211; Compatibilit\u00e9\u00a0: Con\u00e7ue pour fonctionner parfaitement avec une vari\u00e9t\u00e9 de mod\u00e8les d&rsquo;appareils pour plus de commodit\u00e9.<\/p>\n<p>&#8211; Construction durable\u00a0: Con\u00e7ue pour r\u00e9sister \u00e0 une utilisation intensive, elle garantit long\u00e9vit\u00e9 et fiabilit\u00e9.<\/p>\n<p>Mettez \u00e0 niveau la m\u00e9moire de votre appareil d\u00e8s aujourd&rsquo;hui avec la RAM Kingston DDR2 PC2-5300 (667 MHz) d&rsquo;origine. Achetez en toute confiance, sachant que vous investissez dans une pi\u00e8ce de rechange de qualit\u00e9 pour votre appareil. Pour toute question ou besoin d&rsquo;aide, n&rsquo;h\u00e9sitez pas \u00e0 nous contacter. Nous sommes l\u00e0 pour vous aider \u00e0 am\u00e9liorer les performances de votre appareil.<\/p>\n","protected":false},"excerpt":{"rendered":"<p>Am\u00e9liorez les performances de votre appareil avec cette RAM Kingston DDR2 PC2-5300 (667 MHz) d&rsquo;origine. Facile \u00e0 installer et compatible avec de nombreux mod\u00e8les, elle optimise la vitesse et la r\u00e9activit\u00e9 de votre appareil d\u00e8s aujourd&rsquo;hui\u00a0!<\/p>\n","protected":false},"featured_media":14214,"template":"","meta":[],"product_brand":[],"product_cat":[77,72],"product_tag":[],"class_list":{"0":"post-14156","1":"product","2":"type-product","3":"status-publish","4":"has-post-thumbnail","6":"product_cat-ddr2","7":"product_cat-ram-memory","9":"first","10":"instock","11":"taxable","12":"shipping-taxable","13":"purchasable","14":"product-type-simple"},"_links":{"self":[{"href":"https:\/\/boreait.com\/fr\/wp-json\/wp\/v2\/product\/14156","targetHints":{"allow":["GET"]}}],"collection":[{"href":"https:\/\/boreait.com\/fr\/wp-json\/wp\/v2\/product"}],"about":[{"href":"https:\/\/boreait.com\/fr\/wp-json\/wp\/v2\/types\/product"}],"wp:featuredmedia":[{"embeddable":true,"href":"https:\/\/boreait.com\/fr\/wp-json\/wp\/v2\/media\/14214"}],"wp:attachment":[{"href":"https:\/\/boreait.com\/fr\/wp-json\/wp\/v2\/media?parent=14156"}],"wp:term":[{"taxonomy":"product_brand","embeddable":true,"href":"https:\/\/boreait.com\/fr\/wp-json\/wp\/v2\/product_brand?post=14156"},{"taxonomy":"product_cat","embeddable":true,"href":"https:\/\/boreait.com\/fr\/wp-json\/wp\/v2\/product_cat?post=14156"},{"taxonomy":"product_tag","embeddable":true,"href":"https:\/\/boreait.com\/fr\/wp-json\/wp\/v2\/product_tag?post=14156"}],"curies":[{"name":"wp","href":"https:\/\/api.w.org\/{rel}","templated":true}]}}