{"id":14155,"date":"2025-09-15T16:54:00","date_gmt":"2025-09-15T14:54:00","guid":{"rendered":"https:\/\/boreait.com\/fr\/?post_type=product&#038;p=14155"},"modified":"2026-01-27T16:47:58","modified_gmt":"2026-01-27T15:47:58","slug":"ram-pour-ordinateur-portable-512-mo-2rx16-pc2-5300s-555-12","status":"publish","type":"product","link":"https:\/\/boreait.com\/fr\/produit\/ram-pour-ordinateur-portable-512-mo-2rx16-pc2-5300s-555-12\/","title":{"rendered":"RAM pour ordinateur portable 512 Mo 2RX16 PC2-5300S-555-12"},"content":{"rendered":"<p>Augmentez la capacit\u00e9 de m\u00e9moire de votre ordinateur portable avec ce module RAM DDR2 de 512 Mo, dot\u00e9 des sp\u00e9cifications 2RX16 PC2-5300S-555-12. Con\u00e7ue pour la fiabilit\u00e9 et la compatibilit\u00e9, cette mise \u00e0 niveau de m\u00e9moire garantit un multit\u00e2che plus fluide et des performances am\u00e9lior\u00e9es pour votre appareil.<\/p>\n<p>Principales caract\u00e9ristiques\u00a0:<\/p>\n<p>&#8211; Taille de la m\u00e9moire\u00a0: 512 Mo<\/p>\n<p>&#8211; Type\u00a0: DDR2<\/p>\n<p>&#8211; Vitesse\u00a0: PC2-5300S-555-12<\/p>\n<p>&#8211; Compatibilit\u00e9\u00a0: Test\u00e9e pour une large gamme de mod\u00e8les d&rsquo;ordinateurs portables<\/p>\n<p>&#8211; Installation facile\u00a0: Augmentez facilement la capacit\u00e9 de m\u00e9moire de votre ordinateur portable gr\u00e2ce \u00e0 des instructions d&rsquo;installation simples.<\/p>\n<p>&#8211; Performances am\u00e9lior\u00e9es\u00a0: B\u00e9n\u00e9ficiez d&rsquo;un multit\u00e2che plus fluide et de performances globales am\u00e9lior\u00e9es gr\u00e2ce \u00e0 cette mise \u00e0 niveau de m\u00e9moire.<\/p>\n<p>Mettez \u00e0 niveau votre ordinateur portable d\u00e8s aujourd&rsquo;hui avec le module RAM DDR2 de 512 Mo\u00a0: un investissement judicieux pour des performances et une efficacit\u00e9 accrues. Pour toute question ou besoin d&rsquo;aide, n&rsquo;h\u00e9sitez pas \u00e0 nous contacter. Nous sommes l\u00e0 pour vous aider \u00e0 am\u00e9liorer votre exp\u00e9rience informatique.<\/p>\n","protected":false},"excerpt":{"rendered":"<p>Augmentez la m\u00e9moire de votre ordinateur portable avec ce module RAM DDR2 de 512 Mo. Con\u00e7u pour une compatibilit\u00e9 optimale et des performances optimales, il optimisera le multit\u00e2che de votre appareil d\u00e8s aujourd&rsquo;hui\u00a0!<\/p>\n","protected":false},"featured_media":14213,"template":"","meta":[],"product_brand":[],"product_cat":[77,72],"product_tag":[],"class_list":{"0":"post-14155","1":"product","2":"type-product","3":"status-publish","4":"has-post-thumbnail","6":"product_cat-ddr2","7":"product_cat-ram-memory","9":"first","10":"instock","11":"taxable","12":"shipping-taxable","13":"purchasable","14":"product-type-simple"},"_links":{"self":[{"href":"https:\/\/boreait.com\/fr\/wp-json\/wp\/v2\/product\/14155","targetHints":{"allow":["GET"]}}],"collection":[{"href":"https:\/\/boreait.com\/fr\/wp-json\/wp\/v2\/product"}],"about":[{"href":"https:\/\/boreait.com\/fr\/wp-json\/wp\/v2\/types\/product"}],"wp:featuredmedia":[{"embeddable":true,"href":"https:\/\/boreait.com\/fr\/wp-json\/wp\/v2\/media\/14213"}],"wp:attachment":[{"href":"https:\/\/boreait.com\/fr\/wp-json\/wp\/v2\/media?parent=14155"}],"wp:term":[{"taxonomy":"product_brand","embeddable":true,"href":"https:\/\/boreait.com\/fr\/wp-json\/wp\/v2\/product_brand?post=14155"},{"taxonomy":"product_cat","embeddable":true,"href":"https:\/\/boreait.com\/fr\/wp-json\/wp\/v2\/product_cat?post=14155"},{"taxonomy":"product_tag","embeddable":true,"href":"https:\/\/boreait.com\/fr\/wp-json\/wp\/v2\/product_tag?post=14155"}],"curies":[{"name":"wp","href":"https:\/\/api.w.org\/{rel}","templated":true}]}}