{"id":14152,"date":"2025-09-15T16:53:58","date_gmt":"2025-09-15T14:53:58","guid":{"rendered":"https:\/\/boreait.com\/fr\/?post_type=product&#038;p=14152"},"modified":"2026-01-27T13:32:39","modified_gmt":"2026-01-27T12:32:39","slug":"cable-dantenne-lan-sans-fil-dorigine-pour-lenovo-thinkpad-x60s-91p6975","status":"publish","type":"product","link":"https:\/\/boreait.com\/fr\/produit\/cable-dantenne-lan-sans-fil-dorigine-pour-lenovo-thinkpad-x60s-91p6975\/","title":{"rendered":"C\u00e2ble d&rsquo;antenne LAN sans fil d&rsquo;origine pour Lenovo ThinkPad X60s 91P6975"},"content":{"rendered":"<p>Am\u00e9liorez la connectivit\u00e9 sans fil de votre Lenovo ThinkPad X60s avec le c\u00e2ble d&rsquo;antenne LAN sans fil d&rsquo;origine, r\u00e9f\u00e9rence 91P6975. Con\u00e7u pour des performances et une fiabilit\u00e9 optimales, ce c\u00e2ble de rechange authentique garantit une connexion sans fil stable et puissante.<\/p>\n<p>Principales caract\u00e9ristiques\u00a0:<\/p>\n<p>&#8211; Pi\u00e8ce de rechange Lenovo d&rsquo;origine\u00a0: Compatibilit\u00e9 et fiabilit\u00e9 garanties gr\u00e2ce \u00e0 une pi\u00e8ce de rechange authentique.<\/p>\n<p>&#8211; Installation facile\u00a0: Am\u00e9liorez les capacit\u00e9s sans fil de votre appareil sans effort gr\u00e2ce \u00e0 une installation simple.<\/p>\n<p>&#8211; Connectivit\u00e9 sans fil am\u00e9lior\u00e9e\u00a0: Am\u00e9liorez la puissance et la stabilit\u00e9 du signal sans fil de votre ordinateur portable.<\/p>\n<p>&#8211; Construction durable\u00a0: Con\u00e7u pour durer, il garantit long\u00e9vit\u00e9 et performances constantes.<\/p>\n<p>Am\u00e9liorez votre Lenovo ThinkPad X60s d\u00e8s aujourd&rsquo;hui avec le c\u00e2ble d&rsquo;antenne LAN sans fil d&rsquo;origine. Achetez en toute confiance, sachant que vous investissez dans une pi\u00e8ce de rechange de qualit\u00e9 pour votre appareil. Pour toute question ou besoin d&rsquo;aide, n&rsquo;h\u00e9sitez pas \u00e0 nous contacter. Nous sommes l\u00e0 pour vous aider \u00e0 am\u00e9liorer les fonctionnalit\u00e9s de votre appareil.<\/p>\n","protected":false},"excerpt":{"rendered":"<p>Am\u00e9liorez la connectivit\u00e9 sans fil de votre Lenovo ThinkPad X60s avec ce kit de c\u00e2bles d&rsquo;antenne LAN sans fil d&rsquo;origine. Facile \u00e0 installer et compatible avec la r\u00e9f\u00e9rence 91P6975. Am\u00e9liorez la connectivit\u00e9 sans fil de votre ordinateur portable d\u00e8s aujourd&rsquo;hui\u00a0!<\/p>\n","protected":false},"featured_media":14210,"template":"","meta":[],"product_brand":[],"product_cat":[56],"product_tag":[62],"class_list":{"0":"post-14152","1":"product","2":"type-product","3":"status-publish","4":"has-post-thumbnail","6":"product_cat-cables","7":"product_tag-lenovo","9":"first","10":"instock","11":"taxable","12":"shipping-taxable","13":"purchasable","14":"product-type-simple"},"_links":{"self":[{"href":"https:\/\/boreait.com\/fr\/wp-json\/wp\/v2\/product\/14152","targetHints":{"allow":["GET"]}}],"collection":[{"href":"https:\/\/boreait.com\/fr\/wp-json\/wp\/v2\/product"}],"about":[{"href":"https:\/\/boreait.com\/fr\/wp-json\/wp\/v2\/types\/product"}],"wp:featuredmedia":[{"embeddable":true,"href":"https:\/\/boreait.com\/fr\/wp-json\/wp\/v2\/media\/14210"}],"wp:attachment":[{"href":"https:\/\/boreait.com\/fr\/wp-json\/wp\/v2\/media?parent=14152"}],"wp:term":[{"taxonomy":"product_brand","embeddable":true,"href":"https:\/\/boreait.com\/fr\/wp-json\/wp\/v2\/product_brand?post=14152"},{"taxonomy":"product_cat","embeddable":true,"href":"https:\/\/boreait.com\/fr\/wp-json\/wp\/v2\/product_cat?post=14152"},{"taxonomy":"product_tag","embeddable":true,"href":"https:\/\/boreait.com\/fr\/wp-json\/wp\/v2\/product_tag?post=14152"}],"curies":[{"name":"wp","href":"https:\/\/api.w.org\/{rel}","templated":true}]}}