{"id":14140,"date":"2025-09-15T16:53:32","date_gmt":"2025-09-15T14:53:32","guid":{"rendered":"https:\/\/boreait.com\/fr\/?post_type=product&#038;p=14140"},"modified":"2026-01-27T13:31:41","modified_gmt":"2026-01-27T12:31:41","slug":"vis-pour-rail-de-disque-dur-pour-lenovo-ibm-thinkpad-x60-x61-z61-sl400-sl500","status":"publish","type":"product","link":"https:\/\/boreait.com\/fr\/produit\/vis-pour-rail-de-disque-dur-pour-lenovo-ibm-thinkpad-x60-x61-z61-sl400-sl500\/","title":{"rendered":"Vis pour rail de disque dur pour Lenovo IBM Thinkpad X60 X61 Z61 SL400 SL500"},"content":{"rendered":"<p>Am\u00e9liorez la stabilit\u00e9 de stockage de votre Lenovo IBM Thinkpad gr\u00e2ce au jeu de vis pour rail de support de disque dur, sp\u00e9cialement con\u00e7u pour les mod\u00e8les X60, X61, Z61, SL400 et SL500. Ce jeu garantit une installation s\u00e9curis\u00e9e et des performances fiables, ce qui en fait un remplacement ou une mise \u00e0 niveau id\u00e9al pour le support de disque dur de votre ordinateur portable.<\/p>\n<p>Principales caract\u00e9ristiques\u00a0:<\/p>\n<p>&#8211; Compatibilit\u00e9\u00a0: Con\u00e7u pour les mod\u00e8les Lenovo IBM Thinkpad X60, X61, Z61, SL400 et SL500.<\/p>\n<p>&#8211; Installation s\u00e9curis\u00e9e\u00a0: Garantit une fixation solide de votre disque dur pour des performances optimales.<\/p>\n<p>&#8211; Construction de haute qualit\u00e9\u00a0: Fabriqu\u00e9 \u00e0 partir de mat\u00e9riaux durables pour une utilisation durable.<\/p>\n<p>&#8211; Installation facile\u00a0: Installation simple, aucune assistance professionnelle requise.<\/p>\n<p>Am\u00e9liorez votre Lenovo IBM Thinkpad d\u00e8s aujourd&rsquo;hui gr\u00e2ce au jeu de vis pour rail de support de disque dur. Achetez en toute confiance, sachant que vous investissez dans un produit de qualit\u00e9 qui am\u00e9liore la stabilit\u00e9 de stockage de votre ordinateur portable. Pour toute question ou besoin d&rsquo;aide, n&rsquo;h\u00e9sitez pas \u00e0 nous contacter. Nous sommes l\u00e0 pour vous aider \u00e0 am\u00e9liorer les fonctionnalit\u00e9s de votre appareil.<\/p>\n","protected":false},"excerpt":{"rendered":"<p>Am\u00e9liorez votre Lenovo IBM Thinkpad avec ce jeu de vis pour rail de support de disque dur. Con\u00e7u pour les mod\u00e8les X60, X61, Z61, SL400 et SL500, ce jeu garantit une installation s\u00e9curis\u00e9e et des performances fiables. Am\u00e9liorez la stabilit\u00e9 du stockage de votre ordinateur portable d\u00e8s aujourd&rsquo;hui\u00a0!<\/p>\n","protected":false},"featured_media":14199,"template":"","meta":[],"product_brand":[],"product_cat":[52],"product_tag":[62],"class_list":{"0":"post-14140","1":"product","2":"type-product","3":"status-publish","4":"has-post-thumbnail","6":"product_cat-laptop-housing","7":"product_tag-lenovo","9":"first","10":"instock","11":"taxable","12":"shipping-taxable","13":"purchasable","14":"product-type-simple"},"_links":{"self":[{"href":"https:\/\/boreait.com\/fr\/wp-json\/wp\/v2\/product\/14140","targetHints":{"allow":["GET"]}}],"collection":[{"href":"https:\/\/boreait.com\/fr\/wp-json\/wp\/v2\/product"}],"about":[{"href":"https:\/\/boreait.com\/fr\/wp-json\/wp\/v2\/types\/product"}],"wp:featuredmedia":[{"embeddable":true,"href":"https:\/\/boreait.com\/fr\/wp-json\/wp\/v2\/media\/14199"}],"wp:attachment":[{"href":"https:\/\/boreait.com\/fr\/wp-json\/wp\/v2\/media?parent=14140"}],"wp:term":[{"taxonomy":"product_brand","embeddable":true,"href":"https:\/\/boreait.com\/fr\/wp-json\/wp\/v2\/product_brand?post=14140"},{"taxonomy":"product_cat","embeddable":true,"href":"https:\/\/boreait.com\/fr\/wp-json\/wp\/v2\/product_cat?post=14140"},{"taxonomy":"product_tag","embeddable":true,"href":"https:\/\/boreait.com\/fr\/wp-json\/wp\/v2\/product_tag?post=14140"}],"curies":[{"name":"wp","href":"https:\/\/api.w.org\/{rel}","templated":true}]}}