{"id":14133,"date":"2025-09-15T16:53:29","date_gmt":"2025-09-15T14:53:29","guid":{"rendered":"https:\/\/boreait.com\/fr\/?post_type=product&#038;p=14133"},"modified":"2025-09-15T16:54:41","modified_gmt":"2025-09-15T14:54:41","slug":"lecteur-dvd-cd-rw-ultrabay-slim-combo-ii-ibm-lenovo-thinkpad-pour-fru-39t2687","status":"publish","type":"product","link":"https:\/\/boreait.com\/fr\/produit\/lecteur-dvd-cd-rw-ultrabay-slim-combo-ii-ibm-lenovo-thinkpad-pour-fru-39t2687\/","title":{"rendered":"Lecteur DVD-CD-RW Ultrabay Slim Combo II IBM Lenovo ThinkPad pour FRU 39T2687"},"content":{"rendered":"<p>Am\u00e9liorez les fonctionnalit\u00e9s de votre IBM Lenovo ThinkPad avec le lecteur DVD-CDRW Ultrabay Slim Combo Drive II, compatible avec la r\u00e9f\u00e9rence\u00a0: 39T2687. Con\u00e7u pour la fiabilit\u00e9 et les performances, ce lecteur authentique garantit un fonctionnement fluide et une installation facile.<\/p>\n<p>Principales caract\u00e9ristiques\u00a0:<\/p>\n<p>&#8211; Remplacement IBM Lenovo d&rsquo;origine\u00a0: Compatibilit\u00e9 et fiabilit\u00e9 garanties avec un lecteur de remplacement authentique.<\/p>\n<p>&#8211; Installation facile\u00a0: Am\u00e9liorez les fonctionnalit\u00e9s de votre appareil sans effort gr\u00e2ce \u00e0 une installation simple.<\/p>\n<p>&#8211; Fonctionnalit\u00e9s am\u00e9lior\u00e9es\u00a0: Profitez de la commodit\u00e9 des capacit\u00e9s de gravure de DVD et de CD avec ce lecteur combo polyvalent.<\/p>\n<p>&#8211; Compatibilit\u00e9\u00a0: Con\u00e7u pour fonctionner parfaitement avec votre IBM Lenovo ThinkPad pour des fonctionnalit\u00e9s am\u00e9lior\u00e9es.<\/p>\n<p>Mettez \u00e0 niveau votre IBM Lenovo ThinkPad d\u00e8s aujourd&rsquo;hui avec le lecteur DVD-CDRW Ultrabay Slim Combo Drive II. Achetez en toute confiance, sachant que vous investissez dans une pi\u00e8ce de rechange de qualit\u00e9 pour votre appareil. Pour toute question ou besoin d&rsquo;aide, n&rsquo;h\u00e9sitez pas \u00e0 nous contacter. Nous sommes l\u00e0 pour vous aider \u00e0 am\u00e9liorer les fonctionnalit\u00e9s de votre appareil.<\/p>\n","protected":false},"excerpt":{"rendered":"<p>Am\u00e9liorez les performances de votre IBM Lenovo ThinkPad avec ce lecteur DVD-CDRW Ultrabay Slim Combo II. Compatible avec le mod\u00e8le\u00a0: 39T2687. Am\u00e9liorez les fonctionnalit\u00e9s de votre appareil d\u00e8s aujourd&rsquo;hui\u00a0!<\/p>\n","protected":false},"featured_media":14180,"template":"","meta":[],"product_brand":[],"product_cat":[63],"product_tag":[62],"class_list":{"0":"post-14133","1":"product","2":"type-product","3":"status-publish","4":"has-post-thumbnail","6":"product_cat-motherboards-board-parts","7":"product_tag-lenovo","9":"first","10":"instock","11":"taxable","12":"shipping-taxable","13":"purchasable","14":"product-type-simple"},"_links":{"self":[{"href":"https:\/\/boreait.com\/fr\/wp-json\/wp\/v2\/product\/14133","targetHints":{"allow":["GET"]}}],"collection":[{"href":"https:\/\/boreait.com\/fr\/wp-json\/wp\/v2\/product"}],"about":[{"href":"https:\/\/boreait.com\/fr\/wp-json\/wp\/v2\/types\/product"}],"wp:featuredmedia":[{"embeddable":true,"href":"https:\/\/boreait.com\/fr\/wp-json\/wp\/v2\/media\/14180"}],"wp:attachment":[{"href":"https:\/\/boreait.com\/fr\/wp-json\/wp\/v2\/media?parent=14133"}],"wp:term":[{"taxonomy":"product_brand","embeddable":true,"href":"https:\/\/boreait.com\/fr\/wp-json\/wp\/v2\/product_brand?post=14133"},{"taxonomy":"product_cat","embeddable":true,"href":"https:\/\/boreait.com\/fr\/wp-json\/wp\/v2\/product_cat?post=14133"},{"taxonomy":"product_tag","embeddable":true,"href":"https:\/\/boreait.com\/fr\/wp-json\/wp\/v2\/product_tag?post=14133"}],"curies":[{"name":"wp","href":"https:\/\/api.w.org\/{rel}","templated":true}]}}