{"id":14121,"date":"2025-09-15T16:53:06","date_gmt":"2025-09-15T14:53:06","guid":{"rendered":"https:\/\/boreait.com\/fr\/?post_type=product&#038;p=14121"},"modified":"2025-09-15T16:54:39","modified_gmt":"2025-09-15T14:54:39","slug":"carte-onduleur-lcd-dorigine-ibm-lenovo-thinkpad-t60-t60p-141-41w1010-39t0483","status":"publish","type":"product","link":"https:\/\/boreait.com\/fr\/produit\/carte-onduleur-lcd-dorigine-ibm-lenovo-thinkpad-t60-t60p-141-41w1010-39t0483\/","title":{"rendered":"Carte onduleur LCD d&rsquo;origine IBM Lenovo ThinkPad T60 T60p 14,1&Prime; 41W1010 39T0483"},"content":{"rendered":"<p>Am\u00e9liorez les performances d&rsquo;affichage de votre ordinateur portable Lenovo ThinkPad T60 T60p avec la carte onduleur LCD d&rsquo;origine, compatible avec les r\u00e9f\u00e9rences 41W1010 et 39T0483. Con\u00e7ue pour la durabilit\u00e9 et la compatibilit\u00e9, cette pi\u00e8ce de rechange authentique garantit des performances fiables et une installation facile.<\/p>\n<p>Principales caract\u00e9ristiques\u00a0:<\/p>\n<p>&#8211; Pi\u00e8ce de rechange IBM Lenovo d&rsquo;origine\u00a0: Compatibilit\u00e9 et fiabilit\u00e9 garanties avec une pi\u00e8ce de rechange authentique.<\/p>\n<p>&#8211; Installation facile\u00a0: Am\u00e9liorez l&rsquo;\u00e9cran de votre ordinateur portable sans effort gr\u00e2ce \u00e0 une installation simple.<\/p>\n<p>&#8211; Performances d&rsquo;affichage am\u00e9lior\u00e9es\u00a0: Am\u00e9liorez la qualit\u00e9 d&rsquo;affichage de votre ordinateur portable pour une meilleure exp\u00e9rience visuelle.<\/p>\n<p>&#8211; Construction durable\u00a0: Con\u00e7ue pour r\u00e9sister \u00e0 l&rsquo;usure, elle garantit long\u00e9vit\u00e9 et fiabilit\u00e9.<\/p>\n<p>Am\u00e9liorez votre ordinateur portable Lenovo ThinkPad T60 T60p d\u00e8s aujourd&rsquo;hui avec la carte onduleur LCD d&rsquo;origine. Achetez en toute confiance, sachant que vous investissez dans une pi\u00e8ce de rechange de qualit\u00e9 pour votre appareil. Pour toute question ou besoin d&rsquo;aide, n&rsquo;h\u00e9sitez pas \u00e0 nous contacter. Nous sommes l\u00e0 pour vous aider \u00e0 am\u00e9liorer les fonctionnalit\u00e9s de votre ordinateur portable.<\/p>\n","protected":false},"excerpt":{"rendered":"<p>Am\u00e9liorez l&rsquo;\u00e9cran de votre Lenovo ThinkPad T60 T60p avec cette carte onduleur LCD d&rsquo;origine. Facile \u00e0 installer et compatible avec les r\u00e9f\u00e9rences 41W1010 et 39T0483. Optimisez les performances d&rsquo;affichage de votre ordinateur portable d\u00e8s aujourd&rsquo;hui\u00a0!<\/p>\n","protected":false},"featured_media":14178,"template":"","meta":[],"product_brand":[],"product_cat":[63],"product_tag":[62],"class_list":{"0":"post-14121","1":"product","2":"type-product","3":"status-publish","4":"has-post-thumbnail","6":"product_cat-motherboards-board-parts","7":"product_tag-lenovo","9":"first","10":"instock","11":"taxable","12":"shipping-taxable","13":"purchasable","14":"product-type-simple"},"_links":{"self":[{"href":"https:\/\/boreait.com\/fr\/wp-json\/wp\/v2\/product\/14121","targetHints":{"allow":["GET"]}}],"collection":[{"href":"https:\/\/boreait.com\/fr\/wp-json\/wp\/v2\/product"}],"about":[{"href":"https:\/\/boreait.com\/fr\/wp-json\/wp\/v2\/types\/product"}],"wp:featuredmedia":[{"embeddable":true,"href":"https:\/\/boreait.com\/fr\/wp-json\/wp\/v2\/media\/14178"}],"wp:attachment":[{"href":"https:\/\/boreait.com\/fr\/wp-json\/wp\/v2\/media?parent=14121"}],"wp:term":[{"taxonomy":"product_brand","embeddable":true,"href":"https:\/\/boreait.com\/fr\/wp-json\/wp\/v2\/product_brand?post=14121"},{"taxonomy":"product_cat","embeddable":true,"href":"https:\/\/boreait.com\/fr\/wp-json\/wp\/v2\/product_cat?post=14121"},{"taxonomy":"product_tag","embeddable":true,"href":"https:\/\/boreait.com\/fr\/wp-json\/wp\/v2\/product_tag?post=14121"}],"curies":[{"name":"wp","href":"https:\/\/api.w.org\/{rel}","templated":true}]}}