{"id":14120,"date":"2025-09-15T16:53:06","date_gmt":"2025-09-15T14:53:06","guid":{"rendered":"https:\/\/boreait.com\/fr\/?post_type=product&#038;p=14120"},"modified":"2026-01-27T13:30:49","modified_gmt":"2026-01-27T12:30:49","slug":"support-de-protection-de-fil-dorigine-pour-lenovo-thinkpad-t60-26r9349","status":"publish","type":"product","link":"https:\/\/boreait.com\/fr\/produit\/support-de-protection-de-fil-dorigine-pour-lenovo-thinkpad-t60-26r9349\/","title":{"rendered":"Support de protection de fil d&rsquo;origine pour Lenovo ThinkPad T60 26R9349"},"content":{"rendered":"<p>Am\u00e9liorez la durabilit\u00e9 de votre ordinateur portable Lenovo ThinkPad T60 avec le support de protection de c\u00e2ble d&rsquo;origine, r\u00e9f\u00e9rence 26R9349. Con\u00e7ue pour la pr\u00e9cision et la compatibilit\u00e9, cette pi\u00e8ce de rechange authentique garantit des performances fiables et une installation facile.<\/p>\n<p>Principales caract\u00e9ristiques\u00a0:<\/p>\n<p>&#8211; Pi\u00e8ce de rechange Lenovo d&rsquo;origine\u00a0: Compatibilit\u00e9 et fiabilit\u00e9 garanties avec une pi\u00e8ce de rechange authentique.<\/p>\n<p>&#8211; Installation facile\u00a0: Am\u00e9liorez la durabilit\u00e9 de votre ordinateur portable sans effort gr\u00e2ce \u00e0 une installation simple.<\/p>\n<p>&#8211; Durabilit\u00e9 accrue\u00a0: Prot\u00e9gez les composants internes de votre ordinateur portable avec ce support de protection de c\u00e2ble robuste.<\/p>\n<p>&#8211; Construction durable\u00a0: Con\u00e7ue pour r\u00e9sister \u00e0 une utilisation quotidienne, elle garantit long\u00e9vit\u00e9 et fiabilit\u00e9.<\/p>\n<p>Am\u00e9liorez votre ordinateur portable Lenovo ThinkPad T60 d\u00e8s aujourd&rsquo;hui avec le support de protection de c\u00e2ble d&rsquo;origine. Achetez en toute confiance, sachant que vous investissez dans une pi\u00e8ce de rechange de qualit\u00e9 pour votre appareil. Pour toute question ou besoin d&rsquo;aide, n&rsquo;h\u00e9sitez pas \u00e0 nous contacter. Nous sommes l\u00e0 pour vous aider \u00e0 am\u00e9liorer la durabilit\u00e9 de votre ordinateur portable.<\/p>\n","protected":false},"excerpt":{"rendered":"<p>Am\u00e9liorez la durabilit\u00e9 de votre Lenovo ThinkPad T60 avec ce support de protection de c\u00e2ble d&rsquo;origine. Facile \u00e0 installer et compatible avec la r\u00e9f\u00e9rence 26R9349. Am\u00e9liorez la durabilit\u00e9 de votre ordinateur portable d\u00e8s aujourd&rsquo;hui\u00a0!<\/p>\n","protected":false},"featured_media":14177,"template":"","meta":[],"product_brand":[],"product_cat":[52],"product_tag":[62],"class_list":{"0":"post-14120","1":"product","2":"type-product","3":"status-publish","4":"has-post-thumbnail","6":"product_cat-laptop-housing","7":"product_tag-lenovo","9":"first","10":"instock","11":"taxable","12":"shipping-taxable","13":"purchasable","14":"product-type-simple"},"_links":{"self":[{"href":"https:\/\/boreait.com\/fr\/wp-json\/wp\/v2\/product\/14120","targetHints":{"allow":["GET"]}}],"collection":[{"href":"https:\/\/boreait.com\/fr\/wp-json\/wp\/v2\/product"}],"about":[{"href":"https:\/\/boreait.com\/fr\/wp-json\/wp\/v2\/types\/product"}],"wp:featuredmedia":[{"embeddable":true,"href":"https:\/\/boreait.com\/fr\/wp-json\/wp\/v2\/media\/14177"}],"wp:attachment":[{"href":"https:\/\/boreait.com\/fr\/wp-json\/wp\/v2\/media?parent=14120"}],"wp:term":[{"taxonomy":"product_brand","embeddable":true,"href":"https:\/\/boreait.com\/fr\/wp-json\/wp\/v2\/product_brand?post=14120"},{"taxonomy":"product_cat","embeddable":true,"href":"https:\/\/boreait.com\/fr\/wp-json\/wp\/v2\/product_cat?post=14120"},{"taxonomy":"product_tag","embeddable":true,"href":"https:\/\/boreait.com\/fr\/wp-json\/wp\/v2\/product_tag?post=14120"}],"curies":[{"name":"wp","href":"https:\/\/api.w.org\/{rel}","templated":true}]}}