{"id":14119,"date":"2025-09-15T16:53:06","date_gmt":"2025-09-15T14:53:06","guid":{"rendered":"https:\/\/boreait.com\/fr\/?post_type=product&#038;p=14119"},"modified":"2025-09-15T16:54:34","modified_gmt":"2025-09-15T14:54:34","slug":"dissipateur-thermique-ibm-26r9631-avec-ventilateur-pour-thinkpad-t60","status":"publish","type":"product","link":"https:\/\/boreait.com\/fr\/produit\/dissipateur-thermique-ibm-26r9631-avec-ventilateur-pour-thinkpad-t60\/","title":{"rendered":"Dissipateur thermique IBM 26R9631 avec ventilateur pour ThinkPad T60"},"content":{"rendered":"<p>Am\u00e9liorez les performances de refroidissement de votre ThinkPad T60 avec le dissipateur thermique IBM d&rsquo;origine avec ventilateur, r\u00e9f\u00e9rence 26R9631. Con\u00e7ue pour la durabilit\u00e9 et la compatibilit\u00e9, cette pi\u00e8ce de rechange authentique garantit un refroidissement fiable et une installation facile.<\/p>\n<p>Principales caract\u00e9ristiques\u00a0:<\/p>\n<p>&#8211; Pi\u00e8ce de rechange IBM d&rsquo;origine\u00a0: Compatibilit\u00e9 et fiabilit\u00e9 garanties avec une pi\u00e8ce de rechange authentique.<\/p>\n<p>&#8211; Installation facile\u00a0: Am\u00e9liorez le syst\u00e8me de refroidissement de votre ordinateur portable en toute simplicit\u00e9 gr\u00e2ce \u00e0 une installation simple.<\/p>\n<p>&#8211; Performances de refroidissement am\u00e9lior\u00e9es\u00a0: Maintenez votre ordinateur portable au frais pour des performances et une long\u00e9vit\u00e9 optimales.<\/p>\n<p>&#8211; Construction durable\u00a0: Con\u00e7ue pour r\u00e9sister \u00e0 l&rsquo;usure, elle garantit long\u00e9vit\u00e9 et fiabilit\u00e9.<\/p>\n<p>Am\u00e9liorez votre ThinkPad T60 d\u00e8s aujourd&rsquo;hui avec le dissipateur thermique IBM d&rsquo;origine avec ventilateur. Achetez en toute confiance, sachant que vous investissez dans une pi\u00e8ce de rechange de qualit\u00e9 pour votre ordinateur portable. Pour toute question ou besoin d&rsquo;aide, n&rsquo;h\u00e9sitez pas \u00e0 nous contacter. Nous sommes l\u00e0 pour vous aider \u00e0 am\u00e9liorer les performances de votre appareil.<\/p>\n","protected":false},"excerpt":{"rendered":"<p>Am\u00e9liorez le syst\u00e8me de refroidissement de votre ThinkPad T60 avec ce dissipateur thermique IBM d&rsquo;origine avec ventilateur. Facile \u00e0 installer et compatible avec la r\u00e9f\u00e9rence 26R9631, il vous permettra de maintenir votre ordinateur portable au frais pour des performances optimales\u00a0!<\/p>\n","protected":false},"featured_media":14176,"template":"","meta":[],"product_brand":[],"product_cat":[69],"product_tag":[62],"class_list":{"0":"post-14119","1":"product","2":"type-product","3":"status-publish","4":"has-post-thumbnail","6":"product_cat-cpu-fans-heatsinks","7":"product_tag-lenovo","9":"first","10":"instock","11":"taxable","12":"shipping-taxable","13":"purchasable","14":"product-type-simple"},"_links":{"self":[{"href":"https:\/\/boreait.com\/fr\/wp-json\/wp\/v2\/product\/14119","targetHints":{"allow":["GET"]}}],"collection":[{"href":"https:\/\/boreait.com\/fr\/wp-json\/wp\/v2\/product"}],"about":[{"href":"https:\/\/boreait.com\/fr\/wp-json\/wp\/v2\/types\/product"}],"wp:featuredmedia":[{"embeddable":true,"href":"https:\/\/boreait.com\/fr\/wp-json\/wp\/v2\/media\/14176"}],"wp:attachment":[{"href":"https:\/\/boreait.com\/fr\/wp-json\/wp\/v2\/media?parent=14119"}],"wp:term":[{"taxonomy":"product_brand","embeddable":true,"href":"https:\/\/boreait.com\/fr\/wp-json\/wp\/v2\/product_brand?post=14119"},{"taxonomy":"product_cat","embeddable":true,"href":"https:\/\/boreait.com\/fr\/wp-json\/wp\/v2\/product_cat?post=14119"},{"taxonomy":"product_tag","embeddable":true,"href":"https:\/\/boreait.com\/fr\/wp-json\/wp\/v2\/product_tag?post=14119"}],"curies":[{"name":"wp","href":"https:\/\/api.w.org\/{rel}","templated":true}]}}