{"id":14118,"date":"2025-09-15T16:53:05","date_gmt":"2025-09-15T14:53:05","guid":{"rendered":"https:\/\/boreait.com\/fr\/?post_type=product&#038;p=14118"},"modified":"2026-01-27T13:30:32","modified_gmt":"2026-01-27T12:30:32","slug":"module-de-carte-bluetooth-pour-ibm-lenovo-thinkpad-t60-t61-r60-r61-x60-x61-39t0497","status":"publish","type":"product","link":"https:\/\/boreait.com\/fr\/produit\/module-de-carte-bluetooth-pour-ibm-lenovo-thinkpad-t60-t61-r60-r61-x60-x61-39t0497\/","title":{"rendered":"Module de carte Bluetooth pour IBM Lenovo ThinkPad T60 T61 R60 R61 X60 X61 39T0497"},"content":{"rendered":"<p>Am\u00e9liorez la connectivit\u00e9 de votre ordinateur portable IBM Lenovo ThinkPad T60, T61, R60, R61, X60 ou X61 avec le module Bluetooth d&rsquo;origine, r\u00e9f\u00e9rence 39T0497. Con\u00e7u pour la compatibilit\u00e9 et la fiabilit\u00e9, ce module de remplacement authentique assure une connectivit\u00e9 Bluetooth fluide et une installation facile.<\/p>\n<p>Principales caract\u00e9ristiques\u00a0:<\/p>\n<p>&#8211; Pi\u00e8ce de rechange IBM Lenovo d&rsquo;origine\u00a0: Compatibilit\u00e9 et fiabilit\u00e9 garanties gr\u00e2ce \u00e0 une pi\u00e8ce de rechange authentique.<\/p>\n<p>&#8211; Installation facile\u00a0: Am\u00e9liorez la connectivit\u00e9 de votre ordinateur portable sans effort gr\u00e2ce \u00e0 une installation simple.<\/p>\n<p>&#8211; Connectivit\u00e9 Bluetooth fluide\u00a0: B\u00e9n\u00e9ficiez d&rsquo;une connectivit\u00e9 am\u00e9lior\u00e9e gr\u00e2ce \u00e0 une fonctionnalit\u00e9 Bluetooth fiable.<\/p>\n<p>&#8211; Compatibilit\u00e9\u00a0: Con\u00e7u sp\u00e9cifiquement pour les mod\u00e8les IBM Lenovo ThinkPad T60, T61, R60, R61, X60 et X61.<\/p>\n<p>&#8211; Construction durable\u00a0: Con\u00e7u pour r\u00e9sister \u00e0 une utilisation quotidienne, il garantit long\u00e9vit\u00e9 et fiabilit\u00e9.<\/p>\n<p>Mettez \u00e0 niveau votre ordinateur portable IBM Lenovo ThinkPad d\u00e8s aujourd&rsquo;hui avec le module Bluetooth d&rsquo;origine. Achetez en toute confiance, sachant que vous investissez dans une pi\u00e8ce de rechange de qualit\u00e9 pour votre appareil. Pour toute question ou besoin d&rsquo;aide, n&rsquo;h\u00e9sitez pas \u00e0 nous contacter. Nous sommes l\u00e0 pour vous aider \u00e0 am\u00e9liorer la connectivit\u00e9 de votre ordinateur portable.<\/p>\n","protected":false},"excerpt":{"rendered":"<p>Am\u00e9liorez la connectivit\u00e9 de votre ordinateur portable IBM Lenovo ThinkPad T60, T61, R60, R61, X60 ou X61 avec ce module Bluetooth d&rsquo;origine. Compatible avec la r\u00e9f\u00e9rence 39T0497. Am\u00e9liorez la connectivit\u00e9 de votre ordinateur portable d\u00e8s aujourd&rsquo;hui\u00a0!<\/p>\n","protected":false},"featured_media":14175,"template":"","meta":[],"product_brand":[],"product_cat":[63],"product_tag":[62],"class_list":{"0":"post-14118","1":"product","2":"type-product","3":"status-publish","4":"has-post-thumbnail","6":"product_cat-motherboards-board-parts","7":"product_tag-lenovo","9":"first","10":"instock","11":"taxable","12":"shipping-taxable","13":"purchasable","14":"product-type-simple"},"_links":{"self":[{"href":"https:\/\/boreait.com\/fr\/wp-json\/wp\/v2\/product\/14118","targetHints":{"allow":["GET"]}}],"collection":[{"href":"https:\/\/boreait.com\/fr\/wp-json\/wp\/v2\/product"}],"about":[{"href":"https:\/\/boreait.com\/fr\/wp-json\/wp\/v2\/types\/product"}],"wp:featuredmedia":[{"embeddable":true,"href":"https:\/\/boreait.com\/fr\/wp-json\/wp\/v2\/media\/14175"}],"wp:attachment":[{"href":"https:\/\/boreait.com\/fr\/wp-json\/wp\/v2\/media?parent=14118"}],"wp:term":[{"taxonomy":"product_brand","embeddable":true,"href":"https:\/\/boreait.com\/fr\/wp-json\/wp\/v2\/product_brand?post=14118"},{"taxonomy":"product_cat","embeddable":true,"href":"https:\/\/boreait.com\/fr\/wp-json\/wp\/v2\/product_cat?post=14118"},{"taxonomy":"product_tag","embeddable":true,"href":"https:\/\/boreait.com\/fr\/wp-json\/wp\/v2\/product_tag?post=14118"}],"curies":[{"name":"wp","href":"https:\/\/api.w.org\/{rel}","templated":true}]}}