{"id":14117,"date":"2025-09-15T16:53:05","date_gmt":"2025-09-15T14:53:05","guid":{"rendered":"https:\/\/boreait.com\/fr\/?post_type=product&#038;p=14117"},"modified":"2026-01-27T13:23:47","modified_gmt":"2026-01-27T12:23:47","slug":"cable-dalimentation-femelle-cc-pour-ordinateur-portable-lenovo-thinkpad-t60-t61-r60-r61","status":"publish","type":"product","link":"https:\/\/boreait.com\/fr\/produit\/cable-dalimentation-femelle-cc-pour-ordinateur-portable-lenovo-thinkpad-t60-t61-r60-r61\/","title":{"rendered":"C\u00e2ble d&rsquo;alimentation femelle CC pour ordinateur portable Lenovo Thinkpad T60, T61, R60, R61"},"content":{"rendered":"<p>Assurez une alimentation fiable \u00e0 votre ordinateur portable Lenovo Thinkpad T60, T61, R60 ou R61 gr\u00e2ce au c\u00e2ble d&rsquo;alimentation femelle avec prise CC. Cette pi\u00e8ce de rechange d&rsquo;origine est con\u00e7ue pour une compatibilit\u00e9 optimale et une installation facile.<\/p>\n<p>Principales caract\u00e9ristiques\u00a0:<\/p>\n<p>&#8211; Pi\u00e8ce de rechange Lenovo d&rsquo;origine\u00a0: Compatibilit\u00e9 et fiabilit\u00e9 garanties avec une pi\u00e8ce de rechange d&rsquo;origine.<\/p>\n<p>&#8211; Installation facile\u00a0: Am\u00e9liorez l&rsquo;alimentation de votre ordinateur portable en toute simplicit\u00e9 gr\u00e2ce \u00e0 une installation simple.<\/p>\n<p>&#8211; Connectivit\u00e9 fiable\u00a0: Restaurez une connexion fiable \u00e0 votre ordinateur portable pour une utilisation ininterrompue.<\/p>\n<p>&#8211; Compatibilit\u00e9\u00a0: Con\u00e7u pour les ordinateurs portables Lenovo Thinkpad T60, T61, R60 et R61.<\/p>\n<p>Mettez \u00e0 niveau votre ordinateur portable Lenovo Thinkpad d\u00e8s aujourd&rsquo;hui avec le c\u00e2ble d&rsquo;alimentation femelle avec prise CC. Achetez en toute confiance, sachant que vous investissez dans une pi\u00e8ce de rechange de qualit\u00e9. Pour toute question ou besoin d&rsquo;aide, n&rsquo;h\u00e9sitez pas \u00e0 nous contacter. Nous sommes l\u00e0 pour vous aider \u00e0 maintenir les fonctionnalit\u00e9s de votre ordinateur portable.<\/p>\n","protected":false},"excerpt":{"rendered":"<p>Remplacez le c\u00e2ble d&rsquo;alimentation femelle DC-In de votre ordinateur portable Lenovo Thinkpad T60, T61, R60 ou R61. Assurez une connexion \u00e9lectrique fiable avec cette pi\u00e8ce de rechange d&rsquo;origine. Am\u00e9liorez l&rsquo;alimentation de votre ordinateur portable d\u00e8s aujourd&rsquo;hui\u00a0!<\/p>\n","protected":false},"featured_media":14174,"template":"","meta":[],"product_brand":[],"product_cat":[56],"product_tag":[62],"class_list":{"0":"post-14117","1":"product","2":"type-product","3":"status-publish","4":"has-post-thumbnail","6":"product_cat-cables","7":"product_tag-lenovo","9":"first","10":"instock","11":"taxable","12":"shipping-taxable","13":"purchasable","14":"product-type-simple"},"_links":{"self":[{"href":"https:\/\/boreait.com\/fr\/wp-json\/wp\/v2\/product\/14117","targetHints":{"allow":["GET"]}}],"collection":[{"href":"https:\/\/boreait.com\/fr\/wp-json\/wp\/v2\/product"}],"about":[{"href":"https:\/\/boreait.com\/fr\/wp-json\/wp\/v2\/types\/product"}],"wp:featuredmedia":[{"embeddable":true,"href":"https:\/\/boreait.com\/fr\/wp-json\/wp\/v2\/media\/14174"}],"wp:attachment":[{"href":"https:\/\/boreait.com\/fr\/wp-json\/wp\/v2\/media?parent=14117"}],"wp:term":[{"taxonomy":"product_brand","embeddable":true,"href":"https:\/\/boreait.com\/fr\/wp-json\/wp\/v2\/product_brand?post=14117"},{"taxonomy":"product_cat","embeddable":true,"href":"https:\/\/boreait.com\/fr\/wp-json\/wp\/v2\/product_cat?post=14117"},{"taxonomy":"product_tag","embeddable":true,"href":"https:\/\/boreait.com\/fr\/wp-json\/wp\/v2\/product_tag?post=14117"}],"curies":[{"name":"wp","href":"https:\/\/api.w.org\/{rel}","templated":true}]}}