{"id":14116,"date":"2025-09-15T16:53:05","date_gmt":"2025-09-15T14:53:05","guid":{"rendered":"https:\/\/boreait.com\/fr\/?post_type=product&#038;p=14116"},"modified":"2026-01-27T13:23:30","modified_gmt":"2026-01-27T12:23:30","slug":"carte-sans-fil-intel-prowireless-3945-abg-mini-pcie-802-11abg-24-ghz-54-mbit-s-wm3945abg","status":"publish","type":"product","link":"https:\/\/boreait.com\/fr\/produit\/carte-sans-fil-intel-prowireless-3945-abg-mini-pcie-802-11abg-24-ghz-54-mbit-s-wm3945abg\/","title":{"rendered":"Carte sans fil Intel PROWireless 3945 ABG Mini PCIe 802.11abg 2,4 GHz 54 Mbit\/s WM3945ABG"},"content":{"rendered":"<p>Am\u00e9liorez la connectivit\u00e9 sans fil de votre ordinateur portable avec la carte sans fil Intel PRO\/Wireless 3945 ABG Mini PCIe. Cette carte de remplacement d&rsquo;origine offre une connectivit\u00e9 802.11a\/b\/g fiable \u00e0 2,4 GHz avec des d\u00e9bits allant jusqu&rsquo;\u00e0 54 Mbit\/s, garantissant une navigation et une connexion r\u00e9seau fluides.<\/p>\n<p>Principales caract\u00e9ristiques\u00a0:<\/p>\n<p>&#8211; Remplacement Intel d&rsquo;origine\u00a0: Compatibilit\u00e9 et fiabilit\u00e9 garanties avec une carte de remplacement d&rsquo;origine.<\/p>\n<p>&#8211; Connectivit\u00e9 am\u00e9lior\u00e9e\u00a0: B\u00e9n\u00e9ficiez d&rsquo;une connectivit\u00e9 sans fil 802.11a\/b\/g fiable pour une navigation et une connexion r\u00e9seau fluides.<\/p>\n<p>&#8211; Vitesse et performances\u00a0: B\u00e9n\u00e9ficiez de d\u00e9bits allant jusqu&rsquo;\u00e0 54 Mbit\/s pour un transfert de donn\u00e9es et une navigation Internet efficaces.<\/p>\n<p>&#8211; Installation facile\u00a0: Mettez \u00e0 niveau la carte sans fil de votre ordinateur portable sans effort gr\u00e2ce \u00e0 une installation simple.<\/p>\n<p>&#8211; Compatibilit\u00e9\u00a0: Compatible avec une large gamme d&rsquo;ordinateurs portables prenant en charge les cartes sans fil Mini PCIe.<\/p>\n<p>Am\u00e9liorez les capacit\u00e9s sans fil de votre ordinateur portable d\u00e8s aujourd&rsquo;hui avec la carte sans fil Intel PRO\/Wireless 3945 ABG Mini PCIe. Achetez en toute confiance\u00a0: vous investissez dans une pi\u00e8ce de rechange Intel d&rsquo;origine pour votre appareil. Pour toute question ou assistance, n&rsquo;h\u00e9sitez pas \u00e0 nous contacter. Nous sommes l\u00e0 pour vous aider \u00e0 am\u00e9liorer votre exp\u00e9rience de navigation et de r\u00e9seau.<\/p>\n","protected":false},"excerpt":{"rendered":"<p>Am\u00e9liorez la connectivit\u00e9 sans fil de votre ordinateur portable avec la carte sans fil Intel PRO\/Wireless 3945 ABG Mini PCIe. Profitez d&rsquo;une connectivit\u00e9 802.11a\/b\/g fiable \u00e0 2,4 GHz avec des d\u00e9bits allant jusqu&rsquo;\u00e0 54 Mbit\/s. Am\u00e9liorez votre exp\u00e9rience de navigation et de r\u00e9seau d\u00e8s aujourd&rsquo;hui\u00a0!<\/p>\n","protected":false},"featured_media":14173,"template":"","meta":[],"product_brand":[],"product_cat":[63],"product_tag":[62],"class_list":{"0":"post-14116","1":"product","2":"type-product","3":"status-publish","4":"has-post-thumbnail","6":"product_cat-motherboards-board-parts","7":"product_tag-lenovo","9":"first","10":"instock","11":"taxable","12":"shipping-taxable","13":"purchasable","14":"product-type-simple"},"_links":{"self":[{"href":"https:\/\/boreait.com\/fr\/wp-json\/wp\/v2\/product\/14116","targetHints":{"allow":["GET"]}}],"collection":[{"href":"https:\/\/boreait.com\/fr\/wp-json\/wp\/v2\/product"}],"about":[{"href":"https:\/\/boreait.com\/fr\/wp-json\/wp\/v2\/types\/product"}],"wp:featuredmedia":[{"embeddable":true,"href":"https:\/\/boreait.com\/fr\/wp-json\/wp\/v2\/media\/14173"}],"wp:attachment":[{"href":"https:\/\/boreait.com\/fr\/wp-json\/wp\/v2\/media?parent=14116"}],"wp:term":[{"taxonomy":"product_brand","embeddable":true,"href":"https:\/\/boreait.com\/fr\/wp-json\/wp\/v2\/product_brand?post=14116"},{"taxonomy":"product_cat","embeddable":true,"href":"https:\/\/boreait.com\/fr\/wp-json\/wp\/v2\/product_cat?post=14116"},{"taxonomy":"product_tag","embeddable":true,"href":"https:\/\/boreait.com\/fr\/wp-json\/wp\/v2\/product_tag?post=14116"}],"curies":[{"name":"wp","href":"https:\/\/api.w.org\/{rel}","templated":true}]}}