{"id":14115,"date":"2025-09-15T16:53:05","date_gmt":"2025-09-15T14:53:05","guid":{"rendered":"https:\/\/boreait.com\/fr\/?post_type=product&#038;p=14115"},"modified":"2026-01-27T13:23:11","modified_gmt":"2026-01-27T12:23:11","slug":"dissipateur-thermique-dorigine-pour-ordinateur-portable-ibm-thinkpad-t60p-14-pouces-26r9633","status":"publish","type":"product","link":"https:\/\/boreait.com\/fr\/produit\/dissipateur-thermique-dorigine-pour-ordinateur-portable-ibm-thinkpad-t60p-14-pouces-26r9633\/","title":{"rendered":"Dissipateur thermique d&rsquo;origine pour ordinateur portable IBM Thinkpad T60P 14 pouces 26R9633"},"content":{"rendered":"<p>Am\u00e9liorez facilement le syst\u00e8me de refroidissement de votre IBM Thinkpad T60P avec le cache dissipateur thermique d&rsquo;origine, r\u00e9f\u00e9rence 26R9633. Con\u00e7u pour une efficacit\u00e9 et une fiabilit\u00e9 de refroidissement optimales, cette pi\u00e8ce de rechange authentique garantit que votre ordinateur portable reste froid m\u00eame en cas d&rsquo;utilisation intensive.<\/p>\n<p>Principales caract\u00e9ristiques\u00a0:<\/p>\n<p>&#8211; Pi\u00e8ce de rechange IBM d&rsquo;origine\u00a0: Compatibilit\u00e9 et fiabilit\u00e9 garanties avec une pi\u00e8ce de rechange authentique.<\/p>\n<p>&#8211; Installation facile\u00a0: Am\u00e9liorez le syst\u00e8me de refroidissement de votre ordinateur portable en toute simplicit\u00e9 gr\u00e2ce \u00e0 une installation simple.<\/p>\n<p>&#8211; Efficacit\u00e9 de refroidissement am\u00e9lior\u00e9e\u00a0: Maintenez votre ordinateur portable au frais et efficace pour de meilleures performances.<\/p>\n<p>&#8211; Construction durable\u00a0: Con\u00e7u pour r\u00e9sister \u00e0 une utilisation intensive, il garantit long\u00e9vit\u00e9 et fiabilit\u00e9.<\/p>\n<p>Am\u00e9liorez votre IBM Thinkpad T60P d\u00e8s aujourd&rsquo;hui avec le cache dissipateur thermique d&rsquo;origine. Achetez en toute confiance, sachant que vous investissez dans une pi\u00e8ce de rechange de qualit\u00e9 pour le syst\u00e8me de refroidissement de votre ordinateur portable. Pour toute question ou besoin d&rsquo;aide, n&rsquo;h\u00e9sitez pas \u00e0 nous contacter. Nous sommes l\u00e0 pour vous aider \u00e0 assurer le bon fonctionnement de votre ordinateur portable.<\/p>\n","protected":false},"excerpt":{"rendered":"<p>Am\u00e9liorez le refroidissement de votre IBM Thinkpad T60P avec ce cache dissipateur thermique d&rsquo;origine. Facile \u00e0 installer et compatible avec la r\u00e9f\u00e9rence 26R9633, il vous permettra de maintenir votre ordinateur portable au frais et performant\u00a0!<\/p>\n","protected":false},"featured_media":14172,"template":"","meta":[],"product_brand":[],"product_cat":[69],"product_tag":[62],"class_list":{"0":"post-14115","1":"product","2":"type-product","3":"status-publish","4":"has-post-thumbnail","6":"product_cat-cpu-fans-heatsinks","7":"product_tag-lenovo","9":"first","10":"instock","11":"taxable","12":"shipping-taxable","13":"purchasable","14":"product-type-simple"},"_links":{"self":[{"href":"https:\/\/boreait.com\/fr\/wp-json\/wp\/v2\/product\/14115","targetHints":{"allow":["GET"]}}],"collection":[{"href":"https:\/\/boreait.com\/fr\/wp-json\/wp\/v2\/product"}],"about":[{"href":"https:\/\/boreait.com\/fr\/wp-json\/wp\/v2\/types\/product"}],"wp:featuredmedia":[{"embeddable":true,"href":"https:\/\/boreait.com\/fr\/wp-json\/wp\/v2\/media\/14172"}],"wp:attachment":[{"href":"https:\/\/boreait.com\/fr\/wp-json\/wp\/v2\/media?parent=14115"}],"wp:term":[{"taxonomy":"product_brand","embeddable":true,"href":"https:\/\/boreait.com\/fr\/wp-json\/wp\/v2\/product_brand?post=14115"},{"taxonomy":"product_cat","embeddable":true,"href":"https:\/\/boreait.com\/fr\/wp-json\/wp\/v2\/product_cat?post=14115"},{"taxonomy":"product_tag","embeddable":true,"href":"https:\/\/boreait.com\/fr\/wp-json\/wp\/v2\/product_tag?post=14115"}],"curies":[{"name":"wp","href":"https:\/\/api.w.org\/{rel}","templated":true}]}}