{"id":14112,"date":"2025-09-15T16:53:04","date_gmt":"2025-09-15T14:53:04","guid":{"rendered":"https:\/\/boreait.com\/fr\/?post_type=product&#038;p=14112"},"modified":"2026-01-27T13:22:14","modified_gmt":"2026-01-27T12:22:14","slug":"modem-dacces-commute-ibm-thinkpad-56k-dorigine-fru-39t0495","status":"publish","type":"product","link":"https:\/\/boreait.com\/fr\/produit\/modem-dacces-commute-ibm-thinkpad-56k-dorigine-fru-39t0495\/","title":{"rendered":"Modem d&rsquo;acc\u00e8s commut\u00e9 IBM Thinkpad 56K d&rsquo;origine (FRU 39T0495)"},"content":{"rendered":"<p>Am\u00e9liorez la connectivit\u00e9 de votre ordinateur portable IBM Thinkpad avec le modem commut\u00e9 56K authentique, r\u00e9f\u00e9rence FRU 39T0495. Con\u00e7ue pour la fiabilit\u00e9 et les performances, cette pi\u00e8ce de rechange authentique garantit des connexions commut\u00e9es stables et efficaces.<\/p>\n<p>Principales caract\u00e9ristiques\u00a0:<\/p>\n<p>&#8211; Pi\u00e8ce de rechange IBM authentique\u00a0: Compatibilit\u00e9 et fiabilit\u00e9 garanties gr\u00e2ce \u00e0 une pi\u00e8ce de rechange authentique.<\/p>\n<p>&#8211; Installation facile\u00a0: Am\u00e9liorez la connectivit\u00e9 de votre appareil sans effort gr\u00e2ce \u00e0 une installation simple.<\/p>\n<p>&#8211; Connectivit\u00e9 am\u00e9lior\u00e9e\u00a0: B\u00e9n\u00e9ficiez de connexions commut\u00e9es stables et efficaces gr\u00e2ce \u00e0 ce modem de haute qualit\u00e9.<\/p>\n<p>&#8211; Construction durable\u00a0: Con\u00e7u pour durer, il garantit long\u00e9vit\u00e9 et performances fiables.<\/p>\n<p>Mettez \u00e0 niveau votre ordinateur portable IBM Thinkpad d\u00e8s aujourd&rsquo;hui avec le modem commut\u00e9 56K authentique. Achetez en toute confiance, sachant que vous investissez dans une pi\u00e8ce de rechange de qualit\u00e9 pour votre appareil. Pour toute question ou besoin d&rsquo;aide, n&rsquo;h\u00e9sitez pas \u00e0 nous contacter. Nous sommes l\u00e0 pour vous aider \u00e0 am\u00e9liorer les fonctionnalit\u00e9s de votre appareil.<\/p>\n","protected":false},"excerpt":{"rendered":"<p>Am\u00e9liorez votre IBM Thinkpad avec ce modem commut\u00e9 56K authentique. Facile \u00e0 installer et compatible avec la r\u00e9f\u00e9rence 39T0495. Am\u00e9liorez la connectivit\u00e9 de votre ordinateur portable d\u00e8s aujourd&rsquo;hui\u00a0!<\/p>\n","protected":false},"featured_media":14162,"template":"","meta":[],"product_brand":[],"product_cat":[63],"product_tag":[62],"class_list":{"0":"post-14112","1":"product","2":"type-product","3":"status-publish","4":"has-post-thumbnail","6":"product_cat-motherboards-board-parts","7":"product_tag-lenovo","9":"first","10":"instock","11":"taxable","12":"shipping-taxable","13":"purchasable","14":"product-type-simple"},"_links":{"self":[{"href":"https:\/\/boreait.com\/fr\/wp-json\/wp\/v2\/product\/14112","targetHints":{"allow":["GET"]}}],"collection":[{"href":"https:\/\/boreait.com\/fr\/wp-json\/wp\/v2\/product"}],"about":[{"href":"https:\/\/boreait.com\/fr\/wp-json\/wp\/v2\/types\/product"}],"wp:featuredmedia":[{"embeddable":true,"href":"https:\/\/boreait.com\/fr\/wp-json\/wp\/v2\/media\/14162"}],"wp:attachment":[{"href":"https:\/\/boreait.com\/fr\/wp-json\/wp\/v2\/media?parent=14112"}],"wp:term":[{"taxonomy":"product_brand","embeddable":true,"href":"https:\/\/boreait.com\/fr\/wp-json\/wp\/v2\/product_brand?post=14112"},{"taxonomy":"product_cat","embeddable":true,"href":"https:\/\/boreait.com\/fr\/wp-json\/wp\/v2\/product_cat?post=14112"},{"taxonomy":"product_tag","embeddable":true,"href":"https:\/\/boreait.com\/fr\/wp-json\/wp\/v2\/product_tag?post=14112"}],"curies":[{"name":"wp","href":"https:\/\/api.w.org\/{rel}","templated":true}]}}