{"id":14092,"date":"2025-09-15T16:52:41","date_gmt":"2025-09-15T14:52:41","guid":{"rendered":"https:\/\/boreait.com\/fr\/?post_type=product&#038;p=14092"},"modified":"2025-09-15T16:53:56","modified_gmt":"2025-09-15T14:53:56","slug":"cadre-decran-dorigine-lenovo-thinkpad-t430s-0a86539","status":"publish","type":"product","link":"https:\/\/boreait.com\/fr\/produit\/cadre-decran-dorigine-lenovo-thinkpad-t430s-0a86539\/","title":{"rendered":"Cadre d&rsquo;\u00e9cran d&rsquo;origine Lenovo ThinkPad T430s 0a86539"},"content":{"rendered":"<p>Am\u00e9liorez l&rsquo;apparence et la durabilit\u00e9 de votre ordinateur portable Lenovo ThinkPad T430s avec le cadre d&rsquo;\u00e9cran et le contour d&rsquo;\u00e9cran d&rsquo;origine. Fabriqu\u00e9 avec pr\u00e9cision et fiabilit\u00e9, cette pi\u00e8ce de rechange authentique garantit un ajustement parfait et une int\u00e9gration parfaite \u00e0 votre appareil. R\u00e9f.\u00a0: 0a86539<\/p>\n<p>Principales caract\u00e9ristiques\u00a0:<\/p>\n<p>&#8211; Pi\u00e8ce de rechange Lenovo d&rsquo;origine\u00a0: Compatibilit\u00e9 et fiabilit\u00e9 assur\u00e9es gr\u00e2ce \u00e0 une pi\u00e8ce de rechange authentique.<\/p>\n<p>&#8211; Installation facile\u00a0: Am\u00e9liorez l&rsquo;esth\u00e9tique de votre ordinateur portable en toute simplicit\u00e9.<\/p>\n<p>&#8211; Apparence am\u00e9lior\u00e9e\u00a0: Transformez l&rsquo;apparence de votre Lenovo ThinkPad T430s avec ce cadre d&rsquo;\u00e9cran \u00e9l\u00e9gant.<\/p>\n<p>&#8211; Construction durable\u00a0: Prot\u00e9gez l&rsquo;\u00e9cran de la poussi\u00e8re, des d\u00e9bris et des dommages potentiels gr\u00e2ce \u00e0 ce cadre d&rsquo;\u00e9cran robuste.<\/p>\n<p>Am\u00e9liorez votre ordinateur portable Lenovo ThinkPad T430s d\u00e8s aujourd&rsquo;hui avec le cadre d&rsquo;\u00e9cran et le contour d&rsquo;\u00e9cran d&rsquo;origine. Achetez en toute confiance, sachant que vous investissez dans une pi\u00e8ce de rechange de qualit\u00e9 pour votre appareil. Pour toute question ou besoin d&rsquo;aide, n&rsquo;h\u00e9sitez pas \u00e0 nous contacter. Nous sommes l\u00e0 pour vous aider \u00e0 am\u00e9liorer l&rsquo;esth\u00e9tique et la fonctionnalit\u00e9 de votre appareil.<\/p>\n","protected":false},"excerpt":{"rendered":"<p>Sublimez l&rsquo;apparence de votre Lenovo ThinkPad T430s avec ce cadre d&rsquo;\u00e9cran d&rsquo;origine. Facile \u00e0 installer et compatible avec votre appareil, il sublimera votre ordinateur portable d\u00e8s aujourd&rsquo;hui\u00a0!<\/p>\n","protected":false},"featured_media":14150,"template":"","meta":[],"product_brand":[],"product_cat":[52],"product_tag":[62],"class_list":{"0":"post-14092","1":"product","2":"type-product","3":"status-publish","4":"has-post-thumbnail","6":"product_cat-laptop-housing","7":"product_tag-lenovo","9":"first","10":"instock","11":"taxable","12":"shipping-taxable","13":"purchasable","14":"product-type-simple"},"_links":{"self":[{"href":"https:\/\/boreait.com\/fr\/wp-json\/wp\/v2\/product\/14092","targetHints":{"allow":["GET"]}}],"collection":[{"href":"https:\/\/boreait.com\/fr\/wp-json\/wp\/v2\/product"}],"about":[{"href":"https:\/\/boreait.com\/fr\/wp-json\/wp\/v2\/types\/product"}],"wp:featuredmedia":[{"embeddable":true,"href":"https:\/\/boreait.com\/fr\/wp-json\/wp\/v2\/media\/14150"}],"wp:attachment":[{"href":"https:\/\/boreait.com\/fr\/wp-json\/wp\/v2\/media?parent=14092"}],"wp:term":[{"taxonomy":"product_brand","embeddable":true,"href":"https:\/\/boreait.com\/fr\/wp-json\/wp\/v2\/product_brand?post=14092"},{"taxonomy":"product_cat","embeddable":true,"href":"https:\/\/boreait.com\/fr\/wp-json\/wp\/v2\/product_cat?post=14092"},{"taxonomy":"product_tag","embeddable":true,"href":"https:\/\/boreait.com\/fr\/wp-json\/wp\/v2\/product_tag?post=14092"}],"curies":[{"name":"wp","href":"https:\/\/api.w.org\/{rel}","templated":true}]}}