{"id":14090,"date":"2025-09-15T16:52:41","date_gmt":"2025-09-15T14:52:41","guid":{"rendered":"https:\/\/boreait.com\/fr\/?post_type=product&#038;p=14090"},"modified":"2025-09-15T16:53:44","modified_gmt":"2025-09-15T14:53:44","slug":"couvercle-de-boitier-daffichage-lcd-dorigine-pour-lenovo-thinkpad-t430s","status":"publish","type":"product","link":"https:\/\/boreait.com\/fr\/produit\/couvercle-de-boitier-daffichage-lcd-dorigine-pour-lenovo-thinkpad-t430s\/","title":{"rendered":"Couvercle de bo\u00eetier d&rsquo;affichage LCD d&rsquo;origine pour Lenovo ThinkPad T430s"},"content":{"rendered":"<p>Am\u00e9liorez l&rsquo;apparence et la durabilit\u00e9 de votre ordinateur portable Lenovo ThinkPad T430s avec le couvercle d&rsquo;\u00e9cran LCD d&rsquo;origine. Con\u00e7ue pour la pr\u00e9cision et la fiabilit\u00e9, cette pi\u00e8ce de rechange authentique garantit des performances optimales et une installation facile.<\/p>\n<p>Principales caract\u00e9ristiques\u00a0:<\/p>\n<p>&#8211; Pi\u00e8ce de rechange Lenovo d&rsquo;origine\u00a0: Compatibilit\u00e9 et fiabilit\u00e9 garanties avec une pi\u00e8ce de rechange authentique.<\/p>\n<p>&#8211; Installation facile\u00a0: Am\u00e9liorez l&rsquo;apparence de votre ordinateur portable sans effort gr\u00e2ce \u00e0 une installation simple.<\/p>\n<p>&#8211; Protection renforc\u00e9e\u00a0: Prot\u00e9gez l&rsquo;\u00e9cran de votre ordinateur portable avec ce couvercle durable et robuste.<\/p>\n<p>&#8211; Compatibilit\u00e9\u00a0: Compatible avec diff\u00e9rents mod\u00e8les Lenovo ThinkPad T430s pour une utilisation polyvalente.<\/p>\n<p>Am\u00e9liorez votre ordinateur portable Lenovo ThinkPad T430s d\u00e8s aujourd&rsquo;hui avec le couvercle d&rsquo;\u00e9cran LCD d&rsquo;origine. Achetez en toute confiance, sachant que vous investissez dans une pi\u00e8ce de rechange de qualit\u00e9 pour votre appareil. Pour toute question ou besoin d&rsquo;aide, n&rsquo;h\u00e9sitez pas \u00e0 nous contacter. Nous sommes l\u00e0 pour vous aider \u00e0 am\u00e9liorer l&rsquo;apparence et les fonctionnalit\u00e9s de votre ordinateur portable.<\/p>\n","protected":false},"excerpt":{"rendered":"<p>Am\u00e9liorez l&rsquo;apparence de votre Lenovo ThinkPad T430s avec ce couvercle d&rsquo;\u00e9cran LCD d&rsquo;origine. Facile \u00e0 installer et compatible avec de nombreux mod\u00e8les, il embellira votre ordinateur portable et prot\u00e9gera son \u00e9cran d\u00e8s aujourd&rsquo;hui\u00a0!<\/p>\n","protected":false},"featured_media":14146,"template":"","meta":[],"product_brand":[],"product_cat":[52],"product_tag":[62],"class_list":{"0":"post-14090","1":"product","2":"type-product","3":"status-publish","4":"has-post-thumbnail","6":"product_cat-laptop-housing","7":"product_tag-lenovo","9":"first","10":"instock","11":"taxable","12":"shipping-taxable","13":"purchasable","14":"product-type-simple"},"_links":{"self":[{"href":"https:\/\/boreait.com\/fr\/wp-json\/wp\/v2\/product\/14090","targetHints":{"allow":["GET"]}}],"collection":[{"href":"https:\/\/boreait.com\/fr\/wp-json\/wp\/v2\/product"}],"about":[{"href":"https:\/\/boreait.com\/fr\/wp-json\/wp\/v2\/types\/product"}],"wp:featuredmedia":[{"embeddable":true,"href":"https:\/\/boreait.com\/fr\/wp-json\/wp\/v2\/media\/14146"}],"wp:attachment":[{"href":"https:\/\/boreait.com\/fr\/wp-json\/wp\/v2\/media?parent=14090"}],"wp:term":[{"taxonomy":"product_brand","embeddable":true,"href":"https:\/\/boreait.com\/fr\/wp-json\/wp\/v2\/product_brand?post=14090"},{"taxonomy":"product_cat","embeddable":true,"href":"https:\/\/boreait.com\/fr\/wp-json\/wp\/v2\/product_cat?post=14090"},{"taxonomy":"product_tag","embeddable":true,"href":"https:\/\/boreait.com\/fr\/wp-json\/wp\/v2\/product_tag?post=14090"}],"curies":[{"name":"wp","href":"https:\/\/api.w.org\/{rel}","templated":true}]}}